{"id":1038,"date":"2024-06-24T16:07:18","date_gmt":"2024-06-24T14:07:18","guid":{"rendered":"https:\/\/bia4all.eu\/hu\/?page_id=1038"},"modified":"2024-09-25T10:55:14","modified_gmt":"2024-09-25T08:55:14","slug":"curriculum-9-12-evesek","status":"publish","type":"page","link":"https:\/\/bia4all.eu\/hu\/curriculum-9-12-evesek\/","title":{"rendered":"Curriculum 9-12 \u00e9ves di\u00e1kok sz\u00e1m\u00e1ra"},"content":{"rendered":"\t\t<div data-elementor-type=\"wp-page\" data-elementor-id=\"1038\" class=\"elementor elementor-1038\" data-elementor-post-type=\"page\">\n\t\t\t\t\t\t<section class=\"elementor-section elementor-top-section elementor-element elementor-element-d4104ae elementor-section-boxed elementor-section-height-default elementor-section-height-default\" data-id=\"d4104ae\" data-element_type=\"section\">\n\t\t\t\t\t\t<div class=\"elementor-container elementor-column-gap-default\">\n\t\t\t\t\t<div class=\"elementor-column elementor-col-100 elementor-top-column elementor-element elementor-element-c075678\" data-id=\"c075678\" data-element_type=\"column\">\n\t\t\t<div class=\"elementor-widget-wrap elementor-element-populated\">\n\t\t\t\t\t\t<div class=\"elementor-element elementor-element-af2a6ac elementor-widget elementor-widget-spacer\" data-id=\"af2a6ac\" data-element_type=\"widget\" data-widget_type=\"spacer.default\">\n\t\t\t\t<div class=\"elementor-widget-container\">\n\t\t\t\t\t<div class=\"elementor-spacer\">\n\t\t\t<div class=\"elementor-spacer-inner\"><\/div>\n\t\t<\/div>\n\t\t\t\t<\/div>\n\t\t\t\t<\/div>\n\t\t\t\t\t<\/div>\n\t\t<\/div>\n\t\t\t\t\t<\/div>\n\t\t<\/section>\n\t\t\t\t<section class=\"elementor-section elementor-top-section elementor-element elementor-element-2d17be5 elementor-section-boxed elementor-section-height-default elementor-section-height-default\" data-id=\"2d17be5\" data-element_type=\"section\">\n\t\t\t\t\t\t<div class=\"elementor-container elementor-column-gap-default\">\n\t\t\t\t\t<div class=\"elementor-column elementor-col-100 elementor-top-column elementor-element elementor-element-8233442\" data-id=\"8233442\" data-element_type=\"column\">\n\t\t\t<div class=\"elementor-widget-wrap elementor-element-populated\">\n\t\t\t\t\t\t<div class=\"elementor-element elementor-element-82396b6 elementor-widget elementor-widget-heading\" data-id=\"82396b6\" data-element_type=\"widget\" data-widget_type=\"heading.default\">\n\t\t\t\t<div class=\"elementor-widget-container\">\n\t\t\t<h1 class=\"elementor-heading-title elementor-size-default\">Curriculum 9-12 \u00e9ves di\u00e1kok sz\u00e1m\u00e1ra<\/h1>\t\t<\/div>\n\t\t\t\t<\/div>\n\t\t\t\t\t<\/div>\n\t\t<\/div>\n\t\t\t\t\t<\/div>\n\t\t<\/section>\n\t\t\t\t<section class=\"elementor-section elementor-top-section elementor-element elementor-element-5c15ced elementor-section-boxed elementor-section-height-default elementor-section-height-default\" data-id=\"5c15ced\" data-element_type=\"section\">\n\t\t\t\t\t\t<div class=\"elementor-container elementor-column-gap-default\">\n\t\t\t\t\t<div class=\"elementor-column elementor-col-100 elementor-top-column elementor-element elementor-element-5a1ca7b\" data-id=\"5a1ca7b\" data-element_type=\"column\">\n\t\t\t<div class=\"elementor-widget-wrap elementor-element-populated\">\n\t\t\t\t\t\t<div class=\"elementor-element elementor-element-8a5ab76 elementor-widget elementor-widget-spacer\" data-id=\"8a5ab76\" data-element_type=\"widget\" data-widget_type=\"spacer.default\">\n\t\t\t\t<div class=\"elementor-widget-container\">\n\t\t\t\t\t<div class=\"elementor-spacer\">\n\t\t\t<div class=\"elementor-spacer-inner\"><\/div>\n\t\t<\/div>\n\t\t\t\t<\/div>\n\t\t\t\t<\/div>\n\t\t\t\t\t<\/div>\n\t\t<\/div>\n\t\t\t\t\t<\/div>\n\t\t<\/section>\n\t\t\t\t<section class=\"elementor-section elementor-top-section elementor-element elementor-element-31b69a8c elementor-section-boxed elementor-section-height-default elementor-section-height-default\" data-id=\"31b69a8c\" data-element_type=\"section\">\n\t\t\t\t\t\t<div class=\"elementor-container elementor-column-gap-default\">\n\t\t\t\t\t<div class=\"elementor-column elementor-col-50 elementor-top-column elementor-element elementor-element-6f4a1fbd\" data-id=\"6f4a1fbd\" data-element_type=\"column\">\n\t\t\t<div class=\"elementor-widget-wrap elementor-element-populated\">\n\t\t\t\t\t\t<div class=\"elementor-element elementor-element-ae9b111 elementor-widget elementor-widget-image\" data-id=\"ae9b111\" data-element_type=\"widget\" data-widget_type=\"image.default\">\n\t\t\t\t<div class=\"elementor-widget-container\">\n\t\t\t\t\t\t\t\t\t\t\t\t\t\t<a href=\"https:\/\/www.szkolazklasa.org.pl\/?smd_process_download=1&#038;download_id=19475\" target=\"_blank\">\n\t\t\t\t\t\t\t<img fetchpriority=\"high\" decoding=\"async\" width=\"770\" height=\"572\" src=\"https:\/\/bia4all.eu\/hu\/wp-content\/uploads\/sites\/12\/2024\/09\/BIA-HU-material-curriculum-9-12-1024x761.png\" class=\"elementor-animation-grow attachment-large size-large wp-image-2389\" alt=\"Curriculum 9-12 \u00e9ves di\u00e1kok sz\u00e1m\u00e1ra\" srcset=\"https:\/\/bia4all.eu\/hu\/wp-content\/uploads\/sites\/12\/2024\/09\/BIA-HU-material-curriculum-9-12-1024x761.png 1024w, https:\/\/bia4all.eu\/hu\/wp-content\/uploads\/sites\/12\/2024\/09\/BIA-HU-material-curriculum-9-12-300x223.png 300w, https:\/\/bia4all.eu\/hu\/wp-content\/uploads\/sites\/12\/2024\/09\/BIA-HU-material-curriculum-9-12-768x571.png 768w, https:\/\/bia4all.eu\/hu\/wp-content\/uploads\/sites\/12\/2024\/09\/BIA-HU-material-curriculum-9-12.png 1164w\" sizes=\"(max-width: 770px) 100vw, 770px\" \/>\t\t\t\t\t\t\t\t<\/a>\n\t\t\t\t\t\t\t\t\t\t\t\t\t<\/div>\n\t\t\t\t<\/div>\n\t\t\t\t\t<\/div>\n\t\t<\/div>\n\t\t\t\t<div class=\"elementor-column elementor-col-50 elementor-top-column elementor-element elementor-element-69dfc33f\" data-id=\"69dfc33f\" data-element_type=\"column\">\n\t\t\t<div class=\"elementor-widget-wrap elementor-element-populated\">\n\t\t\t\t\t\t<div class=\"elementor-element elementor-element-751627d2 elementor-widget elementor-widget-text-editor\" data-id=\"751627d2\" data-element_type=\"widget\" data-widget_type=\"text-editor.default\">\n\t\t\t\t<div class=\"elementor-widget-container\">\n\t\t\t\t\t\t\t<p><span style=\"font-weight: 400;\">\u00dcdv\u00f6z\u00f6lj\u00fck a Be Internet Awesome curriculumban, amely a Google.org, The Net Safety Collaborative \u00e9s az Internet Keep Safe Coalition egy\u00fcttm\u0171k\u00f6d\u00e9s\u00e9ben j\u00f6tt l\u00e9tre<\/span><\/p><p><span style=\"font-weight: 400;\">Ez a curriculum 9-12 \u00e9ves di\u00e1kok sz\u00e1m\u00e1ra k\u00e9sz\u00fclt, azonban az id\u0151sebb \u00e9s fiatalabb di\u00e1kokkal foglalkoz\u00f3 pedag\u00f3gusok \u00e9rt\u00e9ket tal\u00e1ltak e forr\u00e1sokban, k\u00fcl\u00f6n\u00f6sen a kulcssz\u00f3kincs, az oszt\u00e1lybesz\u00e9lget\u00e9sek (amely az \u00e9letkorhoz igaz\u00edthat\u00f3) \u00e9s a j\u00e1t\u00e9kmenet tekintet\u00e9ben. Arra b\u00e1tor\u00edtjuk, hogy k\u00eds\u00e9rletezzen \u00e9s tal\u00e1lja meg, mi m\u0171k\u00f6dik a legjobban a tanul\u00f3i sz\u00e1m\u00e1ra, ak\u00e1r ez a tananyag elej\u00e9t\u0151l a v\u00e9g\u00e9ig t\u00f6rt\u00e9n\u0151 elv\u00e9gz\u00e9s\u00e9t, ak\u00e1r egy vagy k\u00e9t leck\u00e9nek amelyre a di\u00e1koknak legink\u00e1bb sz\u00fcks\u00e9g\u00fck van elm\u00e9ly\u00fcl\u00e9s\u00e9t jelenti.<\/span><\/p>\t\t\t\t\t\t<\/div>\n\t\t\t\t<\/div>\n\t\t\t\t<div class=\"elementor-element elementor-element-5c95f61d elementor-widget elementor-widget-button\" data-id=\"5c95f61d\" data-element_type=\"widget\" data-widget_type=\"button.default\">\n\t\t\t\t<div class=\"elementor-widget-container\">\n\t\t\t\t\t<div class=\"elementor-button-wrapper\">\n\t\t\t<a class=\"elementor-button elementor-button-link elementor-size-md\" href=\"https:\/\/www.szkolazklasa.org.pl\/?smd_process_download=1&#038;download_id=19475\" target=\"_blank\">\n\t\t\t\t\t\t<span class=\"elementor-button-content-wrapper\">\n\t\t\t\t\t\t\t\t\t<span class=\"elementor-button-text\">LET\u00d6LT\u00c9S<\/span>\n\t\t\t\t\t<\/span>\n\t\t\t\t\t<\/a>\n\t\t<\/div>\n\t\t\t\t<\/div>\n\t\t\t\t<\/div>\n\t\t\t\t\t<\/div>\n\t\t<\/div>\n\t\t\t\t\t<\/div>\n\t\t<\/section>\n\t\t\t\t<section class=\"elementor-section elementor-top-section elementor-element elementor-element-c6d5900 elementor-section-boxed elementor-section-height-default elementor-section-height-default\" data-id=\"c6d5900\" data-element_type=\"section\">\n\t\t\t\t\t\t<div class=\"elementor-container elementor-column-gap-default\">\n\t\t\t\t\t<div class=\"elementor-column elementor-col-100 elementor-top-column elementor-element elementor-element-991cc84\" data-id=\"991cc84\" data-element_type=\"column\">\n\t\t\t<div class=\"elementor-widget-wrap elementor-element-populated\">\n\t\t\t\t\t\t<div class=\"elementor-element elementor-element-c4b84f3 elementor-widget elementor-widget-spacer\" data-id=\"c4b84f3\" data-element_type=\"widget\" data-widget_type=\"spacer.default\">\n\t\t\t\t<div class=\"elementor-widget-container\">\n\t\t\t\t\t<div class=\"elementor-spacer\">\n\t\t\t<div class=\"elementor-spacer-inner\"><\/div>\n\t\t<\/div>\n\t\t\t\t<\/div>\n\t\t\t\t<\/div>\n\t\t\t\t<div class=\"elementor-element elementor-element-2400205 elementor-widget elementor-widget-text-editor\" data-id=\"2400205\" data-element_type=\"widget\" data-widget_type=\"text-editor.default\">\n\t\t\t\t<div class=\"elementor-widget-container\">\n\t\t\t\t\t\t\t<p><span style=\"font-weight: 400;\">Tov\u00e1bbi inform\u00e1ci\u00f3 a<\/span>\u00a0<strong><a href=\"https:\/\/eng.szkolazklasa.org.pl\/materialy\/be-internet-awesome-curriculum-for-teachers-and-educators-of-students-aged-9-12\/\" target=\"_blank\" rel=\"noopener\">Be Internet Awesome curriculumr\u00f3l 9-12 \u00e9ves di\u00e1kok tan\u00e1rai \u00e9s pedag\u00f3gusai sz\u00e1m\u00e1ra<\/a><\/strong>.<\/p>\t\t\t\t\t\t<\/div>\n\t\t\t\t<\/div>\n\t\t\t\t\t<\/div>\n\t\t<\/div>\n\t\t\t\t\t<\/div>\n\t\t<\/section>\n\t\t\t\t<\/div>\n\t\t","protected":false},"excerpt":{"rendered":"<p>Curriculum 9-12 \u00e9ves di\u00e1kok sz\u00e1m\u00e1ra \u00dcdv\u00f6z\u00f6lj\u00fck a Be Internet Awesome curriculumban, amely a Google.org, The Net Safety Collaborative \u00e9s az Internet Keep Safe Coalition egy\u00fcttm\u0171k\u00f6d\u00e9s\u00e9ben j\u00f6tt l\u00e9tre Ez a curriculum 9-12 \u00e9ves di\u00e1kok sz\u00e1m\u00e1ra k\u00e9sz\u00fclt, azonban az id\u0151sebb \u00e9s fiatalabb di\u00e1kokkal foglalkoz\u00f3 pedag\u00f3gusok \u00e9rt\u00e9ket tal\u00e1ltak e forr\u00e1sokban, k\u00fcl\u00f6n\u00f6sen a kulcssz\u00f3kincs, az oszt\u00e1lybesz\u00e9lget\u00e9sek (amely az \u00e9letkorhoz&hellip; <a href=\"https:\/\/bia4all.eu\/hu\/curriculum-9-12-evesek\/\">Continue reading&#8230;<\/a><\/p>\n","protected":false},"author":4,"featured_media":2206,"parent":0,"menu_order":0,"comment_status":"closed","ping_status":"closed","template":"templates\/elementor-tpl.php","meta":{"inline_featured_image":false,"footnotes":""},"class_list":["post-1038","page","type-page","status-publish","has-post-thumbnail","hentry"],"acf":[],"yoast_head":"<!-- This site is optimized with the Yoast SEO plugin v23.0 - https:\/\/yoast.com\/wordpress\/plugins\/seo\/ -->\n<title>Curriculum 9-12 \u00e9ves di\u00e1kok sz\u00e1m\u00e1ra | Be Internet Awesome For All HU<\/title>\n<meta name=\"description\" content=\"A 9-12 \u00e9ves tanul\u00f3knak sz\u00f3l\u00f3 curriculum, amely t\u00e1mogatja a tan\u00e1rokat az internet biztons\u00e1gos haszn\u00e1lat\u00e1nak tan\u00edt\u00e1s\u00e1ban.\" \/>\n<meta name=\"robots\" content=\"index, follow, max-snippet:-1, max-image-preview:large, max-video-preview:-1\" \/>\n<link rel=\"canonical\" href=\"https:\/\/bia4all.eu\/hu\/curriculum-9-12-evesek\/\" \/>\n<meta property=\"og:locale\" content=\"pl_PL\" \/>\n<meta property=\"og:type\" content=\"article\" \/>\n<meta property=\"og:title\" content=\"Be Internet Awesome For All - Curriculum 9-12 \u00e9ves di\u00e1kok sz\u00e1m\u00e1ra\" \/>\n<meta property=\"og:description\" content=\"A 9-12 \u00e9ves tanul\u00f3knak sz\u00f3l\u00f3 curriculum, amely t\u00e1mogatja a tan\u00e1rokat az internet biztons\u00e1gos haszn\u00e1lat\u00e1nak tan\u00edt\u00e1s\u00e1ban.\" \/>\n<meta property=\"og:url\" content=\"https:\/\/bia4all.eu\/hu\/curriculum-9-12-evesek\/\" \/>\n<meta property=\"og:site_name\" content=\"HU\" \/>\n<meta property=\"article:modified_time\" content=\"2024-09-25T08:55:14+00:00\" \/>\n<meta property=\"og:image\" content=\"https:\/\/bia4all.eu\/hu\/wp-content\/uploads\/sites\/12\/2024\/09\/BIA-HU-yoast-curriculum-9-12.jpg\" \/>\n\t<meta property=\"og:image:width\" content=\"1200\" \/>\n\t<meta property=\"og:image:height\" content=\"628\" \/>\n\t<meta property=\"og:image:type\" content=\"image\/jpeg\" \/>\n<meta name=\"twitter:card\" content=\"summary_large_image\" \/>\n<meta name=\"twitter:title\" content=\"Be Internet Awesome For All - Curriculum 9-12 \u00e9ves di\u00e1kok sz\u00e1m\u00e1ra\" \/>\n<meta name=\"twitter:description\" content=\"A 9-12 \u00e9ves tanul\u00f3knak sz\u00f3l\u00f3 curriculum, amely t\u00e1mogatja a tan\u00e1rokat az internet biztons\u00e1gos haszn\u00e1lat\u00e1nak tan\u00edt\u00e1s\u00e1ban.\" \/>\n<meta name=\"twitter:image\" content=\"https:\/\/bia4all.eu\/hu\/wp-content\/uploads\/sites\/12\/2024\/09\/BIA-HU-yoast-curriculum-9-12.jpg\" \/>\n<meta name=\"twitter:label1\" content=\"Szacowany czas czytania\" \/>\n\t<meta name=\"twitter:data1\" content=\"2 minuty\" \/>\n<script type=\"application\/ld+json\" class=\"yoast-schema-graph\">{\"@context\":\"https:\/\/schema.org\",\"@graph\":[{\"@type\":\"WebPage\",\"@id\":\"https:\/\/bia4all.eu\/hu\/curriculum-9-12-evesek\/\",\"url\":\"https:\/\/bia4all.eu\/hu\/curriculum-9-12-evesek\/\",\"name\":\"Curriculum 9-12 \u00e9ves di\u00e1kok sz\u00e1m\u00e1ra - HU\",\"isPartOf\":{\"@id\":\"https:\/\/bia4all.eu\/hu\/#website\"},\"primaryImageOfPage\":{\"@id\":\"https:\/\/bia4all.eu\/hu\/curriculum-9-12-evesek\/#primaryimage\"},\"image\":{\"@id\":\"https:\/\/bia4all.eu\/hu\/curriculum-9-12-evesek\/#primaryimage\"},\"thumbnailUrl\":\"https:\/\/bia4all.eu\/hu\/wp-content\/uploads\/sites\/12\/2024\/09\/BIA-HU-main-curriculum-6-9.jpg\",\"datePublished\":\"2024-06-24T14:07:18+00:00\",\"dateModified\":\"2024-09-25T08:55:14+00:00\",\"description\":\"A 9-12 \u00e9ves tanul\u00f3knak sz\u00f3l\u00f3 curriculum, amely t\u00e1mogatja a tan\u00e1rokat az internet biztons\u00e1gos haszn\u00e1lat\u00e1nak tan\u00edt\u00e1s\u00e1ban.\",\"breadcrumb\":{\"@id\":\"https:\/\/bia4all.eu\/hu\/curriculum-9-12-evesek\/#breadcrumb\"},\"inLanguage\":\"pl-PL\",\"potentialAction\":[{\"@type\":\"ReadAction\",\"target\":[\"https:\/\/bia4all.eu\/hu\/curriculum-9-12-evesek\/\"]}]},{\"@type\":\"ImageObject\",\"inLanguage\":\"pl-PL\",\"@id\":\"https:\/\/bia4all.eu\/hu\/curriculum-9-12-evesek\/#primaryimage\",\"url\":\"https:\/\/bia4all.eu\/hu\/wp-content\/uploads\/sites\/12\/2024\/09\/BIA-HU-main-curriculum-6-9.jpg\",\"contentUrl\":\"https:\/\/bia4all.eu\/hu\/wp-content\/uploads\/sites\/12\/2024\/09\/BIA-HU-main-curriculum-6-9.jpg\",\"width\":600,\"height\":600,\"caption\":\"curriculum 9-12 \u00e9vesek\"},{\"@type\":\"BreadcrumbList\",\"@id\":\"https:\/\/bia4all.eu\/hu\/curriculum-9-12-evesek\/#breadcrumb\",\"itemListElement\":[{\"@type\":\"ListItem\",\"position\":1,\"name\":\"Strona g\u0142\u00f3wna\",\"item\":\"https:\/\/bia4all.eu\/hu\/\"},{\"@type\":\"ListItem\",\"position\":2,\"name\":\"Curriculum 9-12 \u00e9ves di\u00e1kok sz\u00e1m\u00e1ra\"}]},{\"@type\":\"WebSite\",\"@id\":\"https:\/\/bia4all.eu\/hu\/#website\",\"url\":\"https:\/\/bia4all.eu\/hu\/\",\"name\":\"HU\",\"description\":\"Be Internet Awesome For All HU\",\"potentialAction\":[{\"@type\":\"SearchAction\",\"target\":{\"@type\":\"EntryPoint\",\"urlTemplate\":\"https:\/\/bia4all.eu\/hu\/?s={search_term_string}\"},\"query-input\":\"required name=search_term_string\"}],\"inLanguage\":\"pl-PL\"}]}<\/script>\n<!-- \/ Yoast SEO plugin. -->","yoast_head_json":{"title":"Curriculum 9-12 \u00e9ves di\u00e1kok sz\u00e1m\u00e1ra | Be Internet Awesome For All HU","description":"A 9-12 \u00e9ves tanul\u00f3knak sz\u00f3l\u00f3 curriculum, amely t\u00e1mogatja a tan\u00e1rokat az internet biztons\u00e1gos haszn\u00e1lat\u00e1nak tan\u00edt\u00e1s\u00e1ban.","robots":{"index":"index","follow":"follow","max-snippet":"max-snippet:-1","max-image-preview":"max-image-preview:large","max-video-preview":"max-video-preview:-1"},"canonical":"https:\/\/bia4all.eu\/hu\/curriculum-9-12-evesek\/","og_locale":"pl_PL","og_type":"article","og_title":"Be Internet Awesome For All - Curriculum 9-12 \u00e9ves di\u00e1kok sz\u00e1m\u00e1ra","og_description":"A 9-12 \u00e9ves tanul\u00f3knak sz\u00f3l\u00f3 curriculum, amely t\u00e1mogatja a tan\u00e1rokat az internet biztons\u00e1gos haszn\u00e1lat\u00e1nak tan\u00edt\u00e1s\u00e1ban.","og_url":"https:\/\/bia4all.eu\/hu\/curriculum-9-12-evesek\/","og_site_name":"HU","article_modified_time":"2024-09-25T08:55:14+00:00","og_image":[{"width":1200,"height":628,"url":"https:\/\/bia4all.eu\/hu\/wp-content\/uploads\/sites\/12\/2024\/09\/BIA-HU-yoast-curriculum-9-12.jpg","type":"image\/jpeg"}],"twitter_card":"summary_large_image","twitter_title":"Be Internet Awesome For All - Curriculum 9-12 \u00e9ves di\u00e1kok sz\u00e1m\u00e1ra","twitter_description":"A 9-12 \u00e9ves tanul\u00f3knak sz\u00f3l\u00f3 curriculum, amely t\u00e1mogatja a tan\u00e1rokat az internet biztons\u00e1gos haszn\u00e1lat\u00e1nak tan\u00edt\u00e1s\u00e1ban.","twitter_image":"https:\/\/bia4all.eu\/hu\/wp-content\/uploads\/sites\/12\/2024\/09\/BIA-HU-yoast-curriculum-9-12.jpg","twitter_misc":{"Szacowany czas czytania":"2 minuty"},"schema":{"@context":"https:\/\/schema.org","@graph":[{"@type":"WebPage","@id":"https:\/\/bia4all.eu\/hu\/curriculum-9-12-evesek\/","url":"https:\/\/bia4all.eu\/hu\/curriculum-9-12-evesek\/","name":"Curriculum 9-12 \u00e9ves di\u00e1kok sz\u00e1m\u00e1ra - HU","isPartOf":{"@id":"https:\/\/bia4all.eu\/hu\/#website"},"primaryImageOfPage":{"@id":"https:\/\/bia4all.eu\/hu\/curriculum-9-12-evesek\/#primaryimage"},"image":{"@id":"https:\/\/bia4all.eu\/hu\/curriculum-9-12-evesek\/#primaryimage"},"thumbnailUrl":"https:\/\/bia4all.eu\/hu\/wp-content\/uploads\/sites\/12\/2024\/09\/BIA-HU-main-curriculum-6-9.jpg","datePublished":"2024-06-24T14:07:18+00:00","dateModified":"2024-09-25T08:55:14+00:00","description":"A 9-12 \u00e9ves tanul\u00f3knak sz\u00f3l\u00f3 curriculum, amely t\u00e1mogatja a tan\u00e1rokat az internet biztons\u00e1gos haszn\u00e1lat\u00e1nak tan\u00edt\u00e1s\u00e1ban.","breadcrumb":{"@id":"https:\/\/bia4all.eu\/hu\/curriculum-9-12-evesek\/#breadcrumb"},"inLanguage":"pl-PL","potentialAction":[{"@type":"ReadAction","target":["https:\/\/bia4all.eu\/hu\/curriculum-9-12-evesek\/"]}]},{"@type":"ImageObject","inLanguage":"pl-PL","@id":"https:\/\/bia4all.eu\/hu\/curriculum-9-12-evesek\/#primaryimage","url":"https:\/\/bia4all.eu\/hu\/wp-content\/uploads\/sites\/12\/2024\/09\/BIA-HU-main-curriculum-6-9.jpg","contentUrl":"https:\/\/bia4all.eu\/hu\/wp-content\/uploads\/sites\/12\/2024\/09\/BIA-HU-main-curriculum-6-9.jpg","width":600,"height":600,"caption":"curriculum 9-12 \u00e9vesek"},{"@type":"BreadcrumbList","@id":"https:\/\/bia4all.eu\/hu\/curriculum-9-12-evesek\/#breadcrumb","itemListElement":[{"@type":"ListItem","position":1,"name":"Strona g\u0142\u00f3wna","item":"https:\/\/bia4all.eu\/hu\/"},{"@type":"ListItem","position":2,"name":"Curriculum 9-12 \u00e9ves di\u00e1kok sz\u00e1m\u00e1ra"}]},{"@type":"WebSite","@id":"https:\/\/bia4all.eu\/hu\/#website","url":"https:\/\/bia4all.eu\/hu\/","name":"HU","description":"Be Internet Awesome For All HU","potentialAction":[{"@type":"SearchAction","target":{"@type":"EntryPoint","urlTemplate":"https:\/\/bia4all.eu\/hu\/?s={search_term_string}"},"query-input":"required name=search_term_string"}],"inLanguage":"pl-PL"}]}},"_links":{"self":[{"href":"https:\/\/bia4all.eu\/hu\/wp-json\/wp\/v2\/pages\/1038"}],"collection":[{"href":"https:\/\/bia4all.eu\/hu\/wp-json\/wp\/v2\/pages"}],"about":[{"href":"https:\/\/bia4all.eu\/hu\/wp-json\/wp\/v2\/types\/page"}],"author":[{"embeddable":true,"href":"https:\/\/bia4all.eu\/hu\/wp-json\/wp\/v2\/users\/4"}],"replies":[{"embeddable":true,"href":"https:\/\/bia4all.eu\/hu\/wp-json\/wp\/v2\/comments?post=1038"}],"version-history":[{"count":37,"href":"https:\/\/bia4all.eu\/hu\/wp-json\/wp\/v2\/pages\/1038\/revisions"}],"predecessor-version":[{"id":2400,"href":"https:\/\/bia4all.eu\/hu\/wp-json\/wp\/v2\/pages\/1038\/revisions\/2400"}],"wp:featuredmedia":[{"embeddable":true,"href":"https:\/\/bia4all.eu\/hu\/wp-json\/wp\/v2\/media\/2206"}],"wp:attachment":[{"href":"https:\/\/bia4all.eu\/hu\/wp-json\/wp\/v2\/media?parent=1038"}],"curies":[{"name":"wp","href":"https:\/\/api.w.org\/{rel}","templated":true}]}}