{"id":1015,"date":"2024-06-24T15:48:02","date_gmt":"2024-06-24T13:48:02","guid":{"rendered":"https:\/\/bia4all.eu\/lt\/?page_id=1015"},"modified":"2026-01-05T19:26:31","modified_gmt":"2026-01-05T18:26:31","slug":"mokymo-programa-6-9-metu-mokiniams","status":"publish","type":"page","link":"https:\/\/bia4all.eu\/lt\/mokymo-programa-6-9-metu-mokiniams\/","title":{"rendered":"Mokymo programa 6\u20139 met\u0173 mokiniams"},"content":{"rendered":"\t\t<div data-elementor-type=\"wp-page\" data-elementor-id=\"1015\" class=\"elementor elementor-1015\" data-elementor-post-type=\"page\">\n\t\t\t\t\t\t<section class=\"elementor-section elementor-top-section elementor-element elementor-element-24a7d07 elementor-section-boxed elementor-section-height-default elementor-section-height-default\" data-id=\"24a7d07\" data-element_type=\"section\">\n\t\t\t\t\t\t<div class=\"elementor-container elementor-column-gap-default\">\n\t\t\t\t\t<div class=\"elementor-column elementor-col-100 elementor-top-column elementor-element elementor-element-a6b9ba1\" data-id=\"a6b9ba1\" data-element_type=\"column\">\n\t\t\t<div class=\"elementor-widget-wrap elementor-element-populated\">\n\t\t\t\t\t\t<div class=\"elementor-element elementor-element-c815554 elementor-widget elementor-widget-spacer\" data-id=\"c815554\" data-element_type=\"widget\" data-widget_type=\"spacer.default\">\n\t\t\t\t<div class=\"elementor-widget-container\">\n\t\t\t\t\t<div class=\"elementor-spacer\">\n\t\t\t<div class=\"elementor-spacer-inner\"><\/div>\n\t\t<\/div>\n\t\t\t\t<\/div>\n\t\t\t\t<\/div>\n\t\t\t\t\t<\/div>\n\t\t<\/div>\n\t\t\t\t\t<\/div>\n\t\t<\/section>\n\t\t\t\t<section class=\"elementor-section elementor-top-section elementor-element elementor-element-ba6202e elementor-section-boxed elementor-section-height-default elementor-section-height-default\" data-id=\"ba6202e\" data-element_type=\"section\">\n\t\t\t\t\t\t<div class=\"elementor-container elementor-column-gap-default\">\n\t\t\t\t\t<div class=\"elementor-column elementor-col-100 elementor-top-column elementor-element elementor-element-2380c3d\" data-id=\"2380c3d\" data-element_type=\"column\">\n\t\t\t<div class=\"elementor-widget-wrap elementor-element-populated\">\n\t\t\t\t\t\t<div class=\"elementor-element elementor-element-6ac8df6 elementor-widget elementor-widget-heading\" data-id=\"6ac8df6\" data-element_type=\"widget\" data-widget_type=\"heading.default\">\n\t\t\t\t<div class=\"elementor-widget-container\">\n\t\t\t<h1 class=\"elementor-heading-title elementor-size-default\">Mokymo programa 6\u20139 met\u0173 mokiniams<\/h1>\t\t<\/div>\n\t\t\t\t<\/div>\n\t\t\t\t\t<\/div>\n\t\t<\/div>\n\t\t\t\t\t<\/div>\n\t\t<\/section>\n\t\t\t\t<section class=\"elementor-section elementor-top-section elementor-element elementor-element-376ac67 elementor-section-boxed elementor-section-height-default elementor-section-height-default\" data-id=\"376ac67\" data-element_type=\"section\">\n\t\t\t\t\t\t<div class=\"elementor-container elementor-column-gap-default\">\n\t\t\t\t\t<div class=\"elementor-column elementor-col-100 elementor-top-column elementor-element elementor-element-e15c3c7\" data-id=\"e15c3c7\" data-element_type=\"column\">\n\t\t\t<div class=\"elementor-widget-wrap elementor-element-populated\">\n\t\t\t\t\t\t<div class=\"elementor-element elementor-element-ed22a67 elementor-widget elementor-widget-spacer\" data-id=\"ed22a67\" data-element_type=\"widget\" data-widget_type=\"spacer.default\">\n\t\t\t\t<div class=\"elementor-widget-container\">\n\t\t\t\t\t<div class=\"elementor-spacer\">\n\t\t\t<div class=\"elementor-spacer-inner\"><\/div>\n\t\t<\/div>\n\t\t\t\t<\/div>\n\t\t\t\t<\/div>\n\t\t\t\t\t<\/div>\n\t\t<\/div>\n\t\t\t\t\t<\/div>\n\t\t<\/section>\n\t\t\t\t<section class=\"elementor-section elementor-top-section elementor-element elementor-element-3f1cbdfa elementor-section-boxed elementor-section-height-default elementor-section-height-default\" data-id=\"3f1cbdfa\" data-element_type=\"section\">\n\t\t\t\t\t\t<div class=\"elementor-container elementor-column-gap-default\">\n\t\t\t\t\t<div class=\"elementor-column elementor-col-50 elementor-top-column elementor-element elementor-element-748a8f3d\" data-id=\"748a8f3d\" data-element_type=\"column\">\n\t\t\t<div class=\"elementor-widget-wrap elementor-element-populated\">\n\t\t\t\t\t\t<div class=\"elementor-element elementor-element-4658cf34 elementor-absolute elementor-widget elementor-widget-image\" data-id=\"4658cf34\" data-element_type=\"widget\" data-settings=\"{&quot;_position&quot;:&quot;absolute&quot;}\" data-widget_type=\"image.default\">\n\t\t\t\t<div class=\"elementor-widget-container\">\n\t\t\t\t\t\t\t\t\t\t\t\t\t\t<a href=\"https:\/\/www.szkolazklasa.org.pl\/?smd_process_download=1&#038;download_id=12607\" target=\"_blank\">\n\t\t\t\t\t\t\t<img fetchpriority=\"high\" decoding=\"async\" width=\"770\" height=\"572\" src=\"https:\/\/bia4all.eu\/lt\/wp-content\/uploads\/sites\/17\/2026\/01\/BIA-LT-material-curriculum-6-9-1024x761.png\" class=\"elementor-animation-grow attachment-large size-large wp-image-2498\" alt=\"\" srcset=\"https:\/\/bia4all.eu\/lt\/wp-content\/uploads\/sites\/17\/2026\/01\/BIA-LT-material-curriculum-6-9-1024x761.png 1024w, https:\/\/bia4all.eu\/lt\/wp-content\/uploads\/sites\/17\/2026\/01\/BIA-LT-material-curriculum-6-9-300x223.png 300w, https:\/\/bia4all.eu\/lt\/wp-content\/uploads\/sites\/17\/2026\/01\/BIA-LT-material-curriculum-6-9-768x571.png 768w, https:\/\/bia4all.eu\/lt\/wp-content\/uploads\/sites\/17\/2026\/01\/BIA-LT-material-curriculum-6-9.png 1164w\" sizes=\"(max-width: 770px) 100vw, 770px\" \/>\t\t\t\t\t\t\t\t<\/a>\n\t\t\t\t\t\t\t\t\t\t\t\t\t<\/div>\n\t\t\t\t<\/div>\n\t\t\t\t\t<\/div>\n\t\t<\/div>\n\t\t\t\t<div class=\"elementor-column elementor-col-50 elementor-top-column elementor-element elementor-element-1b61a80e\" data-id=\"1b61a80e\" data-element_type=\"column\">\n\t\t\t<div class=\"elementor-widget-wrap elementor-element-populated\">\n\t\t\t\t\t\t<div class=\"elementor-element elementor-element-10e071cd elementor-widget elementor-widget-text-editor\" data-id=\"10e071cd\" data-element_type=\"widget\" data-widget_type=\"text-editor.default\">\n\t\t\t\t<div class=\"elementor-widget-container\">\n\t\t\t\t\t\t\t<p>Sveiki atvyk\u0119 \u012f \u201eB\u016bk interneto genijus\u201c \u0161al\u012f. \u0160i mokymo programa ir papildomi i\u0161tekliai sukurti siekiant pad\u0117ti mokytojams mokyti apie saug\u0173 ir atsaking\u0105 interneto naudojim\u0105. Veiklos skirtos 6\u20139 met\u0173 mokiniams, ta\u010diau gali b\u016bti vertingos ir dirbantiems su vyresniais mokiniais.<\/p>\n<p><i>Leidin\u012f pareng\u0117 School with Class Foundation kaip dal\u012f programos &#8222;B\u016bk interneto genijus&#8221;, sukurtos ir pl\u0117tojamos bendradarbiaujant Google.org ir School with Class Foundation.<\/i><\/p>\t\t\t\t\t\t<\/div>\n\t\t\t\t<\/div>\n\t\t\t\t<div class=\"elementor-element elementor-element-1f3392e6 elementor-widget elementor-widget-button\" data-id=\"1f3392e6\" data-element_type=\"widget\" data-widget_type=\"button.default\">\n\t\t\t\t<div class=\"elementor-widget-container\">\n\t\t\t\t\t<div class=\"elementor-button-wrapper\">\n\t\t\t<a class=\"elementor-button elementor-button-link elementor-size-md\" href=\"https:\/\/www.szkolazklasa.org.pl\/?smd_process_download=1&#038;download_id=12607\" target=\"_blank\">\n\t\t\t\t\t\t<span class=\"elementor-button-content-wrapper\">\n\t\t\t\t\t\t\t\t\t<span class=\"elementor-button-text\">ATSISI\u0172STI<\/span>\n\t\t\t\t\t<\/span>\n\t\t\t\t\t<\/a>\n\t\t<\/div>\n\t\t\t\t<\/div>\n\t\t\t\t<\/div>\n\t\t\t\t\t<\/div>\n\t\t<\/div>\n\t\t\t\t\t<\/div>\n\t\t<\/section>\n\t\t\t\t<section class=\"elementor-section elementor-top-section elementor-element elementor-element-6a00125 elementor-section-boxed elementor-section-height-default elementor-section-height-default\" data-id=\"6a00125\" data-element_type=\"section\">\n\t\t\t\t\t\t<div class=\"elementor-container elementor-column-gap-default\">\n\t\t\t\t\t<div class=\"elementor-column elementor-col-100 elementor-top-column elementor-element elementor-element-9589f90\" data-id=\"9589f90\" data-element_type=\"column\">\n\t\t\t<div class=\"elementor-widget-wrap elementor-element-populated\">\n\t\t\t\t\t\t<div class=\"elementor-element elementor-element-b241b68 elementor-widget elementor-widget-spacer\" data-id=\"b241b68\" data-element_type=\"widget\" data-widget_type=\"spacer.default\">\n\t\t\t\t<div class=\"elementor-widget-container\">\n\t\t\t\t\t<div class=\"elementor-spacer\">\n\t\t\t<div class=\"elementor-spacer-inner\"><\/div>\n\t\t<\/div>\n\t\t\t\t<\/div>\n\t\t\t\t<\/div>\n\t\t\t\t<div class=\"elementor-element elementor-element-d45036f elementor-widget elementor-widget-text-editor\" data-id=\"d45036f\" data-element_type=\"widget\" data-widget_type=\"text-editor.default\">\n\t\t\t\t<div class=\"elementor-widget-container\">\n\t\t\t\t\t\t\t<p>Daugiau informacijos rasite <span style=\"color: #007cc1;\"><b>programoje &#8222;B\u016bk interneto genijus&#8221;, skirtoje 6\u20139 met\u0173 mokini\u0173 mokytojams<\/b><\/span><span style=\"font-size: 1rem;\">.<\/span><\/p>\t\t\t\t\t\t<\/div>\n\t\t\t\t<\/div>\n\t\t\t\t\t<\/div>\n\t\t<\/div>\n\t\t\t\t\t<\/div>\n\t\t<\/section>\n\t\t\t\t<\/div>\n\t\t","protected":false},"excerpt":{"rendered":"<p>Mokymo programa 6\u20139 met\u0173 mokiniams Sveiki atvyk\u0119 \u012f \u201eB\u016bk interneto genijus\u201c \u0161al\u012f. \u0160i mokymo programa ir papildomi i\u0161tekliai sukurti siekiant pad\u0117ti mokytojams mokyti apie saug\u0173 ir atsaking\u0105 interneto naudojim\u0105. Veiklos skirtos 6\u20139 met\u0173 mokiniams, ta\u010diau gali b\u016bti vertingos ir dirbantiems su vyresniais mokiniais. Leidin\u012f pareng\u0117 School with Class Foundation kaip dal\u012f programos &#8222;B\u016bk interneto genijus&#8221;,&hellip; <a href=\"https:\/\/bia4all.eu\/lt\/mokymo-programa-6-9-metu-mokiniams\/\">Continue reading&#8230;<\/a><\/p>\n","protected":false},"author":4,"featured_media":2491,"parent":0,"menu_order":0,"comment_status":"closed","ping_status":"closed","template":"templates\/elementor-tpl.php","meta":{"inline_featured_image":false,"footnotes":""},"class_list":["post-1015","page","type-page","status-publish","has-post-thumbnail","hentry"],"acf":[],"yoast_head":"<!-- This site is optimized with the Yoast SEO plugin v23.0 - https:\/\/yoast.com\/wordpress\/plugins\/seo\/ -->\n<title>Mokymo programa 6\u20139 met\u0173 mokiniams | Be Internet Awesome For All LT<\/title>\n<meta name=\"description\" content=\"This curriculum for students aged 6-9 has been developed in order to support educators in teaching about safe use of the Internet.\" \/>\n<meta name=\"robots\" content=\"index, follow, max-snippet:-1, max-image-preview:large, max-video-preview:-1\" \/>\n<link rel=\"canonical\" href=\"https:\/\/bia4all.eu\/lt\/mokymo-programa-6-9-metu-mokiniams\/\" \/>\n<meta property=\"og:locale\" content=\"pl_PL\" \/>\n<meta property=\"og:type\" content=\"article\" \/>\n<meta property=\"og:title\" content=\"Be Internet Awesome For All - Curriculum for students aged 6-9\" \/>\n<meta property=\"og:description\" content=\"This curriculum has been developed in order to support teachers and educators in teaching about safe and responsible use of the Internet.\" \/>\n<meta property=\"og:url\" content=\"https:\/\/bia4all.eu\/lt\/mokymo-programa-6-9-metu-mokiniams\/\" \/>\n<meta property=\"og:site_name\" content=\"LT\" \/>\n<meta property=\"article:modified_time\" content=\"2026-01-05T18:26:31+00:00\" \/>\n<meta property=\"og:image\" content=\"https:\/\/bia4all.eu\/lt\/wp-content\/uploads\/sites\/17\/2024\/06\/BIA-yoast-curriculum-6-9.png\" \/>\n\t<meta property=\"og:image:width\" content=\"1200\" \/>\n\t<meta property=\"og:image:height\" content=\"628\" \/>\n\t<meta property=\"og:image:type\" content=\"image\/png\" \/>\n<meta name=\"twitter:card\" content=\"summary_large_image\" \/>\n<meta name=\"twitter:title\" content=\"Be Internet Awesome For All - Curriculum for students aged 6-9\" \/>\n<meta name=\"twitter:description\" content=\"This curriculum has been developed in order to support teachers and educators in teaching about safe and responsible use of the Internet.\" \/>\n<meta name=\"twitter:image\" content=\"https:\/\/bia4all.eu\/lt\/wp-content\/uploads\/sites\/17\/2024\/06\/BIA-yoast-curriculum-6-9.png\" \/>\n<meta name=\"twitter:label1\" content=\"Szacowany czas czytania\" \/>\n\t<meta name=\"twitter:data1\" content=\"1 minuta\" \/>\n<script type=\"application\/ld+json\" class=\"yoast-schema-graph\">{\"@context\":\"https:\/\/schema.org\",\"@graph\":[{\"@type\":\"WebPage\",\"@id\":\"https:\/\/bia4all.eu\/lt\/mokymo-programa-6-9-metu-mokiniams\/\",\"url\":\"https:\/\/bia4all.eu\/lt\/mokymo-programa-6-9-metu-mokiniams\/\",\"name\":\"Mokymo programa 6\u20139 met\u0173 mokiniams - LT\",\"isPartOf\":{\"@id\":\"https:\/\/bia4all.eu\/lt\/#website\"},\"primaryImageOfPage\":{\"@id\":\"https:\/\/bia4all.eu\/lt\/mokymo-programa-6-9-metu-mokiniams\/#primaryimage\"},\"image\":{\"@id\":\"https:\/\/bia4all.eu\/lt\/mokymo-programa-6-9-metu-mokiniams\/#primaryimage\"},\"thumbnailUrl\":\"https:\/\/bia4all.eu\/lt\/wp-content\/uploads\/sites\/17\/2026\/01\/BIA-LT-yoast-curriculum-6-9.png\",\"datePublished\":\"2024-06-24T13:48:02+00:00\",\"dateModified\":\"2026-01-05T18:26:31+00:00\",\"description\":\"This curriculum for students aged 6-9 has been developed in order to support educators in teaching about safe use of the Internet.\",\"breadcrumb\":{\"@id\":\"https:\/\/bia4all.eu\/lt\/mokymo-programa-6-9-metu-mokiniams\/#breadcrumb\"},\"inLanguage\":\"pl-PL\",\"potentialAction\":[{\"@type\":\"ReadAction\",\"target\":[\"https:\/\/bia4all.eu\/lt\/mokymo-programa-6-9-metu-mokiniams\/\"]}]},{\"@type\":\"ImageObject\",\"inLanguage\":\"pl-PL\",\"@id\":\"https:\/\/bia4all.eu\/lt\/mokymo-programa-6-9-metu-mokiniams\/#primaryimage\",\"url\":\"https:\/\/bia4all.eu\/lt\/wp-content\/uploads\/sites\/17\/2026\/01\/BIA-LT-yoast-curriculum-6-9.png\",\"contentUrl\":\"https:\/\/bia4all.eu\/lt\/wp-content\/uploads\/sites\/17\/2026\/01\/BIA-LT-yoast-curriculum-6-9.png\",\"width\":1200,\"height\":628},{\"@type\":\"BreadcrumbList\",\"@id\":\"https:\/\/bia4all.eu\/lt\/mokymo-programa-6-9-metu-mokiniams\/#breadcrumb\",\"itemListElement\":[{\"@type\":\"ListItem\",\"position\":1,\"name\":\"Strona g\u0142\u00f3wna\",\"item\":\"https:\/\/bia4all.eu\/lt\/\"},{\"@type\":\"ListItem\",\"position\":2,\"name\":\"Mokymo programa 6\u20139 met\u0173 mokiniams\"}]},{\"@type\":\"WebSite\",\"@id\":\"https:\/\/bia4all.eu\/lt\/#website\",\"url\":\"https:\/\/bia4all.eu\/lt\/\",\"name\":\"LT\",\"description\":\"Be Internet Awesome For All LT\",\"potentialAction\":[{\"@type\":\"SearchAction\",\"target\":{\"@type\":\"EntryPoint\",\"urlTemplate\":\"https:\/\/bia4all.eu\/lt\/?s={search_term_string}\"},\"query-input\":\"required name=search_term_string\"}],\"inLanguage\":\"pl-PL\"}]}<\/script>\n<!-- \/ Yoast SEO plugin. -->","yoast_head_json":{"title":"Mokymo programa 6\u20139 met\u0173 mokiniams | Be Internet Awesome For All LT","description":"This curriculum for students aged 6-9 has been developed in order to support educators in teaching about safe use of the Internet.","robots":{"index":"index","follow":"follow","max-snippet":"max-snippet:-1","max-image-preview":"max-image-preview:large","max-video-preview":"max-video-preview:-1"},"canonical":"https:\/\/bia4all.eu\/lt\/mokymo-programa-6-9-metu-mokiniams\/","og_locale":"pl_PL","og_type":"article","og_title":"Be Internet Awesome For All - Curriculum for students aged 6-9","og_description":"This curriculum has been developed in order to support teachers and educators in teaching about safe and responsible use of the Internet.","og_url":"https:\/\/bia4all.eu\/lt\/mokymo-programa-6-9-metu-mokiniams\/","og_site_name":"LT","article_modified_time":"2026-01-05T18:26:31+00:00","og_image":[{"width":1200,"height":628,"url":"https:\/\/bia4all.eu\/lt\/wp-content\/uploads\/sites\/17\/2024\/06\/BIA-yoast-curriculum-6-9.png","type":"image\/png"}],"twitter_card":"summary_large_image","twitter_title":"Be Internet Awesome For All - Curriculum for students aged 6-9","twitter_description":"This curriculum has been developed in order to support teachers and educators in teaching about safe and responsible use of the Internet.","twitter_image":"https:\/\/bia4all.eu\/lt\/wp-content\/uploads\/sites\/17\/2024\/06\/BIA-yoast-curriculum-6-9.png","twitter_misc":{"Szacowany czas czytania":"1 minuta"},"schema":{"@context":"https:\/\/schema.org","@graph":[{"@type":"WebPage","@id":"https:\/\/bia4all.eu\/lt\/mokymo-programa-6-9-metu-mokiniams\/","url":"https:\/\/bia4all.eu\/lt\/mokymo-programa-6-9-metu-mokiniams\/","name":"Mokymo programa 6\u20139 met\u0173 mokiniams - LT","isPartOf":{"@id":"https:\/\/bia4all.eu\/lt\/#website"},"primaryImageOfPage":{"@id":"https:\/\/bia4all.eu\/lt\/mokymo-programa-6-9-metu-mokiniams\/#primaryimage"},"image":{"@id":"https:\/\/bia4all.eu\/lt\/mokymo-programa-6-9-metu-mokiniams\/#primaryimage"},"thumbnailUrl":"https:\/\/bia4all.eu\/lt\/wp-content\/uploads\/sites\/17\/2026\/01\/BIA-LT-yoast-curriculum-6-9.png","datePublished":"2024-06-24T13:48:02+00:00","dateModified":"2026-01-05T18:26:31+00:00","description":"This curriculum for students aged 6-9 has been developed in order to support educators in teaching about safe use of the Internet.","breadcrumb":{"@id":"https:\/\/bia4all.eu\/lt\/mokymo-programa-6-9-metu-mokiniams\/#breadcrumb"},"inLanguage":"pl-PL","potentialAction":[{"@type":"ReadAction","target":["https:\/\/bia4all.eu\/lt\/mokymo-programa-6-9-metu-mokiniams\/"]}]},{"@type":"ImageObject","inLanguage":"pl-PL","@id":"https:\/\/bia4all.eu\/lt\/mokymo-programa-6-9-metu-mokiniams\/#primaryimage","url":"https:\/\/bia4all.eu\/lt\/wp-content\/uploads\/sites\/17\/2026\/01\/BIA-LT-yoast-curriculum-6-9.png","contentUrl":"https:\/\/bia4all.eu\/lt\/wp-content\/uploads\/sites\/17\/2026\/01\/BIA-LT-yoast-curriculum-6-9.png","width":1200,"height":628},{"@type":"BreadcrumbList","@id":"https:\/\/bia4all.eu\/lt\/mokymo-programa-6-9-metu-mokiniams\/#breadcrumb","itemListElement":[{"@type":"ListItem","position":1,"name":"Strona g\u0142\u00f3wna","item":"https:\/\/bia4all.eu\/lt\/"},{"@type":"ListItem","position":2,"name":"Mokymo programa 6\u20139 met\u0173 mokiniams"}]},{"@type":"WebSite","@id":"https:\/\/bia4all.eu\/lt\/#website","url":"https:\/\/bia4all.eu\/lt\/","name":"LT","description":"Be Internet Awesome For All LT","potentialAction":[{"@type":"SearchAction","target":{"@type":"EntryPoint","urlTemplate":"https:\/\/bia4all.eu\/lt\/?s={search_term_string}"},"query-input":"required name=search_term_string"}],"inLanguage":"pl-PL"}]}},"_links":{"self":[{"href":"https:\/\/bia4all.eu\/lt\/wp-json\/wp\/v2\/pages\/1015"}],"collection":[{"href":"https:\/\/bia4all.eu\/lt\/wp-json\/wp\/v2\/pages"}],"about":[{"href":"https:\/\/bia4all.eu\/lt\/wp-json\/wp\/v2\/types\/page"}],"author":[{"embeddable":true,"href":"https:\/\/bia4all.eu\/lt\/wp-json\/wp\/v2\/users\/4"}],"replies":[{"embeddable":true,"href":"https:\/\/bia4all.eu\/lt\/wp-json\/wp\/v2\/comments?post=1015"}],"version-history":[{"count":42,"href":"https:\/\/bia4all.eu\/lt\/wp-json\/wp\/v2\/pages\/1015\/revisions"}],"predecessor-version":[{"id":2501,"href":"https:\/\/bia4all.eu\/lt\/wp-json\/wp\/v2\/pages\/1015\/revisions\/2501"}],"wp:featuredmedia":[{"embeddable":true,"href":"https:\/\/bia4all.eu\/lt\/wp-json\/wp\/v2\/media\/2491"}],"wp:attachment":[{"href":"https:\/\/bia4all.eu\/lt\/wp-json\/wp\/v2\/media?parent=1015"}],"curies":[{"name":"wp","href":"https:\/\/api.w.org\/{rel}","templated":true}]}}