{"id":1282,"date":"2024-07-01T15:20:47","date_gmt":"2024-07-01T13:20:47","guid":{"rendered":"https:\/\/bia4all.eu\/lt\/?page_id=1282"},"modified":"2026-02-05T13:06:47","modified_gmt":"2026-02-05T12:06:47","slug":"kontaktai","status":"publish","type":"page","link":"https:\/\/bia4all.eu\/lt\/kontaktai\/","title":{"rendered":"Kontaktai"},"content":{"rendered":"\t\t<div data-elementor-type=\"wp-page\" data-elementor-id=\"1282\" class=\"elementor elementor-1282\" data-elementor-post-type=\"page\">\n\t\t\t\t\t\t<section class=\"elementor-section elementor-top-section elementor-element elementor-element-11df0e4e elementor-section-boxed elementor-section-height-default elementor-section-height-default\" data-id=\"11df0e4e\" data-element_type=\"section\">\n\t\t\t\t\t\t<div class=\"elementor-container elementor-column-gap-default\">\n\t\t\t\t\t<div class=\"elementor-column elementor-col-100 elementor-top-column elementor-element elementor-element-5ee59583\" data-id=\"5ee59583\" data-element_type=\"column\">\n\t\t\t<div class=\"elementor-widget-wrap elementor-element-populated\">\n\t\t\t\t\t\t<div class=\"elementor-element elementor-element-294f825f elementor-widget elementor-widget-heading\" data-id=\"294f825f\" data-element_type=\"widget\" data-widget_type=\"heading.default\">\n\t\t\t\t<div class=\"elementor-widget-container\">\n\t\t\t<h1 class=\"elementor-heading-title elementor-size-default\">Kontaktai<\/h1>\t\t<\/div>\n\t\t\t\t<\/div>\n\t\t\t\t<div class=\"elementor-element elementor-element-1f98ad72 elementor-widget elementor-widget-spacer\" data-id=\"1f98ad72\" data-element_type=\"widget\" data-widget_type=\"spacer.default\">\n\t\t\t\t<div class=\"elementor-widget-container\">\n\t\t\t\t\t<div class=\"elementor-spacer\">\n\t\t\t<div class=\"elementor-spacer-inner\"><\/div>\n\t\t<\/div>\n\t\t\t\t<\/div>\n\t\t\t\t<\/div>\n\t\t\t\t\t<\/div>\n\t\t<\/div>\n\t\t\t\t\t<\/div>\n\t\t<\/section>\n\t\t\t\t<section class=\"elementor-section elementor-top-section elementor-element elementor-element-6454127 elementor-section-boxed elementor-section-height-default elementor-section-height-default\" data-id=\"6454127\" data-element_type=\"section\" data-settings=\"{&quot;background_background&quot;:&quot;classic&quot;}\">\n\t\t\t\t\t\t<div class=\"elementor-container elementor-column-gap-default\">\n\t\t\t\t\t<div class=\"elementor-column elementor-col-100 elementor-top-column elementor-element elementor-element-8e19f7c\" data-id=\"8e19f7c\" data-element_type=\"column\" data-settings=\"{&quot;background_background&quot;:&quot;classic&quot;}\">\n\t\t\t<div class=\"elementor-widget-wrap elementor-element-populated\">\n\t\t\t\t\t\t<div class=\"elementor-element elementor-element-9cad52e elementor-widget elementor-widget-spacer\" data-id=\"9cad52e\" data-element_type=\"widget\" data-widget_type=\"spacer.default\">\n\t\t\t\t<div class=\"elementor-widget-container\">\n\t\t\t\t\t<div class=\"elementor-spacer\">\n\t\t\t<div class=\"elementor-spacer-inner\"><\/div>\n\t\t<\/div>\n\t\t\t\t<\/div>\n\t\t\t\t<\/div>\n\t\t\t\t<section class=\"elementor-section elementor-inner-section elementor-element elementor-element-e4b59e3 elementor-section-boxed elementor-section-height-default elementor-section-height-default\" data-id=\"e4b59e3\" data-element_type=\"section\">\n\t\t\t\t\t\t<div class=\"elementor-container elementor-column-gap-default\">\n\t\t\t\t\t<div class=\"elementor-column elementor-col-50 elementor-inner-column elementor-element elementor-element-ba42e6c\" data-id=\"ba42e6c\" data-element_type=\"column\">\n\t\t\t<div class=\"elementor-widget-wrap\">\n\t\t\t\t\t\t\t<\/div>\n\t\t<\/div>\n\t\t\t\t<div class=\"elementor-column elementor-col-50 elementor-inner-column elementor-element elementor-element-b284aec\" data-id=\"b284aec\" data-element_type=\"column\">\n\t\t\t<div class=\"elementor-widget-wrap elementor-element-populated\">\n\t\t\t\t\t\t<div class=\"elementor-element elementor-element-4e5bc2b elementor-widget__width-initial elementor-widget elementor-widget-heading\" data-id=\"4e5bc2b\" data-element_type=\"widget\" data-widget_type=\"heading.default\">\n\t\t\t\t<div class=\"elementor-widget-container\">\n\t\t\t<h2 class=\"elementor-heading-title elementor-size-default\">Susisiekite su mumis<\/h2>\t\t<\/div>\n\t\t\t\t<\/div>\n\t\t\t\t<div class=\"elementor-element elementor-element-e4acea3 elementor-widget__width-initial elementor-widget elementor-widget-heading\" data-id=\"e4acea3\" data-element_type=\"widget\" data-widget_type=\"heading.default\">\n\t\t\t\t<div class=\"elementor-widget-container\">\n\t\t\t<p class=\"elementor-heading-title elementor-size-default\"><br>Norite su\u017einoti daugiau apie program\u0105 \"B\u016bk interneto genijus\"?<br><br>\nMielai i\u0161girstume j\u016bs\u0173 nuomon\u0119!<\/p>\t\t<\/div>\n\t\t\t\t<\/div>\n\t\t\t\t\t<\/div>\n\t\t<\/div>\n\t\t\t\t\t<\/div>\n\t\t<\/section>\n\t\t\t\t<div class=\"elementor-element elementor-element-fecd8e2 elementor-widget elementor-widget-spacer\" data-id=\"fecd8e2\" data-element_type=\"widget\" data-widget_type=\"spacer.default\">\n\t\t\t\t<div class=\"elementor-widget-container\">\n\t\t\t\t\t<div class=\"elementor-spacer\">\n\t\t\t<div class=\"elementor-spacer-inner\"><\/div>\n\t\t<\/div>\n\t\t\t\t<\/div>\n\t\t\t\t<\/div>\n\t\t\t\t\t<\/div>\n\t\t<\/div>\n\t\t\t\t\t<\/div>\n\t\t<\/section>\n\t\t\t\t<section class=\"elementor-section elementor-top-section elementor-element elementor-element-0bdfc7a elementor-section-boxed elementor-section-height-default elementor-section-height-default\" data-id=\"0bdfc7a\" data-element_type=\"section\" data-settings=\"{&quot;background_background&quot;:&quot;classic&quot;}\">\n\t\t\t\t\t\t\t<div class=\"elementor-background-overlay\"><\/div>\n\t\t\t\t\t\t\t<div class=\"elementor-container elementor-column-gap-default\">\n\t\t\t\t\t<div class=\"elementor-column elementor-col-100 elementor-top-column elementor-element elementor-element-4d6fc30\" data-id=\"4d6fc30\" data-element_type=\"column\">\n\t\t\t<div class=\"elementor-widget-wrap elementor-element-populated\">\n\t\t\t\t\t\t<div class=\"elementor-element elementor-element-90dc2d1 elementor-widget elementor-widget-spacer\" data-id=\"90dc2d1\" data-element_type=\"widget\" data-widget_type=\"spacer.default\">\n\t\t\t\t<div class=\"elementor-widget-container\">\n\t\t\t\t\t<div class=\"elementor-spacer\">\n\t\t\t<div class=\"elementor-spacer-inner\"><\/div>\n\t\t<\/div>\n\t\t\t\t<\/div>\n\t\t\t\t<\/div>\n\t\t\t\t<div class=\"elementor-element elementor-element-44745a0 elementor-widget elementor-widget-heading\" data-id=\"44745a0\" data-element_type=\"widget\" data-widget_type=\"heading.default\">\n\t\t\t\t<div class=\"elementor-widget-container\">\n\t\t\t<h2 class=\"elementor-heading-title elementor-size-default\">Tarptautinis koordinatorius<\/h2>\t\t<\/div>\n\t\t\t\t<\/div>\n\t\t\t\t\t<\/div>\n\t\t<\/div>\n\t\t\t\t\t<\/div>\n\t\t<\/section>\n\t\t\t\t<section class=\"elementor-section elementor-top-section elementor-element elementor-element-07a4057 elementor-section-boxed elementor-section-height-default elementor-section-height-default\" data-id=\"07a4057\" data-element_type=\"section\">\n\t\t\t\t\t\t<div class=\"elementor-container elementor-column-gap-default\">\n\t\t\t\t\t<div class=\"elementor-column elementor-col-100 elementor-top-column elementor-element elementor-element-1926312\" data-id=\"1926312\" data-element_type=\"column\">\n\t\t\t<div class=\"elementor-widget-wrap elementor-element-populated\">\n\t\t\t\t\t\t<div class=\"elementor-element elementor-element-de54313 elementor-widget elementor-widget-heading\" data-id=\"de54313\" data-element_type=\"widget\" data-widget_type=\"heading.default\">\n\t\t\t\t<div class=\"elementor-widget-container\">\n\t\t\t<h3 class=\"elementor-heading-title elementor-size-medium\">\u201eSchool with Class\u201c fondas<\/h3>\t\t<\/div>\n\t\t\t\t<\/div>\n\t\t\t\t<div class=\"elementor-element elementor-element-8e16370 elementor-widget elementor-widget-text-editor\" data-id=\"8e16370\" data-element_type=\"widget\" data-widget_type=\"text-editor.default\">\n\t\t\t\t<div class=\"elementor-widget-container\">\n\t\t\t\t\t\t\t<p><b>kontaktai<\/b><span style=\"font-size: 1rem;\">: bia@szkolazklasa.org.pl, paulina.oltusek@szkolazklasa.org.pl<\/span><\/p>\n<p><b>interneto svetain\u0117<\/b>: <a href=\"https:\/\/eng.szkolazklasa.org.pl\/\" target=\"_blank\" rel=\"noopener\">School with Class Foundation<\/a><\/p>\t\t\t\t\t\t<\/div>\n\t\t\t\t<\/div>\n\t\t\t\t\t<\/div>\n\t\t<\/div>\n\t\t\t\t\t<\/div>\n\t\t<\/section>\n\t\t\t\t<section class=\"elementor-section elementor-top-section elementor-element elementor-element-45b0481 elementor-section-boxed elementor-section-height-default elementor-section-height-default\" data-id=\"45b0481\" data-element_type=\"section\">\n\t\t\t\t\t\t<div class=\"elementor-container elementor-column-gap-default\">\n\t\t\t\t\t<div class=\"elementor-column elementor-col-100 elementor-top-column elementor-element elementor-element-f48af75\" data-id=\"f48af75\" data-element_type=\"column\">\n\t\t\t<div class=\"elementor-widget-wrap elementor-element-populated\">\n\t\t\t\t\t\t<div class=\"elementor-element elementor-element-0f58193 elementor-widget elementor-widget-spacer\" data-id=\"0f58193\" data-element_type=\"widget\" data-widget_type=\"spacer.default\">\n\t\t\t\t<div class=\"elementor-widget-container\">\n\t\t\t\t\t<div class=\"elementor-spacer\">\n\t\t\t<div class=\"elementor-spacer-inner\"><\/div>\n\t\t<\/div>\n\t\t\t\t<\/div>\n\t\t\t\t<\/div>\n\t\t\t\t<div class=\"elementor-element elementor-element-3f49911 elementor-widget elementor-widget-heading\" data-id=\"3f49911\" data-element_type=\"widget\" data-widget_type=\"heading.default\">\n\t\t\t\t<div class=\"elementor-widget-container\">\n\t\t\t<h2 class=\"elementor-heading-title elementor-size-default\">Vietiniai koordinatoriai<\/h2>\t\t<\/div>\n\t\t\t\t<\/div>\n\t\t\t\t<div class=\"elementor-element elementor-element-060e732 elementor-widget elementor-widget-text-editor\" data-id=\"060e732\" data-element_type=\"widget\" data-widget_type=\"text-editor.default\">\n\t\t\t\t<div class=\"elementor-widget-container\">\n\t\t\t\t\t\t\t<p>Nor\u0117dami susisiekti su m\u016bs\u0173 vietos koordinatoriais, apsilankykite m\u016bs\u0173 <a href=\"https:\/\/bia4all.eu\/lt\/partneriai\/\" rel=\"noopener\">Partneri\u0173<\/a>\u00a0puslapyje.<\/p>\t\t\t\t\t\t<\/div>\n\t\t\t\t<\/div>\n\t\t\t\t<div class=\"elementor-element elementor-element-2eb7a646 elementor-align-left elementor-widget elementor-widget-button\" data-id=\"2eb7a646\" data-element_type=\"widget\" data-widget_type=\"button.default\">\n\t\t\t\t<div class=\"elementor-widget-container\">\n\t\t\t\t\t<div class=\"elementor-button-wrapper\">\n\t\t\t<a class=\"elementor-button elementor-button-link elementor-size-sm elementor-animation-grow\" href=\"https:\/\/bia4all.eu\/lt\/partneriai\/\">\n\t\t\t\t\t\t<span class=\"elementor-button-content-wrapper\">\n\t\t\t\t\t\t\t\t\t<span class=\"elementor-button-text\">SUSISIEKITE SU M\u016aS\u0172 VIETINIAIS KOORDINATORIAIS<\/span>\n\t\t\t\t\t<\/span>\n\t\t\t\t\t<\/a>\n\t\t<\/div>\n\t\t\t\t<\/div>\n\t\t\t\t<\/div>\n\t\t\t\t\t<\/div>\n\t\t<\/div>\n\t\t\t\t\t<\/div>\n\t\t<\/section>\n\t\t\t\t<\/div>\n\t\t","protected":false},"excerpt":{"rendered":"<p>Kontaktai Susisiekite su mumis Norite su\u017einoti daugiau apie program\u0105 &#8222;B\u016bk interneto genijus&#8221;? Mielai i\u0161girstume j\u016bs\u0173 nuomon\u0119! Tarptautinis koordinatorius \u201eSchool with Class\u201c fondas kontaktai: bia@szkolazklasa.org.pl, paulina.oltusek@szkolazklasa.org.pl interneto svetain\u0117: School with Class Foundation Vietiniai koordinatoriai Nor\u0117dami susisiekti su m\u016bs\u0173 vietos koordinatoriais, apsilankykite m\u016bs\u0173 Partneri\u0173\u00a0puslapyje. SUSISIEKITE SU M\u016aS\u0172 VIETINIAIS KOORDINATORIAIS<\/p>\n","protected":false},"author":4,"featured_media":2533,"parent":0,"menu_order":0,"comment_status":"closed","ping_status":"closed","template":"templates\/elementor-tpl.php","meta":{"inline_featured_image":false,"footnotes":""},"class_list":["post-1282","page","type-page","status-publish","has-post-thumbnail","hentry"],"acf":[],"yoast_head":"<!-- This site is optimized with the Yoast SEO plugin v23.0 - https:\/\/yoast.com\/wordpress\/plugins\/seo\/ -->\n<title>Kontaktai | Be Internet Awesome For All LT<\/title>\n<meta name=\"description\" content=\"Do you want to know more about our Be Internet Awesome For All program? Get in contact with our international and local coordinator.\" \/>\n<meta name=\"robots\" content=\"index, follow, max-snippet:-1, max-image-preview:large, max-video-preview:-1\" \/>\n<link rel=\"canonical\" href=\"https:\/\/bia4all.eu\/lt\/kontaktai\/\" \/>\n<meta property=\"og:locale\" content=\"pl_PL\" \/>\n<meta property=\"og:type\" content=\"article\" \/>\n<meta property=\"og:title\" content=\"Be Internet Awesome For All - contact\" \/>\n<meta property=\"og:description\" content=\"Do you want to know more about our Be Internet Awesome For All program? We would love to get in touch and hear from you!\" \/>\n<meta property=\"og:url\" content=\"https:\/\/bia4all.eu\/lt\/kontaktai\/\" \/>\n<meta property=\"og:site_name\" content=\"LT\" \/>\n<meta property=\"article:modified_time\" content=\"2026-02-05T12:06:47+00:00\" \/>\n<meta property=\"og:image\" content=\"https:\/\/bia4all.eu\/lt\/wp-content\/uploads\/sites\/17\/2024\/06\/BIA-1yoast-contact.png\" \/>\n\t<meta property=\"og:image:width\" content=\"1200\" \/>\n\t<meta property=\"og:image:height\" content=\"628\" \/>\n\t<meta property=\"og:image:type\" content=\"image\/png\" \/>\n<meta name=\"twitter:card\" content=\"summary_large_image\" \/>\n<meta name=\"twitter:title\" content=\"Be Internet Awesome For All - contact\" \/>\n<meta name=\"twitter:description\" content=\"Do you want to know more about our Be Internet Awesome For All program? We would love to get in touch and hear from you!\" \/>\n<meta name=\"twitter:image\" content=\"https:\/\/bia4all.eu\/lt\/wp-content\/uploads\/sites\/17\/2024\/06\/BIA-1yoast-contact.png\" \/>\n<meta name=\"twitter:label1\" content=\"Szacowany czas czytania\" \/>\n\t<meta name=\"twitter:data1\" content=\"1 minuta\" \/>\n<script type=\"application\/ld+json\" class=\"yoast-schema-graph\">{\"@context\":\"https:\/\/schema.org\",\"@graph\":[{\"@type\":\"WebPage\",\"@id\":\"https:\/\/bia4all.eu\/lt\/kontaktai\/\",\"url\":\"https:\/\/bia4all.eu\/lt\/kontaktai\/\",\"name\":\"Kontaktai - LT\",\"isPartOf\":{\"@id\":\"https:\/\/bia4all.eu\/lt\/#website\"},\"primaryImageOfPage\":{\"@id\":\"https:\/\/bia4all.eu\/lt\/kontaktai\/#primaryimage\"},\"image\":{\"@id\":\"https:\/\/bia4all.eu\/lt\/kontaktai\/#primaryimage\"},\"thumbnailUrl\":\"https:\/\/bia4all.eu\/lt\/wp-content\/uploads\/sites\/17\/2026\/01\/BIA-LT-yoast-contact.png\",\"datePublished\":\"2024-07-01T13:20:47+00:00\",\"dateModified\":\"2026-02-05T12:06:47+00:00\",\"description\":\"Do you want to know more about our Be Internet Awesome For All program? Get in contact with our international and local coordinator.\",\"breadcrumb\":{\"@id\":\"https:\/\/bia4all.eu\/lt\/kontaktai\/#breadcrumb\"},\"inLanguage\":\"pl-PL\",\"potentialAction\":[{\"@type\":\"ReadAction\",\"target\":[\"https:\/\/bia4all.eu\/lt\/kontaktai\/\"]}]},{\"@type\":\"ImageObject\",\"inLanguage\":\"pl-PL\",\"@id\":\"https:\/\/bia4all.eu\/lt\/kontaktai\/#primaryimage\",\"url\":\"https:\/\/bia4all.eu\/lt\/wp-content\/uploads\/sites\/17\/2026\/01\/BIA-LT-yoast-contact.png\",\"contentUrl\":\"https:\/\/bia4all.eu\/lt\/wp-content\/uploads\/sites\/17\/2026\/01\/BIA-LT-yoast-contact.png\",\"width\":1200,\"height\":628},{\"@type\":\"BreadcrumbList\",\"@id\":\"https:\/\/bia4all.eu\/lt\/kontaktai\/#breadcrumb\",\"itemListElement\":[{\"@type\":\"ListItem\",\"position\":1,\"name\":\"Strona g\u0142\u00f3wna\",\"item\":\"https:\/\/bia4all.eu\/lt\/\"},{\"@type\":\"ListItem\",\"position\":2,\"name\":\"Kontaktai\"}]},{\"@type\":\"WebSite\",\"@id\":\"https:\/\/bia4all.eu\/lt\/#website\",\"url\":\"https:\/\/bia4all.eu\/lt\/\",\"name\":\"LT\",\"description\":\"Be Internet Awesome For All LT\",\"potentialAction\":[{\"@type\":\"SearchAction\",\"target\":{\"@type\":\"EntryPoint\",\"urlTemplate\":\"https:\/\/bia4all.eu\/lt\/?s={search_term_string}\"},\"query-input\":\"required name=search_term_string\"}],\"inLanguage\":\"pl-PL\"}]}<\/script>\n<!-- \/ Yoast SEO plugin. -->","yoast_head_json":{"title":"Kontaktai | Be Internet Awesome For All LT","description":"Do you want to know more about our Be Internet Awesome For All program? Get in contact with our international and local coordinator.","robots":{"index":"index","follow":"follow","max-snippet":"max-snippet:-1","max-image-preview":"max-image-preview:large","max-video-preview":"max-video-preview:-1"},"canonical":"https:\/\/bia4all.eu\/lt\/kontaktai\/","og_locale":"pl_PL","og_type":"article","og_title":"Be Internet Awesome For All - contact","og_description":"Do you want to know more about our Be Internet Awesome For All program? We would love to get in touch and hear from you!","og_url":"https:\/\/bia4all.eu\/lt\/kontaktai\/","og_site_name":"LT","article_modified_time":"2026-02-05T12:06:47+00:00","og_image":[{"width":1200,"height":628,"url":"https:\/\/bia4all.eu\/lt\/wp-content\/uploads\/sites\/17\/2024\/06\/BIA-1yoast-contact.png","type":"image\/png"}],"twitter_card":"summary_large_image","twitter_title":"Be Internet Awesome For All - contact","twitter_description":"Do you want to know more about our Be Internet Awesome For All program? We would love to get in touch and hear from you!","twitter_image":"https:\/\/bia4all.eu\/lt\/wp-content\/uploads\/sites\/17\/2024\/06\/BIA-1yoast-contact.png","twitter_misc":{"Szacowany czas czytania":"1 minuta"},"schema":{"@context":"https:\/\/schema.org","@graph":[{"@type":"WebPage","@id":"https:\/\/bia4all.eu\/lt\/kontaktai\/","url":"https:\/\/bia4all.eu\/lt\/kontaktai\/","name":"Kontaktai - LT","isPartOf":{"@id":"https:\/\/bia4all.eu\/lt\/#website"},"primaryImageOfPage":{"@id":"https:\/\/bia4all.eu\/lt\/kontaktai\/#primaryimage"},"image":{"@id":"https:\/\/bia4all.eu\/lt\/kontaktai\/#primaryimage"},"thumbnailUrl":"https:\/\/bia4all.eu\/lt\/wp-content\/uploads\/sites\/17\/2026\/01\/BIA-LT-yoast-contact.png","datePublished":"2024-07-01T13:20:47+00:00","dateModified":"2026-02-05T12:06:47+00:00","description":"Do you want to know more about our Be Internet Awesome For All program? Get in contact with our international and local coordinator.","breadcrumb":{"@id":"https:\/\/bia4all.eu\/lt\/kontaktai\/#breadcrumb"},"inLanguage":"pl-PL","potentialAction":[{"@type":"ReadAction","target":["https:\/\/bia4all.eu\/lt\/kontaktai\/"]}]},{"@type":"ImageObject","inLanguage":"pl-PL","@id":"https:\/\/bia4all.eu\/lt\/kontaktai\/#primaryimage","url":"https:\/\/bia4all.eu\/lt\/wp-content\/uploads\/sites\/17\/2026\/01\/BIA-LT-yoast-contact.png","contentUrl":"https:\/\/bia4all.eu\/lt\/wp-content\/uploads\/sites\/17\/2026\/01\/BIA-LT-yoast-contact.png","width":1200,"height":628},{"@type":"BreadcrumbList","@id":"https:\/\/bia4all.eu\/lt\/kontaktai\/#breadcrumb","itemListElement":[{"@type":"ListItem","position":1,"name":"Strona g\u0142\u00f3wna","item":"https:\/\/bia4all.eu\/lt\/"},{"@type":"ListItem","position":2,"name":"Kontaktai"}]},{"@type":"WebSite","@id":"https:\/\/bia4all.eu\/lt\/#website","url":"https:\/\/bia4all.eu\/lt\/","name":"LT","description":"Be Internet Awesome For All LT","potentialAction":[{"@type":"SearchAction","target":{"@type":"EntryPoint","urlTemplate":"https:\/\/bia4all.eu\/lt\/?s={search_term_string}"},"query-input":"required name=search_term_string"}],"inLanguage":"pl-PL"}]}},"_links":{"self":[{"href":"https:\/\/bia4all.eu\/lt\/wp-json\/wp\/v2\/pages\/1282"}],"collection":[{"href":"https:\/\/bia4all.eu\/lt\/wp-json\/wp\/v2\/pages"}],"about":[{"href":"https:\/\/bia4all.eu\/lt\/wp-json\/wp\/v2\/types\/page"}],"author":[{"embeddable":true,"href":"https:\/\/bia4all.eu\/lt\/wp-json\/wp\/v2\/users\/4"}],"replies":[{"embeddable":true,"href":"https:\/\/bia4all.eu\/lt\/wp-json\/wp\/v2\/comments?post=1282"}],"version-history":[{"count":141,"href":"https:\/\/bia4all.eu\/lt\/wp-json\/wp\/v2\/pages\/1282\/revisions"}],"predecessor-version":[{"id":2605,"href":"https:\/\/bia4all.eu\/lt\/wp-json\/wp\/v2\/pages\/1282\/revisions\/2605"}],"wp:featuredmedia":[{"embeddable":true,"href":"https:\/\/bia4all.eu\/lt\/wp-json\/wp\/v2\/media\/2533"}],"wp:attachment":[{"href":"https:\/\/bia4all.eu\/lt\/wp-json\/wp\/v2\/media?parent=1282"}],"curies":[{"name":"wp","href":"https:\/\/api.w.org\/{rel}","templated":true}]}}