{"id":2295,"date":"2024-12-20T10:06:46","date_gmt":"2024-12-20T09:06:46","guid":{"rendered":"https:\/\/bia4all.eu\/lt\/?page_id=2295"},"modified":"2026-01-05T19:41:31","modified_gmt":"2026-01-05T18:41:31","slug":"mokymo-programa-viduriniu-mokyklu-mokiniams","status":"publish","type":"page","link":"https:\/\/bia4all.eu\/lt\/mokymo-programa-viduriniu-mokyklu-mokiniams\/","title":{"rendered":"Mokymo programa vidurini\u0173 mokykl\u0173 mokiniams"},"content":{"rendered":"\t\t<div data-elementor-type=\"wp-page\" data-elementor-id=\"2295\" class=\"elementor elementor-2295\" data-elementor-post-type=\"page\">\n\t\t\t\t\t\t<section class=\"elementor-section elementor-top-section elementor-element elementor-element-58f0be0 elementor-section-boxed elementor-section-height-default elementor-section-height-default\" data-id=\"58f0be0\" data-element_type=\"section\">\n\t\t\t\t\t\t<div class=\"elementor-container elementor-column-gap-default\">\n\t\t\t\t\t<div class=\"elementor-column elementor-col-100 elementor-top-column elementor-element elementor-element-3577a34\" data-id=\"3577a34\" data-element_type=\"column\">\n\t\t\t<div class=\"elementor-widget-wrap elementor-element-populated\">\n\t\t\t\t\t\t<div class=\"elementor-element elementor-element-66946a1 elementor-widget elementor-widget-spacer\" data-id=\"66946a1\" data-element_type=\"widget\" data-widget_type=\"spacer.default\">\n\t\t\t\t<div class=\"elementor-widget-container\">\n\t\t\t\t\t<div class=\"elementor-spacer\">\n\t\t\t<div class=\"elementor-spacer-inner\"><\/div>\n\t\t<\/div>\n\t\t\t\t<\/div>\n\t\t\t\t<\/div>\n\t\t\t\t\t<\/div>\n\t\t<\/div>\n\t\t\t\t\t<\/div>\n\t\t<\/section>\n\t\t\t\t<section class=\"elementor-section elementor-top-section elementor-element elementor-element-1f2a3d5 elementor-section-boxed elementor-section-height-default elementor-section-height-default\" data-id=\"1f2a3d5\" data-element_type=\"section\">\n\t\t\t\t\t\t<div class=\"elementor-container elementor-column-gap-default\">\n\t\t\t\t\t<div class=\"elementor-column elementor-col-100 elementor-top-column elementor-element elementor-element-febe262\" data-id=\"febe262\" data-element_type=\"column\">\n\t\t\t<div class=\"elementor-widget-wrap elementor-element-populated\">\n\t\t\t\t\t\t<div class=\"elementor-element elementor-element-9ce6aef elementor-widget elementor-widget-heading\" data-id=\"9ce6aef\" data-element_type=\"widget\" data-widget_type=\"heading.default\">\n\t\t\t\t<div class=\"elementor-widget-container\">\n\t\t\t<h1 class=\"elementor-heading-title elementor-size-default\">Mokymo programa vidurini\u0173 mokykl\u0173 mokiniams<\/h1>\t\t<\/div>\n\t\t\t\t<\/div>\n\t\t\t\t\t<\/div>\n\t\t<\/div>\n\t\t\t\t\t<\/div>\n\t\t<\/section>\n\t\t\t\t<section class=\"elementor-section elementor-top-section elementor-element elementor-element-f30f1f5 elementor-section-boxed elementor-section-height-default elementor-section-height-default\" data-id=\"f30f1f5\" data-element_type=\"section\">\n\t\t\t\t\t\t<div class=\"elementor-container elementor-column-gap-default\">\n\t\t\t\t\t<div class=\"elementor-column elementor-col-100 elementor-top-column elementor-element elementor-element-9f095a3\" data-id=\"9f095a3\" data-element_type=\"column\">\n\t\t\t<div class=\"elementor-widget-wrap elementor-element-populated\">\n\t\t\t\t\t\t<div class=\"elementor-element elementor-element-dab4b1d elementor-widget elementor-widget-spacer\" data-id=\"dab4b1d\" data-element_type=\"widget\" data-widget_type=\"spacer.default\">\n\t\t\t\t<div class=\"elementor-widget-container\">\n\t\t\t\t\t<div class=\"elementor-spacer\">\n\t\t\t<div class=\"elementor-spacer-inner\"><\/div>\n\t\t<\/div>\n\t\t\t\t<\/div>\n\t\t\t\t<\/div>\n\t\t\t\t\t<\/div>\n\t\t<\/div>\n\t\t\t\t\t<\/div>\n\t\t<\/section>\n\t\t\t\t<section class=\"elementor-section elementor-top-section elementor-element elementor-element-bb5fd7e elementor-section-boxed elementor-section-height-default elementor-section-height-default\" data-id=\"bb5fd7e\" data-element_type=\"section\">\n\t\t\t\t\t\t<div class=\"elementor-container elementor-column-gap-default\">\n\t\t\t\t\t<div class=\"elementor-column elementor-col-50 elementor-top-column elementor-element elementor-element-967c0ac\" data-id=\"967c0ac\" data-element_type=\"column\">\n\t\t\t<div class=\"elementor-widget-wrap elementor-element-populated\">\n\t\t\t\t\t\t<div class=\"elementor-element elementor-element-014f485 elementor-absolute elementor-widget elementor-widget-image\" data-id=\"014f485\" data-element_type=\"widget\" data-settings=\"{&quot;_position&quot;:&quot;absolute&quot;}\" data-widget_type=\"image.default\">\n\t\t\t\t<div class=\"elementor-widget-container\">\n\t\t\t\t\t\t\t\t\t\t\t\t\t\t<a href=\"https:\/\/www.szkolazklasa.org.pl\/?smd_process_download=1&#038;download_id=26666\">\n\t\t\t\t\t\t\t<img fetchpriority=\"high\" decoding=\"async\" width=\"770\" height=\"572\" src=\"https:\/\/bia4all.eu\/lt\/wp-content\/uploads\/sites\/17\/2026\/01\/BIA-LT-material-curriculum-ponadpodstawowe-1024x761.png\" class=\"elementor-animation-grow attachment-large size-large wp-image-2518\" alt=\"\" srcset=\"https:\/\/bia4all.eu\/lt\/wp-content\/uploads\/sites\/17\/2026\/01\/BIA-LT-material-curriculum-ponadpodstawowe-1024x761.png 1024w, https:\/\/bia4all.eu\/lt\/wp-content\/uploads\/sites\/17\/2026\/01\/BIA-LT-material-curriculum-ponadpodstawowe-300x223.png 300w, https:\/\/bia4all.eu\/lt\/wp-content\/uploads\/sites\/17\/2026\/01\/BIA-LT-material-curriculum-ponadpodstawowe-768x571.png 768w, https:\/\/bia4all.eu\/lt\/wp-content\/uploads\/sites\/17\/2026\/01\/BIA-LT-material-curriculum-ponadpodstawowe.png 1164w\" sizes=\"(max-width: 770px) 100vw, 770px\" \/>\t\t\t\t\t\t\t\t<\/a>\n\t\t\t\t\t\t\t\t\t\t\t\t\t<\/div>\n\t\t\t\t<\/div>\n\t\t\t\t\t<\/div>\n\t\t<\/div>\n\t\t\t\t<div class=\"elementor-column elementor-col-50 elementor-top-column elementor-element elementor-element-df2e9a9\" data-id=\"df2e9a9\" data-element_type=\"column\">\n\t\t\t<div class=\"elementor-widget-wrap elementor-element-populated\">\n\t\t\t\t\t\t<div class=\"elementor-element elementor-element-47e10d3 elementor-widget elementor-widget-text-editor\" data-id=\"47e10d3\" data-element_type=\"widget\" data-widget_type=\"text-editor.default\">\n\t\t\t\t<div class=\"elementor-widget-container\">\n\t\t\t\t\t\t\t<p>\u0160is vadovas ir j\u012f lydinti med\u017eiaga skirti pad\u0117ti mokytojams ugdyti jaun\u0173 \u017emoni\u0173 skaitmenines kompetencijas. Leidinyje si\u016blomas naujas po\u017ei\u016bris \u012f skaitmenin\u012f ir medij\u0173 ra\u0161tingum\u0105, grind\u017eiamas \u012fsitikinimu, kad skaitmeninius \u012fg\u016bd\u017eius verta ugdyti kartu su emocinio s\u0105moningumo ir veiklumo stiprinimu, k\u016brybi\u0161kumo skatinimu, priklausymo jausmo ir socialini\u0173 ry\u0161i\u0173 puosel\u0117jimu bei savivert\u0117s ugdymu.<\/p>\n<p>45 minu\u010di\u0173 trukm\u0117s pamok\u0173 planai parengti darbui su vidurini\u0173 mokykl\u0173 mokiniais: gimnazijose, profesin\u0117se technikos mokyklose ir profesin\u0117se mokyklose (2 ir 3 lygiai).<\/p>\t\t\t\t\t\t<\/div>\n\t\t\t\t<\/div>\n\t\t\t\t<div class=\"elementor-element elementor-element-b324ec5 elementor-widget elementor-widget-button\" data-id=\"b324ec5\" data-element_type=\"widget\" data-widget_type=\"button.default\">\n\t\t\t\t<div class=\"elementor-widget-container\">\n\t\t\t\t\t<div class=\"elementor-button-wrapper\">\n\t\t\t<a class=\"elementor-button elementor-button-link elementor-size-md\" href=\"https:\/\/www.szkolazklasa.org.pl\/?smd_process_download=1&#038;download_id=26666\">\n\t\t\t\t\t\t<span class=\"elementor-button-content-wrapper\">\n\t\t\t\t\t\t\t\t\t<span class=\"elementor-button-text\">ATSISI\u0172STI<\/span>\n\t\t\t\t\t<\/span>\n\t\t\t\t\t<\/a>\n\t\t<\/div>\n\t\t\t\t<\/div>\n\t\t\t\t<\/div>\n\t\t\t\t\t<\/div>\n\t\t<\/div>\n\t\t\t\t\t<\/div>\n\t\t<\/section>\n\t\t\t\t<section class=\"elementor-section elementor-top-section elementor-element elementor-element-e053d8c elementor-section-boxed elementor-section-height-default elementor-section-height-default\" data-id=\"e053d8c\" data-element_type=\"section\">\n\t\t\t\t\t\t<div class=\"elementor-container elementor-column-gap-default\">\n\t\t\t\t\t<div class=\"elementor-column elementor-col-100 elementor-top-column elementor-element elementor-element-bbc500c\" data-id=\"bbc500c\" data-element_type=\"column\">\n\t\t\t<div class=\"elementor-widget-wrap elementor-element-populated\">\n\t\t\t\t\t\t<div class=\"elementor-element elementor-element-89406ba elementor-widget elementor-widget-spacer\" data-id=\"89406ba\" data-element_type=\"widget\" data-widget_type=\"spacer.default\">\n\t\t\t\t<div class=\"elementor-widget-container\">\n\t\t\t\t\t<div class=\"elementor-spacer\">\n\t\t\t<div class=\"elementor-spacer-inner\"><\/div>\n\t\t<\/div>\n\t\t\t\t<\/div>\n\t\t\t\t<\/div>\n\t\t\t\t<div class=\"elementor-element elementor-element-fe61039 elementor-widget elementor-widget-text-editor\" data-id=\"fe61039\" data-element_type=\"widget\" data-widget_type=\"text-editor.default\">\n\t\t\t\t<div class=\"elementor-widget-container\">\n\t\t\t\t\t\t\t<p>Raskite daugiau leidinyje\u00a0<span style=\"color: #007cc1;\"><b>&#8222;Skaitmeninio pilieti\u0161kumo vadovas&#8221; \u2013 mokymo programoje mokytojams, dirbantiems su vidurini\u0173 mokykl\u0173 mokiniais.<\/b><\/span><\/p>\t\t\t\t\t\t<\/div>\n\t\t\t\t<\/div>\n\t\t\t\t\t<\/div>\n\t\t<\/div>\n\t\t\t\t\t<\/div>\n\t\t<\/section>\n\t\t\t\t<\/div>\n\t\t","protected":false},"excerpt":{"rendered":"<p>Mokymo programa vidurini\u0173 mokykl\u0173 mokiniams \u0160is vadovas ir j\u012f lydinti med\u017eiaga skirti pad\u0117ti mokytojams ugdyti jaun\u0173 \u017emoni\u0173 skaitmenines kompetencijas. Leidinyje si\u016blomas naujas po\u017ei\u016bris \u012f skaitmenin\u012f ir medij\u0173 ra\u0161tingum\u0105, grind\u017eiamas \u012fsitikinimu, kad skaitmeninius \u012fg\u016bd\u017eius verta ugdyti kartu su emocinio s\u0105moningumo ir veiklumo stiprinimu, k\u016brybi\u0161kumo skatinimu, priklausymo jausmo ir socialini\u0173 ry\u0161i\u0173 puosel\u0117jimu bei savivert\u0117s ugdymu. 45 minu\u010di\u0173&hellip; <a href=\"https:\/\/bia4all.eu\/lt\/mokymo-programa-viduriniu-mokyklu-mokiniams\/\">Continue reading&#8230;<\/a><\/p>\n","protected":false},"author":4,"featured_media":2516,"parent":0,"menu_order":0,"comment_status":"closed","ping_status":"closed","template":"templates\/elementor-tpl.php","meta":{"inline_featured_image":false,"footnotes":""},"class_list":["post-2295","page","type-page","status-publish","has-post-thumbnail","hentry"],"acf":[],"yoast_head":"<!-- This site is optimized with the Yoast SEO plugin v23.0 - https:\/\/yoast.com\/wordpress\/plugins\/seo\/ -->\n<title>Mokymo programa vidurini\u0173 mokykl\u0173 mokiniams | Be Internet Awesome For All LT<\/title>\n<meta name=\"description\" content=\"The curriculum and accompanying handbook materials are designed to support teachers in developing digital competencies of young people.\" \/>\n<meta name=\"robots\" content=\"index, follow, max-snippet:-1, max-image-preview:large, max-video-preview:-1\" \/>\n<link rel=\"canonical\" href=\"https:\/\/bia4all.eu\/lt\/mokymo-programa-viduriniu-mokyklu-mokiniams\/\" \/>\n<meta property=\"og:locale\" content=\"pl_PL\" \/>\n<meta property=\"og:type\" content=\"article\" \/>\n<meta property=\"og:title\" content=\"Be Internet Awesome For All - Curriculum for secondary schools students\" \/>\n<meta property=\"og:description\" content=\"The curriculum and accompanying handbook materials are designed to support teachers in developing digital competencies of young people.\" \/>\n<meta property=\"og:url\" content=\"https:\/\/bia4all.eu\/lt\/mokymo-programa-viduriniu-mokyklu-mokiniams\/\" \/>\n<meta property=\"og:site_name\" content=\"LT\" \/>\n<meta property=\"article:modified_time\" content=\"2026-01-05T18:41:31+00:00\" \/>\n<meta property=\"og:image\" content=\"https:\/\/bia4all.eu\/lt\/wp-content\/uploads\/sites\/17\/2024\/12\/BIA-yoast-curriculum-ponadpodstawowe.png\" \/>\n\t<meta property=\"og:image:width\" content=\"1200\" \/>\n\t<meta property=\"og:image:height\" content=\"628\" \/>\n\t<meta property=\"og:image:type\" content=\"image\/png\" \/>\n<meta name=\"twitter:card\" content=\"summary_large_image\" \/>\n<meta name=\"twitter:title\" content=\"Be Internet Awesome For All - Curriculum for secondary schools students\" \/>\n<meta name=\"twitter:description\" content=\"The curriculum and accompanying handbook materials are designed to support teachers in developing digital competencies of young people.\" \/>\n<meta name=\"twitter:image\" content=\"https:\/\/bia4all.eu\/lt\/wp-content\/uploads\/sites\/17\/2024\/12\/BIA-yoast-curriculum-ponadpodstawowe.png\" \/>\n<meta name=\"twitter:label1\" content=\"Szacowany czas czytania\" \/>\n\t<meta name=\"twitter:data1\" content=\"1 minuta\" \/>\n<script type=\"application\/ld+json\" class=\"yoast-schema-graph\">{\"@context\":\"https:\/\/schema.org\",\"@graph\":[{\"@type\":\"WebPage\",\"@id\":\"https:\/\/bia4all.eu\/lt\/mokymo-programa-viduriniu-mokyklu-mokiniams\/\",\"url\":\"https:\/\/bia4all.eu\/lt\/mokymo-programa-viduriniu-mokyklu-mokiniams\/\",\"name\":\"Mokymo programa vidurini\u0173 mokykl\u0173 mokiniams - LT\",\"isPartOf\":{\"@id\":\"https:\/\/bia4all.eu\/lt\/#website\"},\"primaryImageOfPage\":{\"@id\":\"https:\/\/bia4all.eu\/lt\/mokymo-programa-viduriniu-mokyklu-mokiniams\/#primaryimage\"},\"image\":{\"@id\":\"https:\/\/bia4all.eu\/lt\/mokymo-programa-viduriniu-mokyklu-mokiniams\/#primaryimage\"},\"thumbnailUrl\":\"https:\/\/bia4all.eu\/lt\/wp-content\/uploads\/sites\/17\/2026\/01\/BIA-LT-yoast-curriculum-ponadpodstawowe.png\",\"datePublished\":\"2024-12-20T09:06:46+00:00\",\"dateModified\":\"2026-01-05T18:41:31+00:00\",\"description\":\"The curriculum and accompanying handbook materials are designed to support teachers in developing digital competencies of young people.\",\"breadcrumb\":{\"@id\":\"https:\/\/bia4all.eu\/lt\/mokymo-programa-viduriniu-mokyklu-mokiniams\/#breadcrumb\"},\"inLanguage\":\"pl-PL\",\"potentialAction\":[{\"@type\":\"ReadAction\",\"target\":[\"https:\/\/bia4all.eu\/lt\/mokymo-programa-viduriniu-mokyklu-mokiniams\/\"]}]},{\"@type\":\"ImageObject\",\"inLanguage\":\"pl-PL\",\"@id\":\"https:\/\/bia4all.eu\/lt\/mokymo-programa-viduriniu-mokyklu-mokiniams\/#primaryimage\",\"url\":\"https:\/\/bia4all.eu\/lt\/wp-content\/uploads\/sites\/17\/2026\/01\/BIA-LT-yoast-curriculum-ponadpodstawowe.png\",\"contentUrl\":\"https:\/\/bia4all.eu\/lt\/wp-content\/uploads\/sites\/17\/2026\/01\/BIA-LT-yoast-curriculum-ponadpodstawowe.png\",\"width\":1200,\"height\":628},{\"@type\":\"BreadcrumbList\",\"@id\":\"https:\/\/bia4all.eu\/lt\/mokymo-programa-viduriniu-mokyklu-mokiniams\/#breadcrumb\",\"itemListElement\":[{\"@type\":\"ListItem\",\"position\":1,\"name\":\"Strona g\u0142\u00f3wna\",\"item\":\"https:\/\/bia4all.eu\/lt\/\"},{\"@type\":\"ListItem\",\"position\":2,\"name\":\"Mokymo programa vidurini\u0173 mokykl\u0173 mokiniams\"}]},{\"@type\":\"WebSite\",\"@id\":\"https:\/\/bia4all.eu\/lt\/#website\",\"url\":\"https:\/\/bia4all.eu\/lt\/\",\"name\":\"LT\",\"description\":\"Be Internet Awesome For All LT\",\"potentialAction\":[{\"@type\":\"SearchAction\",\"target\":{\"@type\":\"EntryPoint\",\"urlTemplate\":\"https:\/\/bia4all.eu\/lt\/?s={search_term_string}\"},\"query-input\":\"required name=search_term_string\"}],\"inLanguage\":\"pl-PL\"}]}<\/script>\n<!-- \/ Yoast SEO plugin. -->","yoast_head_json":{"title":"Mokymo programa vidurini\u0173 mokykl\u0173 mokiniams | Be Internet Awesome For All LT","description":"The curriculum and accompanying handbook materials are designed to support teachers in developing digital competencies of young people.","robots":{"index":"index","follow":"follow","max-snippet":"max-snippet:-1","max-image-preview":"max-image-preview:large","max-video-preview":"max-video-preview:-1"},"canonical":"https:\/\/bia4all.eu\/lt\/mokymo-programa-viduriniu-mokyklu-mokiniams\/","og_locale":"pl_PL","og_type":"article","og_title":"Be Internet Awesome For All - Curriculum for secondary schools students","og_description":"The curriculum and accompanying handbook materials are designed to support teachers in developing digital competencies of young people.","og_url":"https:\/\/bia4all.eu\/lt\/mokymo-programa-viduriniu-mokyklu-mokiniams\/","og_site_name":"LT","article_modified_time":"2026-01-05T18:41:31+00:00","og_image":[{"width":1200,"height":628,"url":"https:\/\/bia4all.eu\/lt\/wp-content\/uploads\/sites\/17\/2024\/12\/BIA-yoast-curriculum-ponadpodstawowe.png","type":"image\/png"}],"twitter_card":"summary_large_image","twitter_title":"Be Internet Awesome For All - Curriculum for secondary schools students","twitter_description":"The curriculum and accompanying handbook materials are designed to support teachers in developing digital competencies of young people.","twitter_image":"https:\/\/bia4all.eu\/lt\/wp-content\/uploads\/sites\/17\/2024\/12\/BIA-yoast-curriculum-ponadpodstawowe.png","twitter_misc":{"Szacowany czas czytania":"1 minuta"},"schema":{"@context":"https:\/\/schema.org","@graph":[{"@type":"WebPage","@id":"https:\/\/bia4all.eu\/lt\/mokymo-programa-viduriniu-mokyklu-mokiniams\/","url":"https:\/\/bia4all.eu\/lt\/mokymo-programa-viduriniu-mokyklu-mokiniams\/","name":"Mokymo programa vidurini\u0173 mokykl\u0173 mokiniams - LT","isPartOf":{"@id":"https:\/\/bia4all.eu\/lt\/#website"},"primaryImageOfPage":{"@id":"https:\/\/bia4all.eu\/lt\/mokymo-programa-viduriniu-mokyklu-mokiniams\/#primaryimage"},"image":{"@id":"https:\/\/bia4all.eu\/lt\/mokymo-programa-viduriniu-mokyklu-mokiniams\/#primaryimage"},"thumbnailUrl":"https:\/\/bia4all.eu\/lt\/wp-content\/uploads\/sites\/17\/2026\/01\/BIA-LT-yoast-curriculum-ponadpodstawowe.png","datePublished":"2024-12-20T09:06:46+00:00","dateModified":"2026-01-05T18:41:31+00:00","description":"The curriculum and accompanying handbook materials are designed to support teachers in developing digital competencies of young people.","breadcrumb":{"@id":"https:\/\/bia4all.eu\/lt\/mokymo-programa-viduriniu-mokyklu-mokiniams\/#breadcrumb"},"inLanguage":"pl-PL","potentialAction":[{"@type":"ReadAction","target":["https:\/\/bia4all.eu\/lt\/mokymo-programa-viduriniu-mokyklu-mokiniams\/"]}]},{"@type":"ImageObject","inLanguage":"pl-PL","@id":"https:\/\/bia4all.eu\/lt\/mokymo-programa-viduriniu-mokyklu-mokiniams\/#primaryimage","url":"https:\/\/bia4all.eu\/lt\/wp-content\/uploads\/sites\/17\/2026\/01\/BIA-LT-yoast-curriculum-ponadpodstawowe.png","contentUrl":"https:\/\/bia4all.eu\/lt\/wp-content\/uploads\/sites\/17\/2026\/01\/BIA-LT-yoast-curriculum-ponadpodstawowe.png","width":1200,"height":628},{"@type":"BreadcrumbList","@id":"https:\/\/bia4all.eu\/lt\/mokymo-programa-viduriniu-mokyklu-mokiniams\/#breadcrumb","itemListElement":[{"@type":"ListItem","position":1,"name":"Strona g\u0142\u00f3wna","item":"https:\/\/bia4all.eu\/lt\/"},{"@type":"ListItem","position":2,"name":"Mokymo programa vidurini\u0173 mokykl\u0173 mokiniams"}]},{"@type":"WebSite","@id":"https:\/\/bia4all.eu\/lt\/#website","url":"https:\/\/bia4all.eu\/lt\/","name":"LT","description":"Be Internet Awesome For All LT","potentialAction":[{"@type":"SearchAction","target":{"@type":"EntryPoint","urlTemplate":"https:\/\/bia4all.eu\/lt\/?s={search_term_string}"},"query-input":"required name=search_term_string"}],"inLanguage":"pl-PL"}]}},"_links":{"self":[{"href":"https:\/\/bia4all.eu\/lt\/wp-json\/wp\/v2\/pages\/2295"}],"collection":[{"href":"https:\/\/bia4all.eu\/lt\/wp-json\/wp\/v2\/pages"}],"about":[{"href":"https:\/\/bia4all.eu\/lt\/wp-json\/wp\/v2\/types\/page"}],"author":[{"embeddable":true,"href":"https:\/\/bia4all.eu\/lt\/wp-json\/wp\/v2\/users\/4"}],"replies":[{"embeddable":true,"href":"https:\/\/bia4all.eu\/lt\/wp-json\/wp\/v2\/comments?post=2295"}],"version-history":[{"count":11,"href":"https:\/\/bia4all.eu\/lt\/wp-json\/wp\/v2\/pages\/2295\/revisions"}],"predecessor-version":[{"id":2524,"href":"https:\/\/bia4all.eu\/lt\/wp-json\/wp\/v2\/pages\/2295\/revisions\/2524"}],"wp:featuredmedia":[{"embeddable":true,"href":"https:\/\/bia4all.eu\/lt\/wp-json\/wp\/v2\/media\/2516"}],"wp:attachment":[{"href":"https:\/\/bia4all.eu\/lt\/wp-json\/wp\/v2\/media?parent=2295"}],"curies":[{"name":"wp","href":"https:\/\/api.w.org\/{rel}","templated":true}]}}