{"id":1015,"date":"2024-06-24T15:48:02","date_gmt":"2024-06-24T13:48:02","guid":{"rendered":"https:\/\/bia4all.eu\/lv\/?page_id=1015"},"modified":"2025-09-29T20:04:25","modified_gmt":"2025-09-29T18:04:25","slug":"macibu-programma-no-6-lidz-9-gadiem","status":"publish","type":"page","link":"https:\/\/bia4all.eu\/lv\/macibu-programma-no-6-lidz-9-gadiem\/","title":{"rendered":"M\u0101c\u012bbu programma skol\u0113niem vecum\u0101 no 6 l\u012bdz 9 gadiem"},"content":{"rendered":"\t\t<div data-elementor-type=\"wp-page\" data-elementor-id=\"1015\" class=\"elementor elementor-1015\" data-elementor-post-type=\"page\">\n\t\t\t\t\t\t<section class=\"elementor-section elementor-top-section elementor-element elementor-element-24a7d07 elementor-section-boxed elementor-section-height-default elementor-section-height-default\" data-id=\"24a7d07\" data-element_type=\"section\">\n\t\t\t\t\t\t<div class=\"elementor-container elementor-column-gap-default\">\n\t\t\t\t\t<div class=\"elementor-column elementor-col-100 elementor-top-column elementor-element elementor-element-a6b9ba1\" data-id=\"a6b9ba1\" data-element_type=\"column\">\n\t\t\t<div class=\"elementor-widget-wrap elementor-element-populated\">\n\t\t\t\t\t\t<div class=\"elementor-element elementor-element-c815554 elementor-widget elementor-widget-spacer\" data-id=\"c815554\" data-element_type=\"widget\" data-widget_type=\"spacer.default\">\n\t\t\t\t<div class=\"elementor-widget-container\">\n\t\t\t\t\t<div class=\"elementor-spacer\">\n\t\t\t<div class=\"elementor-spacer-inner\"><\/div>\n\t\t<\/div>\n\t\t\t\t<\/div>\n\t\t\t\t<\/div>\n\t\t\t\t\t<\/div>\n\t\t<\/div>\n\t\t\t\t\t<\/div>\n\t\t<\/section>\n\t\t\t\t<section class=\"elementor-section elementor-top-section elementor-element elementor-element-ba6202e elementor-section-boxed elementor-section-height-default elementor-section-height-default\" data-id=\"ba6202e\" data-element_type=\"section\">\n\t\t\t\t\t\t<div class=\"elementor-container elementor-column-gap-default\">\n\t\t\t\t\t<div class=\"elementor-column elementor-col-100 elementor-top-column elementor-element elementor-element-2380c3d\" data-id=\"2380c3d\" data-element_type=\"column\">\n\t\t\t<div class=\"elementor-widget-wrap elementor-element-populated\">\n\t\t\t\t\t\t<div class=\"elementor-element elementor-element-6ac8df6 elementor-widget elementor-widget-heading\" data-id=\"6ac8df6\" data-element_type=\"widget\" data-widget_type=\"heading.default\">\n\t\t\t\t<div class=\"elementor-widget-container\">\n\t\t\t<h1 class=\"elementor-heading-title elementor-size-default\">M\u0101c\u012bbu programma skol\u0113niem vecum\u0101 no 6 l\u012bdz 9 gadiem<\/h1>\t\t<\/div>\n\t\t\t\t<\/div>\n\t\t\t\t\t<\/div>\n\t\t<\/div>\n\t\t\t\t\t<\/div>\n\t\t<\/section>\n\t\t\t\t<section class=\"elementor-section elementor-top-section elementor-element elementor-element-376ac67 elementor-section-boxed elementor-section-height-default elementor-section-height-default\" data-id=\"376ac67\" data-element_type=\"section\">\n\t\t\t\t\t\t<div class=\"elementor-container elementor-column-gap-default\">\n\t\t\t\t\t<div class=\"elementor-column elementor-col-100 elementor-top-column elementor-element elementor-element-e15c3c7\" data-id=\"e15c3c7\" data-element_type=\"column\">\n\t\t\t<div class=\"elementor-widget-wrap elementor-element-populated\">\n\t\t\t\t\t\t<div class=\"elementor-element elementor-element-ed22a67 elementor-widget elementor-widget-spacer\" data-id=\"ed22a67\" data-element_type=\"widget\" data-widget_type=\"spacer.default\">\n\t\t\t\t<div class=\"elementor-widget-container\">\n\t\t\t\t\t<div class=\"elementor-spacer\">\n\t\t\t<div class=\"elementor-spacer-inner\"><\/div>\n\t\t<\/div>\n\t\t\t\t<\/div>\n\t\t\t\t<\/div>\n\t\t\t\t\t<\/div>\n\t\t<\/div>\n\t\t\t\t\t<\/div>\n\t\t<\/section>\n\t\t\t\t<section class=\"elementor-section elementor-top-section elementor-element elementor-element-3f1cbdfa elementor-section-boxed elementor-section-height-default elementor-section-height-default\" data-id=\"3f1cbdfa\" data-element_type=\"section\">\n\t\t\t\t\t\t<div class=\"elementor-container elementor-column-gap-default\">\n\t\t\t\t\t<div class=\"elementor-column elementor-col-50 elementor-top-column elementor-element elementor-element-748a8f3d\" data-id=\"748a8f3d\" data-element_type=\"column\">\n\t\t\t<div class=\"elementor-widget-wrap elementor-element-populated\">\n\t\t\t\t\t\t<div class=\"elementor-element elementor-element-4658cf34 elementor-absolute elementor-widget elementor-widget-image\" data-id=\"4658cf34\" data-element_type=\"widget\" data-settings=\"{&quot;_position&quot;:&quot;absolute&quot;}\" data-widget_type=\"image.default\">\n\t\t\t\t<div class=\"elementor-widget-container\">\n\t\t\t\t\t\t\t\t\t\t\t\t\t\t<a href=\"https:\/\/www.szkolazklasa.org.pl\/?smd_process_download=1&#038;download_id=12607\" target=\"_blank\">\n\t\t\t\t\t\t\t<img fetchpriority=\"high\" decoding=\"async\" width=\"770\" height=\"572\" src=\"https:\/\/bia4all.eu\/lv\/wp-content\/uploads\/sites\/18\/2025\/09\/BIA-LV-material-curriculum-6-9-1024x761.png\" class=\"elementor-animation-grow attachment-large size-large wp-image-2464\" alt=\"\" srcset=\"https:\/\/bia4all.eu\/lv\/wp-content\/uploads\/sites\/18\/2025\/09\/BIA-LV-material-curriculum-6-9-1024x761.png 1024w, https:\/\/bia4all.eu\/lv\/wp-content\/uploads\/sites\/18\/2025\/09\/BIA-LV-material-curriculum-6-9-300x223.png 300w, https:\/\/bia4all.eu\/lv\/wp-content\/uploads\/sites\/18\/2025\/09\/BIA-LV-material-curriculum-6-9-768x571.png 768w, https:\/\/bia4all.eu\/lv\/wp-content\/uploads\/sites\/18\/2025\/09\/BIA-LV-material-curriculum-6-9.png 1164w\" sizes=\"(max-width: 770px) 100vw, 770px\" \/>\t\t\t\t\t\t\t\t<\/a>\n\t\t\t\t\t\t\t\t\t\t\t\t\t<\/div>\n\t\t\t\t<\/div>\n\t\t\t\t\t<\/div>\n\t\t<\/div>\n\t\t\t\t<div class=\"elementor-column elementor-col-50 elementor-top-column elementor-element elementor-element-1b61a80e\" data-id=\"1b61a80e\" data-element_type=\"column\">\n\t\t\t<div class=\"elementor-widget-wrap elementor-element-populated\">\n\t\t\t\t\t\t<div class=\"elementor-element elementor-element-10e071cd elementor-widget elementor-widget-text-editor\" data-id=\"10e071cd\" data-element_type=\"widget\" data-widget_type=\"text-editor.default\">\n\t\t\t\t<div class=\"elementor-widget-container\">\n\t\t\t\t\t\t\t<p>Laipni l\u016bdzam &#8222;Esi interneta izcilnieks!&#8221; Land. \u0160\u012b m\u0101c\u012bbu programma un papildu resursi ir izstr\u0101d\u0101ti, lai pal\u012bdz\u0113tu skolot\u0101jiem un izgl\u012btot\u0101jiem m\u0101c\u012bt par dro\u0161u un atbild\u012bgu interneta lieto\u0161anu. Aktivit\u0101tes ir paredz\u0113tas 6\u20139 gadus veciem skol\u0113niem, bet t\u0101s var b\u016bt noder\u012bgas ar\u012b tiem, kas str\u0101d\u0101 ar vec\u0101kiem skol\u0113niem.<\/p><p><i>Publik\u0101cija ir izstr\u0101d\u0101ta sadarb\u012bb\u0101 ar School with Class Foundation k\u0101 da\u013ca no &#8222;Esi interneta izcilnieks!&#8221; programmas, kas izveidota un att\u012bst\u012bta sadarb\u012bb\u0101 starp Google.Org un School with Class Foundation.<\/i><\/p>\t\t\t\t\t\t<\/div>\n\t\t\t\t<\/div>\n\t\t\t\t<div class=\"elementor-element elementor-element-1f3392e6 elementor-widget elementor-widget-button\" data-id=\"1f3392e6\" data-element_type=\"widget\" data-widget_type=\"button.default\">\n\t\t\t\t<div class=\"elementor-widget-container\">\n\t\t\t\t\t<div class=\"elementor-button-wrapper\">\n\t\t\t<a class=\"elementor-button elementor-button-link elementor-size-md\" href=\"https:\/\/www.szkolazklasa.org.pl\/?smd_process_download=1&#038;download_id=12607\" target=\"_blank\">\n\t\t\t\t\t\t<span class=\"elementor-button-content-wrapper\">\n\t\t\t\t\t\t\t\t\t<span class=\"elementor-button-text\">LEJUPIEL\u0100D\u0112T<\/span>\n\t\t\t\t\t<\/span>\n\t\t\t\t\t<\/a>\n\t\t<\/div>\n\t\t\t\t<\/div>\n\t\t\t\t<\/div>\n\t\t\t\t\t<\/div>\n\t\t<\/div>\n\t\t\t\t\t<\/div>\n\t\t<\/section>\n\t\t\t\t<section class=\"elementor-section elementor-top-section elementor-element elementor-element-6a00125 elementor-section-boxed elementor-section-height-default elementor-section-height-default\" data-id=\"6a00125\" data-element_type=\"section\">\n\t\t\t\t\t\t<div class=\"elementor-container elementor-column-gap-default\">\n\t\t\t\t\t<div class=\"elementor-column elementor-col-100 elementor-top-column elementor-element elementor-element-9589f90\" data-id=\"9589f90\" data-element_type=\"column\">\n\t\t\t<div class=\"elementor-widget-wrap elementor-element-populated\">\n\t\t\t\t\t\t<div class=\"elementor-element elementor-element-b241b68 elementor-widget elementor-widget-spacer\" data-id=\"b241b68\" data-element_type=\"widget\" data-widget_type=\"spacer.default\">\n\t\t\t\t<div class=\"elementor-widget-container\">\n\t\t\t\t\t<div class=\"elementor-spacer\">\n\t\t\t<div class=\"elementor-spacer-inner\"><\/div>\n\t\t<\/div>\n\t\t\t\t<\/div>\n\t\t\t\t<\/div>\n\t\t\t\t<div class=\"elementor-element elementor-element-d45036f elementor-widget elementor-widget-text-editor\" data-id=\"d45036f\" data-element_type=\"widget\" data-widget_type=\"text-editor.default\">\n\t\t\t\t<div class=\"elementor-widget-container\">\n\t\t\t\t\t\t\t<p>Vair\u0101k inform\u0101cijas mekl\u0113jiet<strong><a href=\"https:\/\/eng.szkolazklasa.org.pl\/materialy\/be-internet-awesome-curriculum-for-teachers-and-educators-of-students-aged-6-9\/\" target=\"_blank\" rel=\"noopener\">\u00a0&#8222;Esi interneta izcilnieks!&#8221; m\u0101c\u012bbu programm\u0101 skolot\u0101jiem un izgl\u012btot\u0101jiem, kuri str\u0101d\u0101 ar 6\u20139 gadus veciem skol\u0113niem<\/a><\/strong>.<\/p>\t\t\t\t\t\t<\/div>\n\t\t\t\t<\/div>\n\t\t\t\t\t<\/div>\n\t\t<\/div>\n\t\t\t\t\t<\/div>\n\t\t<\/section>\n\t\t\t\t<\/div>\n\t\t","protected":false},"excerpt":{"rendered":"<p>M\u0101c\u012bbu programma skol\u0113niem vecum\u0101 no 6 l\u012bdz 9 gadiem Laipni l\u016bdzam &#8222;Esi interneta izcilnieks!&#8221; Land. \u0160\u012b m\u0101c\u012bbu programma un papildu resursi ir izstr\u0101d\u0101ti, lai pal\u012bdz\u0113tu skolot\u0101jiem un izgl\u012btot\u0101jiem m\u0101c\u012bt par dro\u0161u un atbild\u012bgu interneta lieto\u0161anu. Aktivit\u0101tes ir paredz\u0113tas 6\u20139 gadus veciem skol\u0113niem, bet t\u0101s var b\u016bt noder\u012bgas ar\u012b tiem, kas str\u0101d\u0101 ar vec\u0101kiem skol\u0113niem. Publik\u0101cija&hellip; <a href=\"https:\/\/bia4all.eu\/lv\/macibu-programma-no-6-lidz-9-gadiem\/\">Continue reading&#8230;<\/a><\/p>\n","protected":false},"author":4,"featured_media":2503,"parent":0,"menu_order":0,"comment_status":"closed","ping_status":"closed","template":"templates\/elementor-tpl.php","meta":{"inline_featured_image":false,"footnotes":""},"class_list":["post-1015","page","type-page","status-publish","has-post-thumbnail","hentry"],"acf":[],"yoast_head":"<!-- This site is optimized with the Yoast SEO plugin v23.0 - https:\/\/yoast.com\/wordpress\/plugins\/seo\/ -->\n<title>M\u0101c\u012bbu programma skol\u0113niem vecum\u0101 no 6 l\u012bdz 9 gadiem | Be Internet Awesome For All LV<\/title>\n<meta name=\"description\" content=\"This curriculum for students aged 6-9 has been developed in order to support educators in teaching about safe use of the Internet.\" \/>\n<meta name=\"robots\" content=\"index, follow, max-snippet:-1, max-image-preview:large, max-video-preview:-1\" \/>\n<link rel=\"canonical\" href=\"https:\/\/bia4all.eu\/lv\/macibu-programma-no-6-lidz-9-gadiem\/\" \/>\n<meta property=\"og:locale\" content=\"pl_PL\" \/>\n<meta property=\"og:type\" content=\"article\" \/>\n<meta property=\"og:title\" content=\"Be Internet Awesome For All - Curriculum for students aged 6-9\" \/>\n<meta property=\"og:description\" content=\"This curriculum has been developed in order to support teachers and educators in teaching about safe and responsible use of the Internet.\" \/>\n<meta property=\"og:url\" content=\"https:\/\/bia4all.eu\/lv\/macibu-programma-no-6-lidz-9-gadiem\/\" \/>\n<meta property=\"og:site_name\" content=\"LV\" \/>\n<meta property=\"article:modified_time\" content=\"2025-09-29T18:04:25+00:00\" \/>\n<meta property=\"og:image\" content=\"https:\/\/bia4all.eu\/lv\/wp-content\/uploads\/sites\/18\/2024\/06\/BIA-yoast-curriculum-6-9.png\" \/>\n\t<meta property=\"og:image:width\" content=\"1200\" \/>\n\t<meta property=\"og:image:height\" content=\"628\" \/>\n\t<meta property=\"og:image:type\" content=\"image\/png\" \/>\n<meta name=\"twitter:card\" content=\"summary_large_image\" \/>\n<meta name=\"twitter:title\" content=\"Be Internet Awesome For All - Curriculum for students aged 6-9\" \/>\n<meta name=\"twitter:description\" content=\"This curriculum has been developed in order to support teachers and educators in teaching about safe and responsible use of the Internet.\" \/>\n<meta name=\"twitter:image\" content=\"https:\/\/bia4all.eu\/lv\/wp-content\/uploads\/sites\/18\/2024\/06\/BIA-yoast-curriculum-6-9.png\" \/>\n<meta name=\"twitter:label1\" content=\"Szacowany czas czytania\" \/>\n\t<meta name=\"twitter:data1\" content=\"2 minuty\" \/>\n<script type=\"application\/ld+json\" class=\"yoast-schema-graph\">{\"@context\":\"https:\/\/schema.org\",\"@graph\":[{\"@type\":\"WebPage\",\"@id\":\"https:\/\/bia4all.eu\/lv\/macibu-programma-no-6-lidz-9-gadiem\/\",\"url\":\"https:\/\/bia4all.eu\/lv\/macibu-programma-no-6-lidz-9-gadiem\/\",\"name\":\"M\u0101c\u012bbu programma skol\u0113niem vecum\u0101 no 6 l\u012bdz 9 gadiem - LV\",\"isPartOf\":{\"@id\":\"https:\/\/bia4all.eu\/lv\/#website\"},\"primaryImageOfPage\":{\"@id\":\"https:\/\/bia4all.eu\/lv\/macibu-programma-no-6-lidz-9-gadiem\/#primaryimage\"},\"image\":{\"@id\":\"https:\/\/bia4all.eu\/lv\/macibu-programma-no-6-lidz-9-gadiem\/#primaryimage\"},\"thumbnailUrl\":\"https:\/\/bia4all.eu\/lv\/wp-content\/uploads\/sites\/18\/2025\/09\/BIA-LV-yoast-curriculum-6-9.png\",\"datePublished\":\"2024-06-24T13:48:02+00:00\",\"dateModified\":\"2025-09-29T18:04:25+00:00\",\"description\":\"This curriculum for students aged 6-9 has been developed in order to support educators in teaching about safe use of the Internet.\",\"breadcrumb\":{\"@id\":\"https:\/\/bia4all.eu\/lv\/macibu-programma-no-6-lidz-9-gadiem\/#breadcrumb\"},\"inLanguage\":\"pl-PL\",\"potentialAction\":[{\"@type\":\"ReadAction\",\"target\":[\"https:\/\/bia4all.eu\/lv\/macibu-programma-no-6-lidz-9-gadiem\/\"]}]},{\"@type\":\"ImageObject\",\"inLanguage\":\"pl-PL\",\"@id\":\"https:\/\/bia4all.eu\/lv\/macibu-programma-no-6-lidz-9-gadiem\/#primaryimage\",\"url\":\"https:\/\/bia4all.eu\/lv\/wp-content\/uploads\/sites\/18\/2025\/09\/BIA-LV-yoast-curriculum-6-9.png\",\"contentUrl\":\"https:\/\/bia4all.eu\/lv\/wp-content\/uploads\/sites\/18\/2025\/09\/BIA-LV-yoast-curriculum-6-9.png\",\"width\":1200,\"height\":628},{\"@type\":\"BreadcrumbList\",\"@id\":\"https:\/\/bia4all.eu\/lv\/macibu-programma-no-6-lidz-9-gadiem\/#breadcrumb\",\"itemListElement\":[{\"@type\":\"ListItem\",\"position\":1,\"name\":\"Strona g\u0142\u00f3wna\",\"item\":\"https:\/\/bia4all.eu\/lv\/\"},{\"@type\":\"ListItem\",\"position\":2,\"name\":\"M\u0101c\u012bbu programma skol\u0113niem vecum\u0101 no 6 l\u012bdz 9 gadiem\"}]},{\"@type\":\"WebSite\",\"@id\":\"https:\/\/bia4all.eu\/lv\/#website\",\"url\":\"https:\/\/bia4all.eu\/lv\/\",\"name\":\"LV\",\"description\":\"Be Internet Awesome For All LV\",\"potentialAction\":[{\"@type\":\"SearchAction\",\"target\":{\"@type\":\"EntryPoint\",\"urlTemplate\":\"https:\/\/bia4all.eu\/lv\/?s={search_term_string}\"},\"query-input\":\"required name=search_term_string\"}],\"inLanguage\":\"pl-PL\"}]}<\/script>\n<!-- \/ Yoast SEO plugin. -->","yoast_head_json":{"title":"M\u0101c\u012bbu programma skol\u0113niem vecum\u0101 no 6 l\u012bdz 9 gadiem | Be Internet Awesome For All LV","description":"This curriculum for students aged 6-9 has been developed in order to support educators in teaching about safe use of the Internet.","robots":{"index":"index","follow":"follow","max-snippet":"max-snippet:-1","max-image-preview":"max-image-preview:large","max-video-preview":"max-video-preview:-1"},"canonical":"https:\/\/bia4all.eu\/lv\/macibu-programma-no-6-lidz-9-gadiem\/","og_locale":"pl_PL","og_type":"article","og_title":"Be Internet Awesome For All - Curriculum for students aged 6-9","og_description":"This curriculum has been developed in order to support teachers and educators in teaching about safe and responsible use of the Internet.","og_url":"https:\/\/bia4all.eu\/lv\/macibu-programma-no-6-lidz-9-gadiem\/","og_site_name":"LV","article_modified_time":"2025-09-29T18:04:25+00:00","og_image":[{"width":1200,"height":628,"url":"https:\/\/bia4all.eu\/lv\/wp-content\/uploads\/sites\/18\/2024\/06\/BIA-yoast-curriculum-6-9.png","type":"image\/png"}],"twitter_card":"summary_large_image","twitter_title":"Be Internet Awesome For All - Curriculum for students aged 6-9","twitter_description":"This curriculum has been developed in order to support teachers and educators in teaching about safe and responsible use of the Internet.","twitter_image":"https:\/\/bia4all.eu\/lv\/wp-content\/uploads\/sites\/18\/2024\/06\/BIA-yoast-curriculum-6-9.png","twitter_misc":{"Szacowany czas czytania":"2 minuty"},"schema":{"@context":"https:\/\/schema.org","@graph":[{"@type":"WebPage","@id":"https:\/\/bia4all.eu\/lv\/macibu-programma-no-6-lidz-9-gadiem\/","url":"https:\/\/bia4all.eu\/lv\/macibu-programma-no-6-lidz-9-gadiem\/","name":"M\u0101c\u012bbu programma skol\u0113niem vecum\u0101 no 6 l\u012bdz 9 gadiem - LV","isPartOf":{"@id":"https:\/\/bia4all.eu\/lv\/#website"},"primaryImageOfPage":{"@id":"https:\/\/bia4all.eu\/lv\/macibu-programma-no-6-lidz-9-gadiem\/#primaryimage"},"image":{"@id":"https:\/\/bia4all.eu\/lv\/macibu-programma-no-6-lidz-9-gadiem\/#primaryimage"},"thumbnailUrl":"https:\/\/bia4all.eu\/lv\/wp-content\/uploads\/sites\/18\/2025\/09\/BIA-LV-yoast-curriculum-6-9.png","datePublished":"2024-06-24T13:48:02+00:00","dateModified":"2025-09-29T18:04:25+00:00","description":"This curriculum for students aged 6-9 has been developed in order to support educators in teaching about safe use of the Internet.","breadcrumb":{"@id":"https:\/\/bia4all.eu\/lv\/macibu-programma-no-6-lidz-9-gadiem\/#breadcrumb"},"inLanguage":"pl-PL","potentialAction":[{"@type":"ReadAction","target":["https:\/\/bia4all.eu\/lv\/macibu-programma-no-6-lidz-9-gadiem\/"]}]},{"@type":"ImageObject","inLanguage":"pl-PL","@id":"https:\/\/bia4all.eu\/lv\/macibu-programma-no-6-lidz-9-gadiem\/#primaryimage","url":"https:\/\/bia4all.eu\/lv\/wp-content\/uploads\/sites\/18\/2025\/09\/BIA-LV-yoast-curriculum-6-9.png","contentUrl":"https:\/\/bia4all.eu\/lv\/wp-content\/uploads\/sites\/18\/2025\/09\/BIA-LV-yoast-curriculum-6-9.png","width":1200,"height":628},{"@type":"BreadcrumbList","@id":"https:\/\/bia4all.eu\/lv\/macibu-programma-no-6-lidz-9-gadiem\/#breadcrumb","itemListElement":[{"@type":"ListItem","position":1,"name":"Strona g\u0142\u00f3wna","item":"https:\/\/bia4all.eu\/lv\/"},{"@type":"ListItem","position":2,"name":"M\u0101c\u012bbu programma skol\u0113niem vecum\u0101 no 6 l\u012bdz 9 gadiem"}]},{"@type":"WebSite","@id":"https:\/\/bia4all.eu\/lv\/#website","url":"https:\/\/bia4all.eu\/lv\/","name":"LV","description":"Be Internet Awesome For All LV","potentialAction":[{"@type":"SearchAction","target":{"@type":"EntryPoint","urlTemplate":"https:\/\/bia4all.eu\/lv\/?s={search_term_string}"},"query-input":"required name=search_term_string"}],"inLanguage":"pl-PL"}]}},"_links":{"self":[{"href":"https:\/\/bia4all.eu\/lv\/wp-json\/wp\/v2\/pages\/1015"}],"collection":[{"href":"https:\/\/bia4all.eu\/lv\/wp-json\/wp\/v2\/pages"}],"about":[{"href":"https:\/\/bia4all.eu\/lv\/wp-json\/wp\/v2\/types\/page"}],"author":[{"embeddable":true,"href":"https:\/\/bia4all.eu\/lv\/wp-json\/wp\/v2\/users\/4"}],"replies":[{"embeddable":true,"href":"https:\/\/bia4all.eu\/lv\/wp-json\/wp\/v2\/comments?post=1015"}],"version-history":[{"count":39,"href":"https:\/\/bia4all.eu\/lv\/wp-json\/wp\/v2\/pages\/1015\/revisions"}],"predecessor-version":[{"id":2522,"href":"https:\/\/bia4all.eu\/lv\/wp-json\/wp\/v2\/pages\/1015\/revisions\/2522"}],"wp:featuredmedia":[{"embeddable":true,"href":"https:\/\/bia4all.eu\/lv\/wp-json\/wp\/v2\/media\/2503"}],"wp:attachment":[{"href":"https:\/\/bia4all.eu\/lv\/wp-json\/wp\/v2\/media?parent=1015"}],"curies":[{"name":"wp","href":"https:\/\/api.w.org\/{rel}","templated":true}]}}