{"id":1038,"date":"2024-06-24T16:07:18","date_gmt":"2024-06-24T14:07:18","guid":{"rendered":"https:\/\/bia4all.eu\/lv\/?page_id=1038"},"modified":"2025-09-29T20:04:37","modified_gmt":"2025-09-29T18:04:37","slug":"macibu-programma-no-9-lidz-12-gadiem","status":"publish","type":"page","link":"https:\/\/bia4all.eu\/lv\/macibu-programma-no-9-lidz-12-gadiem\/","title":{"rendered":"M\u0101c\u012bbu programma skol\u0113niem vecum\u0101 no 9 l\u012bdz 12 gadiem"},"content":{"rendered":"\t\t<div data-elementor-type=\"wp-page\" data-elementor-id=\"1038\" class=\"elementor elementor-1038\" data-elementor-post-type=\"page\">\n\t\t\t\t\t\t<section class=\"elementor-section elementor-top-section elementor-element elementor-element-d4104ae elementor-section-boxed elementor-section-height-default elementor-section-height-default\" data-id=\"d4104ae\" data-element_type=\"section\">\n\t\t\t\t\t\t<div class=\"elementor-container elementor-column-gap-default\">\n\t\t\t\t\t<div class=\"elementor-column elementor-col-100 elementor-top-column elementor-element elementor-element-c075678\" data-id=\"c075678\" data-element_type=\"column\">\n\t\t\t<div class=\"elementor-widget-wrap elementor-element-populated\">\n\t\t\t\t\t\t<div class=\"elementor-element elementor-element-af2a6ac elementor-widget elementor-widget-spacer\" data-id=\"af2a6ac\" data-element_type=\"widget\" data-widget_type=\"spacer.default\">\n\t\t\t\t<div class=\"elementor-widget-container\">\n\t\t\t\t\t<div class=\"elementor-spacer\">\n\t\t\t<div class=\"elementor-spacer-inner\"><\/div>\n\t\t<\/div>\n\t\t\t\t<\/div>\n\t\t\t\t<\/div>\n\t\t\t\t\t<\/div>\n\t\t<\/div>\n\t\t\t\t\t<\/div>\n\t\t<\/section>\n\t\t\t\t<section class=\"elementor-section elementor-top-section elementor-element elementor-element-2d17be5 elementor-section-boxed elementor-section-height-default elementor-section-height-default\" data-id=\"2d17be5\" data-element_type=\"section\">\n\t\t\t\t\t\t<div class=\"elementor-container elementor-column-gap-default\">\n\t\t\t\t\t<div class=\"elementor-column elementor-col-100 elementor-top-column elementor-element elementor-element-8233442\" data-id=\"8233442\" data-element_type=\"column\">\n\t\t\t<div class=\"elementor-widget-wrap elementor-element-populated\">\n\t\t\t\t\t\t<div class=\"elementor-element elementor-element-82396b6 elementor-widget elementor-widget-heading\" data-id=\"82396b6\" data-element_type=\"widget\" data-widget_type=\"heading.default\">\n\t\t\t\t<div class=\"elementor-widget-container\">\n\t\t\t<h1 class=\"elementor-heading-title elementor-size-default\">M\u0101c\u012bbu programma skol\u0113niem vecum\u0101 no 9 l\u012bdz 12 gadiem<\/h1>\t\t<\/div>\n\t\t\t\t<\/div>\n\t\t\t\t\t<\/div>\n\t\t<\/div>\n\t\t\t\t\t<\/div>\n\t\t<\/section>\n\t\t\t\t<section class=\"elementor-section elementor-top-section elementor-element elementor-element-5c15ced elementor-section-boxed elementor-section-height-default elementor-section-height-default\" data-id=\"5c15ced\" data-element_type=\"section\">\n\t\t\t\t\t\t<div class=\"elementor-container elementor-column-gap-default\">\n\t\t\t\t\t<div class=\"elementor-column elementor-col-100 elementor-top-column elementor-element elementor-element-5a1ca7b\" data-id=\"5a1ca7b\" data-element_type=\"column\">\n\t\t\t<div class=\"elementor-widget-wrap elementor-element-populated\">\n\t\t\t\t\t\t<div class=\"elementor-element elementor-element-8a5ab76 elementor-widget elementor-widget-spacer\" data-id=\"8a5ab76\" data-element_type=\"widget\" data-widget_type=\"spacer.default\">\n\t\t\t\t<div class=\"elementor-widget-container\">\n\t\t\t\t\t<div class=\"elementor-spacer\">\n\t\t\t<div class=\"elementor-spacer-inner\"><\/div>\n\t\t<\/div>\n\t\t\t\t<\/div>\n\t\t\t\t<\/div>\n\t\t\t\t\t<\/div>\n\t\t<\/div>\n\t\t\t\t\t<\/div>\n\t\t<\/section>\n\t\t\t\t<section class=\"elementor-section elementor-top-section elementor-element elementor-element-31b69a8c elementor-section-boxed elementor-section-height-default elementor-section-height-default\" data-id=\"31b69a8c\" data-element_type=\"section\">\n\t\t\t\t\t\t<div class=\"elementor-container elementor-column-gap-default\">\n\t\t\t\t\t<div class=\"elementor-column elementor-col-50 elementor-top-column elementor-element elementor-element-6f4a1fbd\" data-id=\"6f4a1fbd\" data-element_type=\"column\">\n\t\t\t<div class=\"elementor-widget-wrap elementor-element-populated\">\n\t\t\t\t\t\t<div class=\"elementor-element elementor-element-ae9b111 elementor-absolute elementor-widget elementor-widget-image\" data-id=\"ae9b111\" data-element_type=\"widget\" data-settings=\"{&quot;_position&quot;:&quot;absolute&quot;}\" data-widget_type=\"image.default\">\n\t\t\t\t<div class=\"elementor-widget-container\">\n\t\t\t\t\t\t\t\t\t\t\t\t\t\t<a href=\"https:\/\/www.szkolazklasa.org.pl\/?smd_process_download=1&#038;download_id=19475\" target=\"_blank\">\n\t\t\t\t\t\t\t<img fetchpriority=\"high\" decoding=\"async\" width=\"770\" height=\"572\" src=\"https:\/\/bia4all.eu\/lv\/wp-content\/uploads\/sites\/18\/2025\/09\/BIA-LV-material-curriculum-9-12-1024x761.png\" class=\"elementor-animation-grow attachment-large size-large wp-image-2465\" alt=\"\" srcset=\"https:\/\/bia4all.eu\/lv\/wp-content\/uploads\/sites\/18\/2025\/09\/BIA-LV-material-curriculum-9-12-1024x761.png 1024w, https:\/\/bia4all.eu\/lv\/wp-content\/uploads\/sites\/18\/2025\/09\/BIA-LV-material-curriculum-9-12-300x223.png 300w, https:\/\/bia4all.eu\/lv\/wp-content\/uploads\/sites\/18\/2025\/09\/BIA-LV-material-curriculum-9-12-768x571.png 768w, https:\/\/bia4all.eu\/lv\/wp-content\/uploads\/sites\/18\/2025\/09\/BIA-LV-material-curriculum-9-12.png 1164w\" sizes=\"(max-width: 770px) 100vw, 770px\" \/>\t\t\t\t\t\t\t\t<\/a>\n\t\t\t\t\t\t\t\t\t\t\t\t\t<\/div>\n\t\t\t\t<\/div>\n\t\t\t\t\t<\/div>\n\t\t<\/div>\n\t\t\t\t<div class=\"elementor-column elementor-col-50 elementor-top-column elementor-element elementor-element-69dfc33f\" data-id=\"69dfc33f\" data-element_type=\"column\">\n\t\t\t<div class=\"elementor-widget-wrap elementor-element-populated\">\n\t\t\t\t\t\t<div class=\"elementor-element elementor-element-751627d2 elementor-widget elementor-widget-text-editor\" data-id=\"751627d2\" data-element_type=\"widget\" data-widget_type=\"text-editor.default\">\n\t\t\t\t<div class=\"elementor-widget-container\">\n\t\t\t\t\t\t\t<p>Laipni l\u016bdzam &#8222;Esi interneta izcilnieks!&#8221; m\u0101c\u012bbu programm\u0101, kas ir Google.org, The Net Safety Collaborative un Internet Keep Safe Coalition sadarb\u012bbas projekts.<\/p><p>\u0160\u012b programma ir izstr\u0101d\u0101ta 9\u201312 gadus veciem skol\u0113niem, ta\u010du ar\u012b citu vecumposmu skolot\u0101ji ir atzinu\u0161i t\u0101s noder\u012bgumu &#8211;\u00a0 v\u0101rdn\u012bca, diskusijas klas\u0113 (t\u0101s var piel\u0101got vecumam) un sp\u0113les. M\u0113s aicin\u0101m j\u016bs eksperiment\u0113t, lai atrastu to, kas visvair\u0101k ir piem\u0113rots\u00a0 j\u016bsu skol\u0113niem, neatkar\u012bgi no t\u0101, vai tas noz\u012bm\u0113 programmas apguvi no s\u0101kuma l\u012bdz beig\u0101m vai padzi\u013cin\u0101tu vienas vai vair\u0101ku t\u0113mu apguvi.<\/p>\t\t\t\t\t\t<\/div>\n\t\t\t\t<\/div>\n\t\t\t\t<div class=\"elementor-element elementor-element-5c95f61d elementor-widget elementor-widget-button\" data-id=\"5c95f61d\" data-element_type=\"widget\" data-widget_type=\"button.default\">\n\t\t\t\t<div class=\"elementor-widget-container\">\n\t\t\t\t\t<div class=\"elementor-button-wrapper\">\n\t\t\t<a class=\"elementor-button elementor-button-link elementor-size-md\" href=\"https:\/\/www.szkolazklasa.org.pl\/?smd_process_download=1&#038;download_id=19475\" target=\"_blank\">\n\t\t\t\t\t\t<span class=\"elementor-button-content-wrapper\">\n\t\t\t\t\t\t\t\t\t<span class=\"elementor-button-text\">LEJUPIEL\u0100D\u0112T<\/span>\n\t\t\t\t\t<\/span>\n\t\t\t\t\t<\/a>\n\t\t<\/div>\n\t\t\t\t<\/div>\n\t\t\t\t<\/div>\n\t\t\t\t\t<\/div>\n\t\t<\/div>\n\t\t\t\t\t<\/div>\n\t\t<\/section>\n\t\t\t\t<section class=\"elementor-section elementor-top-section elementor-element elementor-element-c6d5900 elementor-section-boxed elementor-section-height-default elementor-section-height-default\" data-id=\"c6d5900\" data-element_type=\"section\">\n\t\t\t\t\t\t<div class=\"elementor-container elementor-column-gap-default\">\n\t\t\t\t\t<div class=\"elementor-column elementor-col-100 elementor-top-column elementor-element elementor-element-991cc84\" data-id=\"991cc84\" data-element_type=\"column\">\n\t\t\t<div class=\"elementor-widget-wrap elementor-element-populated\">\n\t\t\t\t\t\t<div class=\"elementor-element elementor-element-c4b84f3 elementor-widget elementor-widget-spacer\" data-id=\"c4b84f3\" data-element_type=\"widget\" data-widget_type=\"spacer.default\">\n\t\t\t\t<div class=\"elementor-widget-container\">\n\t\t\t\t\t<div class=\"elementor-spacer\">\n\t\t\t<div class=\"elementor-spacer-inner\"><\/div>\n\t\t<\/div>\n\t\t\t\t<\/div>\n\t\t\t\t<\/div>\n\t\t\t\t<div class=\"elementor-element elementor-element-2400205 elementor-widget elementor-widget-text-editor\" data-id=\"2400205\" data-element_type=\"widget\" data-widget_type=\"text-editor.default\">\n\t\t\t\t<div class=\"elementor-widget-container\">\n\t\t\t\t\t\t\t<p>Pla\u0161\u0101ka inform\u0101cija ir pieejama <strong><a href=\"https:\/\/eng.szkolazklasa.org.pl\/materialy\/be-internet-awesome-curriculum-for-teachers-and-educators-of-students-aged-9-12\/\" target=\"_blank\" rel=\"noopener\">&#8222;Esi interneta izcilnieks!&#8221; m\u0101c\u012bbu programm\u0101 skolot\u0101jiem un izgl\u012btot\u0101jiem, kuri str\u0101d\u0101 ar 9\u201312 gadus veciem skol\u0113niem.<\/a><\/strong><\/p>\t\t\t\t\t\t<\/div>\n\t\t\t\t<\/div>\n\t\t\t\t\t<\/div>\n\t\t<\/div>\n\t\t\t\t\t<\/div>\n\t\t<\/section>\n\t\t\t\t<\/div>\n\t\t","protected":false},"excerpt":{"rendered":"<p>M\u0101c\u012bbu programma skol\u0113niem vecum\u0101 no 9 l\u012bdz 12 gadiem Laipni l\u016bdzam &#8222;Esi interneta izcilnieks!&#8221; m\u0101c\u012bbu programm\u0101, kas ir Google.org, The Net Safety Collaborative un Internet Keep Safe Coalition sadarb\u012bbas projekts. \u0160\u012b programma ir izstr\u0101d\u0101ta 9\u201312 gadus veciem skol\u0113niem, ta\u010du ar\u012b citu vecumposmu skolot\u0101ji ir atzinu\u0161i t\u0101s noder\u012bgumu &#8211;\u00a0 v\u0101rdn\u012bca, diskusijas klas\u0113 (t\u0101s var piel\u0101got vecumam)&hellip; <a href=\"https:\/\/bia4all.eu\/lv\/macibu-programma-no-9-lidz-12-gadiem\/\">Continue reading&#8230;<\/a><\/p>\n","protected":false},"author":4,"featured_media":2504,"parent":0,"menu_order":0,"comment_status":"closed","ping_status":"closed","template":"templates\/elementor-tpl.php","meta":{"inline_featured_image":false,"footnotes":""},"class_list":["post-1038","page","type-page","status-publish","has-post-thumbnail","hentry"],"acf":[],"yoast_head":"<!-- This site is optimized with the Yoast SEO plugin v23.0 - https:\/\/yoast.com\/wordpress\/plugins\/seo\/ -->\n<title>M\u0101c\u012bbu programma skol\u0113niem vecum\u0101 no 9 l\u012bdz 12 gadiem | Be Internet Awesome For All LV<\/title>\n<meta name=\"description\" content=\"This curriculum for students aged 9-12 has been developed in order to support educators in teaching about safe use of the Internet.\" \/>\n<meta name=\"robots\" content=\"index, follow, max-snippet:-1, max-image-preview:large, max-video-preview:-1\" \/>\n<link rel=\"canonical\" href=\"https:\/\/bia4all.eu\/lv\/macibu-programma-no-9-lidz-12-gadiem\/\" \/>\n<meta property=\"og:locale\" content=\"pl_PL\" \/>\n<meta property=\"og:type\" content=\"article\" \/>\n<meta property=\"og:title\" content=\"Be Internet Awesome For All - Curriculum for students aged 9-12\" \/>\n<meta property=\"og:description\" content=\"This curriculum has been developed in order to support teachers and educators in teaching about safe and responsible use of the Internet.\" \/>\n<meta property=\"og:url\" content=\"https:\/\/bia4all.eu\/lv\/macibu-programma-no-9-lidz-12-gadiem\/\" \/>\n<meta property=\"og:site_name\" content=\"LV\" \/>\n<meta property=\"article:modified_time\" content=\"2025-09-29T18:04:37+00:00\" \/>\n<meta property=\"og:image\" content=\"https:\/\/bia4all.eu\/lv\/wp-content\/uploads\/sites\/18\/2024\/06\/aa.png\" \/>\n\t<meta property=\"og:image:width\" content=\"1164\" \/>\n\t<meta property=\"og:image:height\" content=\"865\" \/>\n\t<meta property=\"og:image:type\" content=\"image\/png\" \/>\n<meta name=\"twitter:card\" content=\"summary_large_image\" \/>\n<meta name=\"twitter:title\" content=\"Be Internet Awesome For All - Curriculum for students aged 9-12\" \/>\n<meta name=\"twitter:description\" content=\"This curriculum has been developed in order to support teachers and educators in teaching about safe and responsible use of the Internet.\" \/>\n<meta name=\"twitter:image\" content=\"https:\/\/bia4all.eu\/lv\/wp-content\/uploads\/sites\/18\/2024\/06\/aa.png\" \/>\n<meta name=\"twitter:label1\" content=\"Szacowany czas czytania\" \/>\n\t<meta name=\"twitter:data1\" content=\"2 minuty\" \/>\n<script type=\"application\/ld+json\" class=\"yoast-schema-graph\">{\"@context\":\"https:\/\/schema.org\",\"@graph\":[{\"@type\":\"WebPage\",\"@id\":\"https:\/\/bia4all.eu\/lv\/macibu-programma-no-9-lidz-12-gadiem\/\",\"url\":\"https:\/\/bia4all.eu\/lv\/macibu-programma-no-9-lidz-12-gadiem\/\",\"name\":\"M\u0101c\u012bbu programma skol\u0113niem vecum\u0101 no 9 l\u012bdz 12 gadiem - LV\",\"isPartOf\":{\"@id\":\"https:\/\/bia4all.eu\/lv\/#website\"},\"primaryImageOfPage\":{\"@id\":\"https:\/\/bia4all.eu\/lv\/macibu-programma-no-9-lidz-12-gadiem\/#primaryimage\"},\"image\":{\"@id\":\"https:\/\/bia4all.eu\/lv\/macibu-programma-no-9-lidz-12-gadiem\/#primaryimage\"},\"thumbnailUrl\":\"https:\/\/bia4all.eu\/lv\/wp-content\/uploads\/sites\/18\/2025\/09\/BIA-LV-yoast-curriculum-9-12.png\",\"datePublished\":\"2024-06-24T14:07:18+00:00\",\"dateModified\":\"2025-09-29T18:04:37+00:00\",\"description\":\"This curriculum for students aged 9-12 has been developed in order to support educators in teaching about safe use of the Internet.\",\"breadcrumb\":{\"@id\":\"https:\/\/bia4all.eu\/lv\/macibu-programma-no-9-lidz-12-gadiem\/#breadcrumb\"},\"inLanguage\":\"pl-PL\",\"potentialAction\":[{\"@type\":\"ReadAction\",\"target\":[\"https:\/\/bia4all.eu\/lv\/macibu-programma-no-9-lidz-12-gadiem\/\"]}]},{\"@type\":\"ImageObject\",\"inLanguage\":\"pl-PL\",\"@id\":\"https:\/\/bia4all.eu\/lv\/macibu-programma-no-9-lidz-12-gadiem\/#primaryimage\",\"url\":\"https:\/\/bia4all.eu\/lv\/wp-content\/uploads\/sites\/18\/2025\/09\/BIA-LV-yoast-curriculum-9-12.png\",\"contentUrl\":\"https:\/\/bia4all.eu\/lv\/wp-content\/uploads\/sites\/18\/2025\/09\/BIA-LV-yoast-curriculum-9-12.png\",\"width\":1200,\"height\":628},{\"@type\":\"BreadcrumbList\",\"@id\":\"https:\/\/bia4all.eu\/lv\/macibu-programma-no-9-lidz-12-gadiem\/#breadcrumb\",\"itemListElement\":[{\"@type\":\"ListItem\",\"position\":1,\"name\":\"Strona g\u0142\u00f3wna\",\"item\":\"https:\/\/bia4all.eu\/lv\/\"},{\"@type\":\"ListItem\",\"position\":2,\"name\":\"M\u0101c\u012bbu programma skol\u0113niem vecum\u0101 no 9 l\u012bdz 12 gadiem\"}]},{\"@type\":\"WebSite\",\"@id\":\"https:\/\/bia4all.eu\/lv\/#website\",\"url\":\"https:\/\/bia4all.eu\/lv\/\",\"name\":\"LV\",\"description\":\"Be Internet Awesome For All LV\",\"potentialAction\":[{\"@type\":\"SearchAction\",\"target\":{\"@type\":\"EntryPoint\",\"urlTemplate\":\"https:\/\/bia4all.eu\/lv\/?s={search_term_string}\"},\"query-input\":\"required name=search_term_string\"}],\"inLanguage\":\"pl-PL\"}]}<\/script>\n<!-- \/ Yoast SEO plugin. -->","yoast_head_json":{"title":"M\u0101c\u012bbu programma skol\u0113niem vecum\u0101 no 9 l\u012bdz 12 gadiem | Be Internet Awesome For All LV","description":"This curriculum for students aged 9-12 has been developed in order to support educators in teaching about safe use of the Internet.","robots":{"index":"index","follow":"follow","max-snippet":"max-snippet:-1","max-image-preview":"max-image-preview:large","max-video-preview":"max-video-preview:-1"},"canonical":"https:\/\/bia4all.eu\/lv\/macibu-programma-no-9-lidz-12-gadiem\/","og_locale":"pl_PL","og_type":"article","og_title":"Be Internet Awesome For All - Curriculum for students aged 9-12","og_description":"This curriculum has been developed in order to support teachers and educators in teaching about safe and responsible use of the Internet.","og_url":"https:\/\/bia4all.eu\/lv\/macibu-programma-no-9-lidz-12-gadiem\/","og_site_name":"LV","article_modified_time":"2025-09-29T18:04:37+00:00","og_image":[{"width":1164,"height":865,"url":"https:\/\/bia4all.eu\/lv\/wp-content\/uploads\/sites\/18\/2024\/06\/aa.png","type":"image\/png"}],"twitter_card":"summary_large_image","twitter_title":"Be Internet Awesome For All - Curriculum for students aged 9-12","twitter_description":"This curriculum has been developed in order to support teachers and educators in teaching about safe and responsible use of the Internet.","twitter_image":"https:\/\/bia4all.eu\/lv\/wp-content\/uploads\/sites\/18\/2024\/06\/aa.png","twitter_misc":{"Szacowany czas czytania":"2 minuty"},"schema":{"@context":"https:\/\/schema.org","@graph":[{"@type":"WebPage","@id":"https:\/\/bia4all.eu\/lv\/macibu-programma-no-9-lidz-12-gadiem\/","url":"https:\/\/bia4all.eu\/lv\/macibu-programma-no-9-lidz-12-gadiem\/","name":"M\u0101c\u012bbu programma skol\u0113niem vecum\u0101 no 9 l\u012bdz 12 gadiem - LV","isPartOf":{"@id":"https:\/\/bia4all.eu\/lv\/#website"},"primaryImageOfPage":{"@id":"https:\/\/bia4all.eu\/lv\/macibu-programma-no-9-lidz-12-gadiem\/#primaryimage"},"image":{"@id":"https:\/\/bia4all.eu\/lv\/macibu-programma-no-9-lidz-12-gadiem\/#primaryimage"},"thumbnailUrl":"https:\/\/bia4all.eu\/lv\/wp-content\/uploads\/sites\/18\/2025\/09\/BIA-LV-yoast-curriculum-9-12.png","datePublished":"2024-06-24T14:07:18+00:00","dateModified":"2025-09-29T18:04:37+00:00","description":"This curriculum for students aged 9-12 has been developed in order to support educators in teaching about safe use of the Internet.","breadcrumb":{"@id":"https:\/\/bia4all.eu\/lv\/macibu-programma-no-9-lidz-12-gadiem\/#breadcrumb"},"inLanguage":"pl-PL","potentialAction":[{"@type":"ReadAction","target":["https:\/\/bia4all.eu\/lv\/macibu-programma-no-9-lidz-12-gadiem\/"]}]},{"@type":"ImageObject","inLanguage":"pl-PL","@id":"https:\/\/bia4all.eu\/lv\/macibu-programma-no-9-lidz-12-gadiem\/#primaryimage","url":"https:\/\/bia4all.eu\/lv\/wp-content\/uploads\/sites\/18\/2025\/09\/BIA-LV-yoast-curriculum-9-12.png","contentUrl":"https:\/\/bia4all.eu\/lv\/wp-content\/uploads\/sites\/18\/2025\/09\/BIA-LV-yoast-curriculum-9-12.png","width":1200,"height":628},{"@type":"BreadcrumbList","@id":"https:\/\/bia4all.eu\/lv\/macibu-programma-no-9-lidz-12-gadiem\/#breadcrumb","itemListElement":[{"@type":"ListItem","position":1,"name":"Strona g\u0142\u00f3wna","item":"https:\/\/bia4all.eu\/lv\/"},{"@type":"ListItem","position":2,"name":"M\u0101c\u012bbu programma skol\u0113niem vecum\u0101 no 9 l\u012bdz 12 gadiem"}]},{"@type":"WebSite","@id":"https:\/\/bia4all.eu\/lv\/#website","url":"https:\/\/bia4all.eu\/lv\/","name":"LV","description":"Be Internet Awesome For All LV","potentialAction":[{"@type":"SearchAction","target":{"@type":"EntryPoint","urlTemplate":"https:\/\/bia4all.eu\/lv\/?s={search_term_string}"},"query-input":"required name=search_term_string"}],"inLanguage":"pl-PL"}]}},"_links":{"self":[{"href":"https:\/\/bia4all.eu\/lv\/wp-json\/wp\/v2\/pages\/1038"}],"collection":[{"href":"https:\/\/bia4all.eu\/lv\/wp-json\/wp\/v2\/pages"}],"about":[{"href":"https:\/\/bia4all.eu\/lv\/wp-json\/wp\/v2\/types\/page"}],"author":[{"embeddable":true,"href":"https:\/\/bia4all.eu\/lv\/wp-json\/wp\/v2\/users\/4"}],"replies":[{"embeddable":true,"href":"https:\/\/bia4all.eu\/lv\/wp-json\/wp\/v2\/comments?post=1038"}],"version-history":[{"count":32,"href":"https:\/\/bia4all.eu\/lv\/wp-json\/wp\/v2\/pages\/1038\/revisions"}],"predecessor-version":[{"id":2523,"href":"https:\/\/bia4all.eu\/lv\/wp-json\/wp\/v2\/pages\/1038\/revisions\/2523"}],"wp:featuredmedia":[{"embeddable":true,"href":"https:\/\/bia4all.eu\/lv\/wp-json\/wp\/v2\/media\/2504"}],"wp:attachment":[{"href":"https:\/\/bia4all.eu\/lv\/wp-json\/wp\/v2\/media?parent=1038"}],"curies":[{"name":"wp","href":"https:\/\/api.w.org\/{rel}","templated":true}]}}