{"id":1282,"date":"2024-07-01T15:20:47","date_gmt":"2024-07-01T13:20:47","guid":{"rendered":"https:\/\/bia4all.eu\/lv\/?page_id=1282"},"modified":"2026-02-05T13:26:35","modified_gmt":"2026-02-05T12:26:35","slug":"kontakti","status":"publish","type":"page","link":"https:\/\/bia4all.eu\/lv\/kontakti\/","title":{"rendered":"Kontakti"},"content":{"rendered":"\t\t<div data-elementor-type=\"wp-page\" data-elementor-id=\"1282\" class=\"elementor elementor-1282\" data-elementor-post-type=\"page\">\n\t\t\t\t\t\t<section class=\"elementor-section elementor-top-section elementor-element elementor-element-11df0e4e elementor-section-boxed elementor-section-height-default elementor-section-height-default\" data-id=\"11df0e4e\" data-element_type=\"section\">\n\t\t\t\t\t\t<div class=\"elementor-container elementor-column-gap-default\">\n\t\t\t\t\t<div class=\"elementor-column elementor-col-100 elementor-top-column elementor-element elementor-element-5ee59583\" data-id=\"5ee59583\" data-element_type=\"column\">\n\t\t\t<div class=\"elementor-widget-wrap elementor-element-populated\">\n\t\t\t\t\t\t<div class=\"elementor-element elementor-element-294f825f elementor-widget elementor-widget-heading\" data-id=\"294f825f\" data-element_type=\"widget\" data-widget_type=\"heading.default\">\n\t\t\t\t<div class=\"elementor-widget-container\">\n\t\t\t<h1 class=\"elementor-heading-title elementor-size-default\">Kontakti<\/h1>\t\t<\/div>\n\t\t\t\t<\/div>\n\t\t\t\t<div class=\"elementor-element elementor-element-1f98ad72 elementor-widget elementor-widget-spacer\" data-id=\"1f98ad72\" data-element_type=\"widget\" data-widget_type=\"spacer.default\">\n\t\t\t\t<div class=\"elementor-widget-container\">\n\t\t\t\t\t<div class=\"elementor-spacer\">\n\t\t\t<div class=\"elementor-spacer-inner\"><\/div>\n\t\t<\/div>\n\t\t\t\t<\/div>\n\t\t\t\t<\/div>\n\t\t\t\t\t<\/div>\n\t\t<\/div>\n\t\t\t\t\t<\/div>\n\t\t<\/section>\n\t\t\t\t<section class=\"elementor-section elementor-top-section elementor-element elementor-element-6454127 elementor-section-boxed elementor-section-height-default elementor-section-height-default\" data-id=\"6454127\" data-element_type=\"section\" data-settings=\"{&quot;background_background&quot;:&quot;classic&quot;}\">\n\t\t\t\t\t\t<div class=\"elementor-container elementor-column-gap-default\">\n\t\t\t\t\t<div class=\"elementor-column elementor-col-100 elementor-top-column elementor-element elementor-element-8e19f7c\" data-id=\"8e19f7c\" data-element_type=\"column\" data-settings=\"{&quot;background_background&quot;:&quot;classic&quot;}\">\n\t\t\t<div class=\"elementor-widget-wrap elementor-element-populated\">\n\t\t\t\t\t\t<div class=\"elementor-element elementor-element-9cad52e elementor-widget elementor-widget-spacer\" data-id=\"9cad52e\" data-element_type=\"widget\" data-widget_type=\"spacer.default\">\n\t\t\t\t<div class=\"elementor-widget-container\">\n\t\t\t\t\t<div class=\"elementor-spacer\">\n\t\t\t<div class=\"elementor-spacer-inner\"><\/div>\n\t\t<\/div>\n\t\t\t\t<\/div>\n\t\t\t\t<\/div>\n\t\t\t\t<section class=\"elementor-section elementor-inner-section elementor-element elementor-element-e2a8f62 elementor-section-boxed elementor-section-height-default elementor-section-height-default\" data-id=\"e2a8f62\" data-element_type=\"section\">\n\t\t\t\t\t\t<div class=\"elementor-container elementor-column-gap-default\">\n\t\t\t\t\t<div class=\"elementor-column elementor-col-50 elementor-inner-column elementor-element elementor-element-998bf79\" data-id=\"998bf79\" data-element_type=\"column\">\n\t\t\t<div class=\"elementor-widget-wrap\">\n\t\t\t\t\t\t\t<\/div>\n\t\t<\/div>\n\t\t\t\t<div class=\"elementor-column elementor-col-50 elementor-inner-column elementor-element elementor-element-fa746e5\" data-id=\"fa746e5\" data-element_type=\"column\">\n\t\t\t<div class=\"elementor-widget-wrap elementor-element-populated\">\n\t\t\t\t\t\t<div class=\"elementor-element elementor-element-4e5bc2b elementor-widget__width-initial elementor-widget elementor-widget-heading\" data-id=\"4e5bc2b\" data-element_type=\"widget\" data-widget_type=\"heading.default\">\n\t\t\t\t<div class=\"elementor-widget-container\">\n\t\t\t<h2 class=\"elementor-heading-title elementor-size-default\">Sazinieties ar mums<\/h2>\t\t<\/div>\n\t\t\t\t<\/div>\n\t\t\t\t<div class=\"elementor-element elementor-element-e4acea3 elementor-widget__width-initial elementor-widget elementor-widget-heading\" data-id=\"e4acea3\" data-element_type=\"widget\" data-widget_type=\"heading.default\">\n\t\t\t\t<div class=\"elementor-widget-container\">\n\t\t\t<p class=\"elementor-heading-title elementor-size-default\"><br>Vai v\u0113laties uzzin\u0101t vair\u0101k par programmu \"Esi interneta izcilnieks!\"? <br><br>\nM\u0113s labpr\u0101t uzklaus\u012bsim j\u016bsu viedokli!<\/p>\t\t<\/div>\n\t\t\t\t<\/div>\n\t\t\t\t\t<\/div>\n\t\t<\/div>\n\t\t\t\t\t<\/div>\n\t\t<\/section>\n\t\t\t\t<div class=\"elementor-element elementor-element-fecd8e2 elementor-widget elementor-widget-spacer\" data-id=\"fecd8e2\" data-element_type=\"widget\" data-widget_type=\"spacer.default\">\n\t\t\t\t<div class=\"elementor-widget-container\">\n\t\t\t\t\t<div class=\"elementor-spacer\">\n\t\t\t<div class=\"elementor-spacer-inner\"><\/div>\n\t\t<\/div>\n\t\t\t\t<\/div>\n\t\t\t\t<\/div>\n\t\t\t\t\t<\/div>\n\t\t<\/div>\n\t\t\t\t\t<\/div>\n\t\t<\/section>\n\t\t\t\t<section class=\"elementor-section elementor-top-section elementor-element elementor-element-0bdfc7a elementor-section-boxed elementor-section-height-default elementor-section-height-default\" data-id=\"0bdfc7a\" data-element_type=\"section\" data-settings=\"{&quot;background_background&quot;:&quot;classic&quot;}\">\n\t\t\t\t\t\t\t<div class=\"elementor-background-overlay\"><\/div>\n\t\t\t\t\t\t\t<div class=\"elementor-container elementor-column-gap-default\">\n\t\t\t\t\t<div class=\"elementor-column elementor-col-100 elementor-top-column elementor-element elementor-element-4d6fc30\" data-id=\"4d6fc30\" data-element_type=\"column\">\n\t\t\t<div class=\"elementor-widget-wrap elementor-element-populated\">\n\t\t\t\t\t\t<div class=\"elementor-element elementor-element-90dc2d1 elementor-widget elementor-widget-spacer\" data-id=\"90dc2d1\" data-element_type=\"widget\" data-widget_type=\"spacer.default\">\n\t\t\t\t<div class=\"elementor-widget-container\">\n\t\t\t\t\t<div class=\"elementor-spacer\">\n\t\t\t<div class=\"elementor-spacer-inner\"><\/div>\n\t\t<\/div>\n\t\t\t\t<\/div>\n\t\t\t\t<\/div>\n\t\t\t\t<div class=\"elementor-element elementor-element-44745a0 elementor-widget elementor-widget-heading\" data-id=\"44745a0\" data-element_type=\"widget\" data-widget_type=\"heading.default\">\n\t\t\t\t<div class=\"elementor-widget-container\">\n\t\t\t<h2 class=\"elementor-heading-title elementor-size-default\">Starptautiskais koordinators<\/h2>\t\t<\/div>\n\t\t\t\t<\/div>\n\t\t\t\t\t<\/div>\n\t\t<\/div>\n\t\t\t\t\t<\/div>\n\t\t<\/section>\n\t\t\t\t<section class=\"elementor-section elementor-top-section elementor-element elementor-element-07a4057 elementor-section-boxed elementor-section-height-default elementor-section-height-default\" data-id=\"07a4057\" data-element_type=\"section\">\n\t\t\t\t\t\t<div class=\"elementor-container elementor-column-gap-default\">\n\t\t\t\t\t<div class=\"elementor-column elementor-col-100 elementor-top-column elementor-element elementor-element-1926312\" data-id=\"1926312\" data-element_type=\"column\">\n\t\t\t<div class=\"elementor-widget-wrap elementor-element-populated\">\n\t\t\t\t\t\t<div class=\"elementor-element elementor-element-de54313 elementor-widget elementor-widget-heading\" data-id=\"de54313\" data-element_type=\"widget\" data-widget_type=\"heading.default\">\n\t\t\t\t<div class=\"elementor-widget-container\">\n\t\t\t<h3 class=\"elementor-heading-title elementor-size-medium\">School with Class Foundation<\/h3>\t\t<\/div>\n\t\t\t\t<\/div>\n\t\t\t\t<div class=\"elementor-element elementor-element-8e16370 elementor-widget elementor-widget-text-editor\" data-id=\"8e16370\" data-element_type=\"widget\" data-widget_type=\"text-editor.default\">\n\t\t\t\t<div class=\"elementor-widget-container\">\n\t\t\t\t\t\t\t<p><b>kontakts<\/b>: bia@szkolazklasa.org.pl, paulina.oltusek@szkolazklasa.org.pl<br \/><b>t\u012bmek\u013ca vietne<\/b>: <a href=\"https:\/\/eng.szkolazklasa.org.pl\/\" target=\"_blank\" rel=\"noopener\">School with Class Foundation<\/a><\/p>\t\t\t\t\t\t<\/div>\n\t\t\t\t<\/div>\n\t\t\t\t\t<\/div>\n\t\t<\/div>\n\t\t\t\t\t<\/div>\n\t\t<\/section>\n\t\t\t\t<section class=\"elementor-section elementor-top-section elementor-element elementor-element-45b0481 elementor-section-boxed elementor-section-height-default elementor-section-height-default\" data-id=\"45b0481\" data-element_type=\"section\">\n\t\t\t\t\t\t<div class=\"elementor-container elementor-column-gap-default\">\n\t\t\t\t\t<div class=\"elementor-column elementor-col-100 elementor-top-column elementor-element elementor-element-f48af75\" data-id=\"f48af75\" data-element_type=\"column\">\n\t\t\t<div class=\"elementor-widget-wrap elementor-element-populated\">\n\t\t\t\t\t\t<div class=\"elementor-element elementor-element-0f58193 elementor-widget elementor-widget-spacer\" data-id=\"0f58193\" data-element_type=\"widget\" data-widget_type=\"spacer.default\">\n\t\t\t\t<div class=\"elementor-widget-container\">\n\t\t\t\t\t<div class=\"elementor-spacer\">\n\t\t\t<div class=\"elementor-spacer-inner\"><\/div>\n\t\t<\/div>\n\t\t\t\t<\/div>\n\t\t\t\t<\/div>\n\t\t\t\t<div class=\"elementor-element elementor-element-3f49911 elementor-widget elementor-widget-heading\" data-id=\"3f49911\" data-element_type=\"widget\" data-widget_type=\"heading.default\">\n\t\t\t\t<div class=\"elementor-widget-container\">\n\t\t\t<h2 class=\"elementor-heading-title elementor-size-default\">Viet\u0113jie koordinatori<\/h2>\t\t<\/div>\n\t\t\t\t<\/div>\n\t\t\t\t<div class=\"elementor-element elementor-element-060e732 elementor-widget elementor-widget-text-editor\" data-id=\"060e732\" data-element_type=\"widget\" data-widget_type=\"text-editor.default\">\n\t\t\t\t<div class=\"elementor-widget-container\">\n\t\t\t\t\t\t\t<p>M\u016bsu viet\u0113jo koordinatoru kontaktus mekl\u0113jiet\u00a0<a href=\"https:\/\/bia4all.eu\/lv\/partneri\/\" rel=\"noopener\">Partneru<\/a>\u00a0lap\u0101.<\/p>\t\t\t\t\t\t<\/div>\n\t\t\t\t<\/div>\n\t\t\t\t<div class=\"elementor-element elementor-element-2eb7a646 elementor-align-left elementor-widget elementor-widget-button\" data-id=\"2eb7a646\" data-element_type=\"widget\" data-widget_type=\"button.default\">\n\t\t\t\t<div class=\"elementor-widget-container\">\n\t\t\t\t\t<div class=\"elementor-button-wrapper\">\n\t\t\t<a class=\"elementor-button elementor-button-link elementor-size-sm elementor-animation-grow\" href=\"https:\/\/bia4all.eu\/lv\/partneri\/\">\n\t\t\t\t\t\t<span class=\"elementor-button-content-wrapper\">\n\t\t\t\t\t\t\t\t\t<span class=\"elementor-button-text\">SAZINIETIES AR M\u016aSU VIET\u0112JIEM KOORDINATORIEM<\/span>\n\t\t\t\t\t<\/span>\n\t\t\t\t\t<\/a>\n\t\t<\/div>\n\t\t\t\t<\/div>\n\t\t\t\t<\/div>\n\t\t\t\t\t<\/div>\n\t\t<\/div>\n\t\t\t\t\t<\/div>\n\t\t<\/section>\n\t\t\t\t<\/div>\n\t\t","protected":false},"excerpt":{"rendered":"<p>Kontakti Sazinieties ar mums Vai v\u0113laties uzzin\u0101t vair\u0101k par programmu &#8222;Esi interneta izcilnieks!&#8221;? M\u0113s labpr\u0101t uzklaus\u012bsim j\u016bsu viedokli! Starptautiskais koordinators School with Class Foundation kontakts: bia@szkolazklasa.org.pl, paulina.oltusek@szkolazklasa.org.plt\u012bmek\u013ca vietne: School with Class Foundation Viet\u0113jie koordinatori M\u016bsu viet\u0113jo koordinatoru kontaktus mekl\u0113jiet\u00a0Partneru\u00a0lap\u0101. SAZINIETIES AR M\u016aSU VIET\u0112JIEM KOORDINATORIEM<\/p>\n","protected":false},"author":4,"featured_media":2502,"parent":0,"menu_order":0,"comment_status":"closed","ping_status":"closed","template":"templates\/elementor-tpl.php","meta":{"inline_featured_image":false,"footnotes":""},"class_list":["post-1282","page","type-page","status-publish","has-post-thumbnail","hentry"],"acf":[],"yoast_head":"<!-- This site is optimized with the Yoast SEO plugin v23.0 - https:\/\/yoast.com\/wordpress\/plugins\/seo\/ -->\n<title>Kontakti | Be Internet Awesome For All LV<\/title>\n<meta name=\"description\" content=\"Do you want to know more about our Be Internet Awesome For All program? Get in contact with our international and local coordinator.\" \/>\n<meta name=\"robots\" content=\"index, follow, max-snippet:-1, max-image-preview:large, max-video-preview:-1\" \/>\n<link rel=\"canonical\" href=\"https:\/\/bia4all.eu\/lv\/kontakti\/\" \/>\n<meta property=\"og:locale\" content=\"pl_PL\" \/>\n<meta property=\"og:type\" content=\"article\" \/>\n<meta property=\"og:title\" content=\"Be Internet Awesome For All - contact\" \/>\n<meta property=\"og:description\" content=\"Do you want to know more about our Be Internet Awesome For All program? We would love to get in touch and hear from you!\" \/>\n<meta property=\"og:url\" content=\"https:\/\/bia4all.eu\/lv\/kontakti\/\" \/>\n<meta property=\"og:site_name\" content=\"LV\" \/>\n<meta property=\"article:modified_time\" content=\"2026-02-05T12:26:35+00:00\" \/>\n<meta property=\"og:image\" content=\"https:\/\/bia4all.eu\/lv\/wp-content\/uploads\/sites\/18\/2024\/06\/BIA-1yoast-contact.png\" \/>\n\t<meta property=\"og:image:width\" content=\"1200\" \/>\n\t<meta property=\"og:image:height\" content=\"628\" \/>\n\t<meta property=\"og:image:type\" content=\"image\/png\" \/>\n<meta name=\"twitter:card\" content=\"summary_large_image\" \/>\n<meta name=\"twitter:title\" content=\"Be Internet Awesome For All - contact\" \/>\n<meta name=\"twitter:description\" content=\"Do you want to know more about our Be Internet Awesome For All program? We would love to get in touch and hear from you!\" \/>\n<meta name=\"twitter:image\" content=\"https:\/\/bia4all.eu\/lv\/wp-content\/uploads\/sites\/18\/2024\/06\/BIA-1yoast-contact.png\" \/>\n<meta name=\"twitter:label1\" content=\"Szacowany czas czytania\" \/>\n\t<meta name=\"twitter:data1\" content=\"1 minuta\" \/>\n<script type=\"application\/ld+json\" class=\"yoast-schema-graph\">{\"@context\":\"https:\/\/schema.org\",\"@graph\":[{\"@type\":\"WebPage\",\"@id\":\"https:\/\/bia4all.eu\/lv\/kontakti\/\",\"url\":\"https:\/\/bia4all.eu\/lv\/kontakti\/\",\"name\":\"Kontakti - LV\",\"isPartOf\":{\"@id\":\"https:\/\/bia4all.eu\/lv\/#website\"},\"primaryImageOfPage\":{\"@id\":\"https:\/\/bia4all.eu\/lv\/kontakti\/#primaryimage\"},\"image\":{\"@id\":\"https:\/\/bia4all.eu\/lv\/kontakti\/#primaryimage\"},\"thumbnailUrl\":\"https:\/\/bia4all.eu\/lv\/wp-content\/uploads\/sites\/18\/2025\/09\/BIA-LV-yoast-contact.png\",\"datePublished\":\"2024-07-01T13:20:47+00:00\",\"dateModified\":\"2026-02-05T12:26:35+00:00\",\"description\":\"Do you want to know more about our Be Internet Awesome For All program? Get in contact with our international and local coordinator.\",\"breadcrumb\":{\"@id\":\"https:\/\/bia4all.eu\/lv\/kontakti\/#breadcrumb\"},\"inLanguage\":\"pl-PL\",\"potentialAction\":[{\"@type\":\"ReadAction\",\"target\":[\"https:\/\/bia4all.eu\/lv\/kontakti\/\"]}]},{\"@type\":\"ImageObject\",\"inLanguage\":\"pl-PL\",\"@id\":\"https:\/\/bia4all.eu\/lv\/kontakti\/#primaryimage\",\"url\":\"https:\/\/bia4all.eu\/lv\/wp-content\/uploads\/sites\/18\/2025\/09\/BIA-LV-yoast-contact.png\",\"contentUrl\":\"https:\/\/bia4all.eu\/lv\/wp-content\/uploads\/sites\/18\/2025\/09\/BIA-LV-yoast-contact.png\",\"width\":1200,\"height\":628},{\"@type\":\"BreadcrumbList\",\"@id\":\"https:\/\/bia4all.eu\/lv\/kontakti\/#breadcrumb\",\"itemListElement\":[{\"@type\":\"ListItem\",\"position\":1,\"name\":\"Strona g\u0142\u00f3wna\",\"item\":\"https:\/\/bia4all.eu\/lv\/\"},{\"@type\":\"ListItem\",\"position\":2,\"name\":\"Kontakti\"}]},{\"@type\":\"WebSite\",\"@id\":\"https:\/\/bia4all.eu\/lv\/#website\",\"url\":\"https:\/\/bia4all.eu\/lv\/\",\"name\":\"LV\",\"description\":\"Be Internet Awesome For All LV\",\"potentialAction\":[{\"@type\":\"SearchAction\",\"target\":{\"@type\":\"EntryPoint\",\"urlTemplate\":\"https:\/\/bia4all.eu\/lv\/?s={search_term_string}\"},\"query-input\":\"required name=search_term_string\"}],\"inLanguage\":\"pl-PL\"}]}<\/script>\n<!-- \/ Yoast SEO plugin. -->","yoast_head_json":{"title":"Kontakti | Be Internet Awesome For All LV","description":"Do you want to know more about our Be Internet Awesome For All program? Get in contact with our international and local coordinator.","robots":{"index":"index","follow":"follow","max-snippet":"max-snippet:-1","max-image-preview":"max-image-preview:large","max-video-preview":"max-video-preview:-1"},"canonical":"https:\/\/bia4all.eu\/lv\/kontakti\/","og_locale":"pl_PL","og_type":"article","og_title":"Be Internet Awesome For All - contact","og_description":"Do you want to know more about our Be Internet Awesome For All program? We would love to get in touch and hear from you!","og_url":"https:\/\/bia4all.eu\/lv\/kontakti\/","og_site_name":"LV","article_modified_time":"2026-02-05T12:26:35+00:00","og_image":[{"width":1200,"height":628,"url":"https:\/\/bia4all.eu\/lv\/wp-content\/uploads\/sites\/18\/2024\/06\/BIA-1yoast-contact.png","type":"image\/png"}],"twitter_card":"summary_large_image","twitter_title":"Be Internet Awesome For All - contact","twitter_description":"Do you want to know more about our Be Internet Awesome For All program? We would love to get in touch and hear from you!","twitter_image":"https:\/\/bia4all.eu\/lv\/wp-content\/uploads\/sites\/18\/2024\/06\/BIA-1yoast-contact.png","twitter_misc":{"Szacowany czas czytania":"1 minuta"},"schema":{"@context":"https:\/\/schema.org","@graph":[{"@type":"WebPage","@id":"https:\/\/bia4all.eu\/lv\/kontakti\/","url":"https:\/\/bia4all.eu\/lv\/kontakti\/","name":"Kontakti - LV","isPartOf":{"@id":"https:\/\/bia4all.eu\/lv\/#website"},"primaryImageOfPage":{"@id":"https:\/\/bia4all.eu\/lv\/kontakti\/#primaryimage"},"image":{"@id":"https:\/\/bia4all.eu\/lv\/kontakti\/#primaryimage"},"thumbnailUrl":"https:\/\/bia4all.eu\/lv\/wp-content\/uploads\/sites\/18\/2025\/09\/BIA-LV-yoast-contact.png","datePublished":"2024-07-01T13:20:47+00:00","dateModified":"2026-02-05T12:26:35+00:00","description":"Do you want to know more about our Be Internet Awesome For All program? Get in contact with our international and local coordinator.","breadcrumb":{"@id":"https:\/\/bia4all.eu\/lv\/kontakti\/#breadcrumb"},"inLanguage":"pl-PL","potentialAction":[{"@type":"ReadAction","target":["https:\/\/bia4all.eu\/lv\/kontakti\/"]}]},{"@type":"ImageObject","inLanguage":"pl-PL","@id":"https:\/\/bia4all.eu\/lv\/kontakti\/#primaryimage","url":"https:\/\/bia4all.eu\/lv\/wp-content\/uploads\/sites\/18\/2025\/09\/BIA-LV-yoast-contact.png","contentUrl":"https:\/\/bia4all.eu\/lv\/wp-content\/uploads\/sites\/18\/2025\/09\/BIA-LV-yoast-contact.png","width":1200,"height":628},{"@type":"BreadcrumbList","@id":"https:\/\/bia4all.eu\/lv\/kontakti\/#breadcrumb","itemListElement":[{"@type":"ListItem","position":1,"name":"Strona g\u0142\u00f3wna","item":"https:\/\/bia4all.eu\/lv\/"},{"@type":"ListItem","position":2,"name":"Kontakti"}]},{"@type":"WebSite","@id":"https:\/\/bia4all.eu\/lv\/#website","url":"https:\/\/bia4all.eu\/lv\/","name":"LV","description":"Be Internet Awesome For All LV","potentialAction":[{"@type":"SearchAction","target":{"@type":"EntryPoint","urlTemplate":"https:\/\/bia4all.eu\/lv\/?s={search_term_string}"},"query-input":"required name=search_term_string"}],"inLanguage":"pl-PL"}]}},"_links":{"self":[{"href":"https:\/\/bia4all.eu\/lv\/wp-json\/wp\/v2\/pages\/1282"}],"collection":[{"href":"https:\/\/bia4all.eu\/lv\/wp-json\/wp\/v2\/pages"}],"about":[{"href":"https:\/\/bia4all.eu\/lv\/wp-json\/wp\/v2\/types\/page"}],"author":[{"embeddable":true,"href":"https:\/\/bia4all.eu\/lv\/wp-json\/wp\/v2\/users\/4"}],"replies":[{"embeddable":true,"href":"https:\/\/bia4all.eu\/lv\/wp-json\/wp\/v2\/comments?post=1282"}],"version-history":[{"count":139,"href":"https:\/\/bia4all.eu\/lv\/wp-json\/wp\/v2\/pages\/1282\/revisions"}],"predecessor-version":[{"id":2579,"href":"https:\/\/bia4all.eu\/lv\/wp-json\/wp\/v2\/pages\/1282\/revisions\/2579"}],"wp:featuredmedia":[{"embeddable":true,"href":"https:\/\/bia4all.eu\/lv\/wp-json\/wp\/v2\/media\/2502"}],"wp:attachment":[{"href":"https:\/\/bia4all.eu\/lv\/wp-json\/wp\/v2\/media?parent=1282"}],"curies":[{"name":"wp","href":"https:\/\/api.w.org\/{rel}","templated":true}]}}