{"id":1274,"date":"2024-10-14T12:41:17","date_gmt":"2024-10-14T10:41:17","guid":{"rendered":"https:\/\/bia4all.eu\/pl\/?page_id=1274"},"modified":"2026-01-28T16:06:29","modified_gmt":"2026-01-28T15:06:29","slug":"podrecznik-dla-szkol-ponadpodstawowych","status":"publish","type":"page","link":"https:\/\/bia4all.eu\/pl\/podrecznik-dla-szkol-ponadpodstawowych\/","title":{"rendered":"Podr\u0119cznik As\u00f3w Internetu dla szk\u00f3\u0142 ponadpodstawowych"},"content":{"rendered":"\t\t<div data-elementor-type=\"wp-page\" data-elementor-id=\"1274\" class=\"elementor elementor-1274\" data-elementor-post-type=\"page\">\n\t\t\t\t\t\t<section class=\"elementor-section elementor-top-section elementor-element elementor-element-b4263cb elementor-section-boxed elementor-section-height-default elementor-section-height-default\" data-id=\"b4263cb\" data-element_type=\"section\">\n\t\t\t\t\t\t<div class=\"elementor-container elementor-column-gap-default\">\n\t\t\t\t\t<div class=\"elementor-column elementor-col-100 elementor-top-column elementor-element elementor-element-7a1b127\" data-id=\"7a1b127\" data-element_type=\"column\">\n\t\t\t<div class=\"elementor-widget-wrap elementor-element-populated\">\n\t\t\t\t\t\t<div class=\"elementor-element elementor-element-088d078 elementor-widget elementor-widget-spacer\" data-id=\"088d078\" data-element_type=\"widget\" data-widget_type=\"spacer.default\">\n\t\t\t\t<div class=\"elementor-widget-container\">\n\t\t\t\t\t<div class=\"elementor-spacer\">\n\t\t\t<div class=\"elementor-spacer-inner\"><\/div>\n\t\t<\/div>\n\t\t\t\t<\/div>\n\t\t\t\t<\/div>\n\t\t\t\t\t<\/div>\n\t\t<\/div>\n\t\t\t\t\t<\/div>\n\t\t<\/section>\n\t\t\t\t<section class=\"elementor-section elementor-top-section elementor-element elementor-element-555ce6c elementor-section-boxed elementor-section-height-default elementor-section-height-default\" data-id=\"555ce6c\" data-element_type=\"section\">\n\t\t\t\t\t\t<div class=\"elementor-container elementor-column-gap-default\">\n\t\t\t\t\t<div class=\"elementor-column elementor-col-100 elementor-top-column elementor-element elementor-element-9c680f5\" data-id=\"9c680f5\" data-element_type=\"column\">\n\t\t\t<div class=\"elementor-widget-wrap elementor-element-populated\">\n\t\t\t\t\t\t<div class=\"elementor-element elementor-element-47e44f1 elementor-widget elementor-widget-heading\" data-id=\"47e44f1\" data-element_type=\"widget\" data-widget_type=\"heading.default\">\n\t\t\t\t<div class=\"elementor-widget-container\">\n\t\t\t<h1 class=\"elementor-heading-title elementor-size-default\">Podr\u0119cznik As\u00f3w Internetu dla szk\u00f3\u0142 ponadpodstawowych<\/h1>\t\t<\/div>\n\t\t\t\t<\/div>\n\t\t\t\t\t<\/div>\n\t\t<\/div>\n\t\t\t\t\t<\/div>\n\t\t<\/section>\n\t\t\t\t<section class=\"elementor-section elementor-top-section elementor-element elementor-element-f2873bf elementor-section-boxed elementor-section-height-default elementor-section-height-default\" data-id=\"f2873bf\" data-element_type=\"section\">\n\t\t\t\t\t\t<div class=\"elementor-container elementor-column-gap-default\">\n\t\t\t\t\t<div class=\"elementor-column elementor-col-100 elementor-top-column elementor-element elementor-element-168b347\" data-id=\"168b347\" data-element_type=\"column\">\n\t\t\t<div class=\"elementor-widget-wrap elementor-element-populated\">\n\t\t\t\t\t\t<div class=\"elementor-element elementor-element-cd4f745 elementor-widget elementor-widget-spacer\" data-id=\"cd4f745\" data-element_type=\"widget\" data-widget_type=\"spacer.default\">\n\t\t\t\t<div class=\"elementor-widget-container\">\n\t\t\t\t\t<div class=\"elementor-spacer\">\n\t\t\t<div class=\"elementor-spacer-inner\"><\/div>\n\t\t<\/div>\n\t\t\t\t<\/div>\n\t\t\t\t<\/div>\n\t\t\t\t\t<\/div>\n\t\t<\/div>\n\t\t\t\t\t<\/div>\n\t\t<\/section>\n\t\t\t\t<section class=\"elementor-section elementor-inner-section elementor-element elementor-element-f6de914 elementor-section-height-default elementor-section-boxed elementor-section-height-default\" data-id=\"f6de914\" data-element_type=\"section\">\n\t\t\t\t\t\t<div class=\"elementor-container elementor-column-gap-default\">\n\t\t\t\t\t<div class=\"elementor-column elementor-col-50 elementor-top-column elementor-element elementor-element-5fbfa97\" data-id=\"5fbfa97\" data-element_type=\"column\">\n\t\t\t<div class=\"elementor-widget-wrap elementor-element-populated\">\n\t\t\t\t\t\t<div class=\"elementor-element elementor-element-92c55a7 elementor-absolute elementor-widget elementor-widget-image\" data-id=\"92c55a7\" data-element_type=\"widget\" data-settings=\"{&quot;_position&quot;:&quot;absolute&quot;}\" data-widget_type=\"image.default\">\n\t\t\t\t<div class=\"elementor-widget-container\">\n\t\t\t\t\t\t\t\t\t\t\t\t\t\t<a href=\"https:\/\/www.szkolazklasa.org.pl\/?smd_process_download=1&#038;download_id=25950\" target=\"_blank\">\n\t\t\t\t\t\t\t<img fetchpriority=\"high\" decoding=\"async\" width=\"770\" height=\"572\" src=\"https:\/\/bia4all.eu\/pl\/wp-content\/uploads\/sites\/5\/2024\/10\/BIA-PL-material-curriculum-ponadpodstawowe-1024x761.jpg\" class=\"elementor-animation-grow attachment-large size-large wp-image-1275\" alt=\"Podr\u0119cznik As\u00f3w Internetu dla szk\u00f3\u0142 ponadpodstawowych\" srcset=\"https:\/\/bia4all.eu\/pl\/wp-content\/uploads\/sites\/5\/2024\/10\/BIA-PL-material-curriculum-ponadpodstawowe-1024x761.jpg 1024w, https:\/\/bia4all.eu\/pl\/wp-content\/uploads\/sites\/5\/2024\/10\/BIA-PL-material-curriculum-ponadpodstawowe-300x223.jpg 300w, https:\/\/bia4all.eu\/pl\/wp-content\/uploads\/sites\/5\/2024\/10\/BIA-PL-material-curriculum-ponadpodstawowe-768x571.jpg 768w, https:\/\/bia4all.eu\/pl\/wp-content\/uploads\/sites\/5\/2024\/10\/BIA-PL-material-curriculum-ponadpodstawowe.jpg 1164w\" sizes=\"(max-width: 770px) 100vw, 770px\" \/>\t\t\t\t\t\t\t\t<\/a>\n\t\t\t\t\t\t\t\t\t\t\t\t\t<\/div>\n\t\t\t\t<\/div>\n\t\t\t\t\t<\/div>\n\t\t<\/div>\n\t\t\t\t<div class=\"elementor-column elementor-col-50 elementor-top-column elementor-element elementor-element-d5ee203\" data-id=\"d5ee203\" data-element_type=\"column\">\n\t\t\t<div class=\"elementor-widget-wrap elementor-element-populated\">\n\t\t\t\t\t\t<div class=\"elementor-element elementor-element-c380a70 elementor-widget elementor-widget-text-editor\" data-id=\"c380a70\" data-element_type=\"widget\" data-widget_type=\"text-editor.default\">\n\t\t\t\t<div class=\"elementor-widget-container\">\n\t\t\t\t\t\t\t<p>Podr\u0119cznik i do\u0142\u0105czone do niego materia\u0142y maj\u0105 na celu wsparcie nauczycielek i nauczycieli w\u00a0rozwijaniu kompetencji cyfrowych m\u0142odzie\u017cy. W\u00a0publikacji proponujemy nowe podej\u015bcie do edukacji cyfrowej i medialnej, kt\u00f3re opiera si\u0119 na przekonaniu, \u017ce umiej\u0119tno\u015bci cyfrowe warto rozwija\u0107 r\u00f3wnolegle z budowaniem \u015bwiadomo\u015bci emocjonalnej i sprawczo\u015bci, wzmacnianiem kreatywno\u015bci, poczucia przynale\u017cno\u015bci i\u00a0wi\u0119zi spo\u0142ecznych oraz podnoszeniem poczucia w\u0142asnej warto\u015bci.\u00a0<\/p><div class=\"row\"><div class=\"col-12\"><div class=\"material-content\"><div class=\"row\"><div class=\"col-12\"><div class=\"material-content\"><p><i><span style=\"font-weight: 400;\">Publikacja powsta\u0142a w ramach programu Asy Internetu, kt\u00f3ry prowadzony jest przez Fundacj\u0119 Szko\u0142a z Klas\u0105 przy wsparciu Google.org.<\/span><\/i><\/p><\/div><\/div><\/div><\/div><\/div><\/div>\t\t\t\t\t\t<\/div>\n\t\t\t\t<\/div>\n\t\t\t\t<div class=\"elementor-element elementor-element-20fd9c6 elementor-widget elementor-widget-button\" data-id=\"20fd9c6\" data-element_type=\"widget\" data-widget_type=\"button.default\">\n\t\t\t\t<div class=\"elementor-widget-container\">\n\t\t\t\t\t<div class=\"elementor-button-wrapper\">\n\t\t\t<a class=\"elementor-button elementor-button-link elementor-size-md\" href=\"https:\/\/www.szkolazklasa.org.pl\/?smd_process_download=1&#038;download_id=25950\" target=\"_blank\">\n\t\t\t\t\t\t<span class=\"elementor-button-content-wrapper\">\n\t\t\t\t\t\t\t\t\t<span class=\"elementor-button-text\">POBIERZ<\/span>\n\t\t\t\t\t<\/span>\n\t\t\t\t\t<\/a>\n\t\t<\/div>\n\t\t\t\t<\/div>\n\t\t\t\t<\/div>\n\t\t\t\t\t<\/div>\n\t\t<\/div>\n\t\t\t\t\t<\/div>\n\t\t<\/section>\n\t\t\t\t<section class=\"elementor-section elementor-top-section elementor-element elementor-element-bfed8db elementor-section-boxed elementor-section-height-default elementor-section-height-default\" data-id=\"bfed8db\" data-element_type=\"section\">\n\t\t\t\t\t\t<div class=\"elementor-container elementor-column-gap-default\">\n\t\t\t\t\t<div class=\"elementor-column elementor-col-100 elementor-top-column elementor-element elementor-element-04a87cd\" data-id=\"04a87cd\" data-element_type=\"column\">\n\t\t\t<div class=\"elementor-widget-wrap elementor-element-populated\">\n\t\t\t\t\t\t<div class=\"elementor-element elementor-element-49ecefe elementor-widget elementor-widget-spacer\" data-id=\"49ecefe\" data-element_type=\"widget\" data-widget_type=\"spacer.default\">\n\t\t\t\t<div class=\"elementor-widget-container\">\n\t\t\t\t\t<div class=\"elementor-spacer\">\n\t\t\t<div class=\"elementor-spacer-inner\"><\/div>\n\t\t<\/div>\n\t\t\t\t<\/div>\n\t\t\t\t<\/div>\n\t\t\t\t<div class=\"elementor-element elementor-element-ccedb90 elementor-widget elementor-widget-text-editor\" data-id=\"ccedb90\" data-element_type=\"widget\" data-widget_type=\"text-editor.default\">\n\t\t\t\t<div class=\"elementor-widget-container\">\n\t\t\t\t\t\t\t<p>Wi\u0119cej informacji na stronie: <strong><a href=\"https:\/\/www.szkolazklasa.org.pl\/materialy\/postaw-na-cyfrowe-obywatelstwo-scenariusze\/\" target=\"_blank\" rel=\"noopener\">Postaw na cyfrowe obywatelstwo. Scenariusze zaj\u0119\u0107 dla szk\u00f3\u0142 ponadpodstawowych<\/a><\/strong>.<\/p>\t\t\t\t\t\t<\/div>\n\t\t\t\t<\/div>\n\t\t\t\t\t<\/div>\n\t\t<\/div>\n\t\t\t\t\t<\/div>\n\t\t<\/section>\n\t\t\t\t<\/div>\n\t\t","protected":false},"excerpt":{"rendered":"<p>Podr\u0119cznik As\u00f3w Internetu dla szk\u00f3\u0142 ponadpodstawowych Podr\u0119cznik i do\u0142\u0105czone do niego materia\u0142y maj\u0105 na celu wsparcie nauczycielek i nauczycieli w\u00a0rozwijaniu kompetencji cyfrowych m\u0142odzie\u017cy. W\u00a0publikacji proponujemy nowe podej\u015bcie do edukacji cyfrowej i medialnej, kt\u00f3re opiera si\u0119 na przekonaniu, \u017ce umiej\u0119tno\u015bci cyfrowe warto rozwija\u0107 r\u00f3wnolegle z budowaniem \u015bwiadomo\u015bci emocjonalnej i sprawczo\u015bci, wzmacnianiem kreatywno\u015bci, poczucia przynale\u017cno\u015bci i\u00a0wi\u0119zi spo\u0142ecznych&hellip; <a href=\"https:\/\/bia4all.eu\/pl\/podrecznik-dla-szkol-ponadpodstawowych\/\">Continue reading&#8230;<\/a><\/p>\n","protected":false},"author":4,"featured_media":1277,"parent":0,"menu_order":0,"comment_status":"closed","ping_status":"closed","template":"templates\/elementor-tpl.php","meta":{"inline_featured_image":false,"footnotes":""},"class_list":["post-1274","page","type-page","status-publish","has-post-thumbnail","hentry"],"acf":[],"yoast_head":"<!-- This site is optimized with the Yoast SEO plugin v23.0 - https:\/\/yoast.com\/wordpress\/plugins\/seo\/ -->\n<title>Podr\u0119cznik As\u00f3w Internetu dla szk\u00f3\u0142 ponadpodstawowych | Be Internet Awesome For All PL<\/title>\n<meta name=\"description\" content=\"Sprawd\u017a podr\u0119cznik dla szk\u00f3\u0142 ponadpostawowych programu Asy Internetu, wspieraj\u0105cy nauczycieli w rozwijaniu kompetencji cyfrowych m\u0142odzie\u017cy.\" \/>\n<meta name=\"robots\" content=\"index, follow, max-snippet:-1, max-image-preview:large, max-video-preview:-1\" \/>\n<link rel=\"canonical\" href=\"https:\/\/bia4all.eu\/pl\/podrecznik-dla-szkol-ponadpodstawowych\/\" \/>\n<meta property=\"og:locale\" content=\"pl_PL\" \/>\n<meta property=\"og:type\" content=\"article\" \/>\n<meta property=\"og:title\" content=\"Be Internet Awesome For All - Podr\u0119cznik As\u00f3w Internetu dla szk\u00f3\u0142 ponadpodstawowych\" \/>\n<meta property=\"og:description\" content=\"Sprawd\u017a podr\u0119cznik dla szk\u00f3\u0142 ponadpostawowych programu Asy Internetu, wspieraj\u0105cy nauczycieli w rozwijaniu kompetencji cyfrowych m\u0142odzie\u017cy.\" \/>\n<meta property=\"og:url\" content=\"https:\/\/bia4all.eu\/pl\/podrecznik-dla-szkol-ponadpodstawowych\/\" \/>\n<meta property=\"og:site_name\" content=\"PL\" \/>\n<meta property=\"article:modified_time\" content=\"2026-01-28T15:06:29+00:00\" \/>\n<meta property=\"og:image\" content=\"https:\/\/bia4all.eu\/pl\/wp-content\/uploads\/sites\/5\/2024\/10\/BIA-PL-yoast-curriculum-ponadpodstawowe.jpg\" \/>\n\t<meta property=\"og:image:width\" content=\"1200\" \/>\n\t<meta property=\"og:image:height\" content=\"628\" \/>\n\t<meta property=\"og:image:type\" content=\"image\/jpeg\" \/>\n<meta name=\"twitter:card\" content=\"summary_large_image\" \/>\n<meta name=\"twitter:title\" content=\"Be Internet Awesome For All - Podr\u0119cznik As\u00f3w Internetu dla szk\u00f3\u0142 ponadpodstawowych\" \/>\n<meta name=\"twitter:description\" content=\"Sprawd\u017a podr\u0119cznik dla szk\u00f3\u0142 ponadpostawowych programu Asy Internetu, wspieraj\u0105cy nauczycieli w rozwijaniu kompetencji cyfrowych m\u0142odzie\u017cy.\" \/>\n<meta name=\"twitter:image\" content=\"https:\/\/bia4all.eu\/pl\/wp-content\/uploads\/sites\/5\/2024\/10\/BIA-PL-yoast-curriculum-ponadpodstawowe.jpg\" \/>\n<meta name=\"twitter:label1\" content=\"Szacowany czas czytania\" \/>\n\t<meta name=\"twitter:data1\" content=\"1 minuta\" \/>\n<script type=\"application\/ld+json\" class=\"yoast-schema-graph\">{\"@context\":\"https:\/\/schema.org\",\"@graph\":[{\"@type\":\"WebPage\",\"@id\":\"https:\/\/bia4all.eu\/pl\/podrecznik-dla-szkol-ponadpodstawowych\/\",\"url\":\"https:\/\/bia4all.eu\/pl\/podrecznik-dla-szkol-ponadpodstawowych\/\",\"name\":\"Podr\u0119cznik As\u00f3w Internetu dla szk\u00f3\u0142 ponadpodstawowych - PL\",\"isPartOf\":{\"@id\":\"https:\/\/bia4all.eu\/pl\/#website\"},\"primaryImageOfPage\":{\"@id\":\"https:\/\/bia4all.eu\/pl\/podrecznik-dla-szkol-ponadpodstawowych\/#primaryimage\"},\"image\":{\"@id\":\"https:\/\/bia4all.eu\/pl\/podrecznik-dla-szkol-ponadpodstawowych\/#primaryimage\"},\"thumbnailUrl\":\"https:\/\/bia4all.eu\/pl\/wp-content\/uploads\/sites\/5\/2024\/10\/BIA-PL-main-curriculum-ponadpodstawowe.jpg\",\"datePublished\":\"2024-10-14T10:41:17+00:00\",\"dateModified\":\"2026-01-28T15:06:29+00:00\",\"description\":\"Sprawd\u017a podr\u0119cznik dla szk\u00f3\u0142 ponadpostawowych programu Asy Internetu, wspieraj\u0105cy nauczycieli w rozwijaniu kompetencji cyfrowych m\u0142odzie\u017cy.\",\"breadcrumb\":{\"@id\":\"https:\/\/bia4all.eu\/pl\/podrecznik-dla-szkol-ponadpodstawowych\/#breadcrumb\"},\"inLanguage\":\"pl-PL\",\"potentialAction\":[{\"@type\":\"ReadAction\",\"target\":[\"https:\/\/bia4all.eu\/pl\/podrecznik-dla-szkol-ponadpodstawowych\/\"]}]},{\"@type\":\"ImageObject\",\"inLanguage\":\"pl-PL\",\"@id\":\"https:\/\/bia4all.eu\/pl\/podrecznik-dla-szkol-ponadpodstawowych\/#primaryimage\",\"url\":\"https:\/\/bia4all.eu\/pl\/wp-content\/uploads\/sites\/5\/2024\/10\/BIA-PL-main-curriculum-ponadpodstawowe.jpg\",\"contentUrl\":\"https:\/\/bia4all.eu\/pl\/wp-content\/uploads\/sites\/5\/2024\/10\/BIA-PL-main-curriculum-ponadpodstawowe.jpg\",\"width\":600,\"height\":600,\"caption\":\"Podr\u0119cznik As\u00f3w Internetu dla szk\u00f3\u0142 ponadpodstawowych\"},{\"@type\":\"BreadcrumbList\",\"@id\":\"https:\/\/bia4all.eu\/pl\/podrecznik-dla-szkol-ponadpodstawowych\/#breadcrumb\",\"itemListElement\":[{\"@type\":\"ListItem\",\"position\":1,\"name\":\"Strona g\u0142\u00f3wna\",\"item\":\"https:\/\/bia4all.eu\/pl\/\"},{\"@type\":\"ListItem\",\"position\":2,\"name\":\"Podr\u0119cznik As\u00f3w Internetu dla szk\u00f3\u0142 ponadpodstawowych\"}]},{\"@type\":\"WebSite\",\"@id\":\"https:\/\/bia4all.eu\/pl\/#website\",\"url\":\"https:\/\/bia4all.eu\/pl\/\",\"name\":\"PL\",\"description\":\"Be Internet Awesome For All PL\",\"potentialAction\":[{\"@type\":\"SearchAction\",\"target\":{\"@type\":\"EntryPoint\",\"urlTemplate\":\"https:\/\/bia4all.eu\/pl\/?s={search_term_string}\"},\"query-input\":\"required name=search_term_string\"}],\"inLanguage\":\"pl-PL\"}]}<\/script>\n<!-- \/ Yoast SEO plugin. -->","yoast_head_json":{"title":"Podr\u0119cznik As\u00f3w Internetu dla szk\u00f3\u0142 ponadpodstawowych | Be Internet Awesome For All PL","description":"Sprawd\u017a podr\u0119cznik dla szk\u00f3\u0142 ponadpostawowych programu Asy Internetu, wspieraj\u0105cy nauczycieli w rozwijaniu kompetencji cyfrowych m\u0142odzie\u017cy.","robots":{"index":"index","follow":"follow","max-snippet":"max-snippet:-1","max-image-preview":"max-image-preview:large","max-video-preview":"max-video-preview:-1"},"canonical":"https:\/\/bia4all.eu\/pl\/podrecznik-dla-szkol-ponadpodstawowych\/","og_locale":"pl_PL","og_type":"article","og_title":"Be Internet Awesome For All - Podr\u0119cznik As\u00f3w Internetu dla szk\u00f3\u0142 ponadpodstawowych","og_description":"Sprawd\u017a podr\u0119cznik dla szk\u00f3\u0142 ponadpostawowych programu Asy Internetu, wspieraj\u0105cy nauczycieli w rozwijaniu kompetencji cyfrowych m\u0142odzie\u017cy.","og_url":"https:\/\/bia4all.eu\/pl\/podrecznik-dla-szkol-ponadpodstawowych\/","og_site_name":"PL","article_modified_time":"2026-01-28T15:06:29+00:00","og_image":[{"width":1200,"height":628,"url":"https:\/\/bia4all.eu\/pl\/wp-content\/uploads\/sites\/5\/2024\/10\/BIA-PL-yoast-curriculum-ponadpodstawowe.jpg","type":"image\/jpeg"}],"twitter_card":"summary_large_image","twitter_title":"Be Internet Awesome For All - Podr\u0119cznik As\u00f3w Internetu dla szk\u00f3\u0142 ponadpodstawowych","twitter_description":"Sprawd\u017a podr\u0119cznik dla szk\u00f3\u0142 ponadpostawowych programu Asy Internetu, wspieraj\u0105cy nauczycieli w rozwijaniu kompetencji cyfrowych m\u0142odzie\u017cy.","twitter_image":"https:\/\/bia4all.eu\/pl\/wp-content\/uploads\/sites\/5\/2024\/10\/BIA-PL-yoast-curriculum-ponadpodstawowe.jpg","twitter_misc":{"Szacowany czas czytania":"1 minuta"},"schema":{"@context":"https:\/\/schema.org","@graph":[{"@type":"WebPage","@id":"https:\/\/bia4all.eu\/pl\/podrecznik-dla-szkol-ponadpodstawowych\/","url":"https:\/\/bia4all.eu\/pl\/podrecznik-dla-szkol-ponadpodstawowych\/","name":"Podr\u0119cznik As\u00f3w Internetu dla szk\u00f3\u0142 ponadpodstawowych - PL","isPartOf":{"@id":"https:\/\/bia4all.eu\/pl\/#website"},"primaryImageOfPage":{"@id":"https:\/\/bia4all.eu\/pl\/podrecznik-dla-szkol-ponadpodstawowych\/#primaryimage"},"image":{"@id":"https:\/\/bia4all.eu\/pl\/podrecznik-dla-szkol-ponadpodstawowych\/#primaryimage"},"thumbnailUrl":"https:\/\/bia4all.eu\/pl\/wp-content\/uploads\/sites\/5\/2024\/10\/BIA-PL-main-curriculum-ponadpodstawowe.jpg","datePublished":"2024-10-14T10:41:17+00:00","dateModified":"2026-01-28T15:06:29+00:00","description":"Sprawd\u017a podr\u0119cznik dla szk\u00f3\u0142 ponadpostawowych programu Asy Internetu, wspieraj\u0105cy nauczycieli w rozwijaniu kompetencji cyfrowych m\u0142odzie\u017cy.","breadcrumb":{"@id":"https:\/\/bia4all.eu\/pl\/podrecznik-dla-szkol-ponadpodstawowych\/#breadcrumb"},"inLanguage":"pl-PL","potentialAction":[{"@type":"ReadAction","target":["https:\/\/bia4all.eu\/pl\/podrecznik-dla-szkol-ponadpodstawowych\/"]}]},{"@type":"ImageObject","inLanguage":"pl-PL","@id":"https:\/\/bia4all.eu\/pl\/podrecznik-dla-szkol-ponadpodstawowych\/#primaryimage","url":"https:\/\/bia4all.eu\/pl\/wp-content\/uploads\/sites\/5\/2024\/10\/BIA-PL-main-curriculum-ponadpodstawowe.jpg","contentUrl":"https:\/\/bia4all.eu\/pl\/wp-content\/uploads\/sites\/5\/2024\/10\/BIA-PL-main-curriculum-ponadpodstawowe.jpg","width":600,"height":600,"caption":"Podr\u0119cznik As\u00f3w Internetu dla szk\u00f3\u0142 ponadpodstawowych"},{"@type":"BreadcrumbList","@id":"https:\/\/bia4all.eu\/pl\/podrecznik-dla-szkol-ponadpodstawowych\/#breadcrumb","itemListElement":[{"@type":"ListItem","position":1,"name":"Strona g\u0142\u00f3wna","item":"https:\/\/bia4all.eu\/pl\/"},{"@type":"ListItem","position":2,"name":"Podr\u0119cznik As\u00f3w Internetu dla szk\u00f3\u0142 ponadpodstawowych"}]},{"@type":"WebSite","@id":"https:\/\/bia4all.eu\/pl\/#website","url":"https:\/\/bia4all.eu\/pl\/","name":"PL","description":"Be Internet Awesome For All PL","potentialAction":[{"@type":"SearchAction","target":{"@type":"EntryPoint","urlTemplate":"https:\/\/bia4all.eu\/pl\/?s={search_term_string}"},"query-input":"required name=search_term_string"}],"inLanguage":"pl-PL"}]}},"_links":{"self":[{"href":"https:\/\/bia4all.eu\/pl\/wp-json\/wp\/v2\/pages\/1274"}],"collection":[{"href":"https:\/\/bia4all.eu\/pl\/wp-json\/wp\/v2\/pages"}],"about":[{"href":"https:\/\/bia4all.eu\/pl\/wp-json\/wp\/v2\/types\/page"}],"author":[{"embeddable":true,"href":"https:\/\/bia4all.eu\/pl\/wp-json\/wp\/v2\/users\/4"}],"replies":[{"embeddable":true,"href":"https:\/\/bia4all.eu\/pl\/wp-json\/wp\/v2\/comments?post=1274"}],"version-history":[{"count":10,"href":"https:\/\/bia4all.eu\/pl\/wp-json\/wp\/v2\/pages\/1274\/revisions"}],"predecessor-version":[{"id":1473,"href":"https:\/\/bia4all.eu\/pl\/wp-json\/wp\/v2\/pages\/1274\/revisions\/1473"}],"wp:featuredmedia":[{"embeddable":true,"href":"https:\/\/bia4all.eu\/pl\/wp-json\/wp\/v2\/media\/1277"}],"wp:attachment":[{"href":"https:\/\/bia4all.eu\/pl\/wp-json\/wp\/v2\/media?parent=1274"}],"curies":[{"name":"wp","href":"https:\/\/api.w.org\/{rel}","templated":true}]}}