{"id":974,"date":"2024-09-17T13:16:52","date_gmt":"2024-09-17T11:16:52","guid":{"rendered":"https:\/\/bia4all.eu\/pl\/?page_id=974"},"modified":"2026-01-28T16:06:14","modified_gmt":"2026-01-28T15:06:14","slug":"podrecznik-dla-klas-4-8","status":"publish","type":"page","link":"https:\/\/bia4all.eu\/pl\/podrecznik-dla-klas-4-8\/","title":{"rendered":"Podr\u0119cznik As\u00f3w Internetu dla klas 4-8"},"content":{"rendered":"\t\t<div data-elementor-type=\"wp-page\" data-elementor-id=\"974\" class=\"elementor elementor-974\" data-elementor-post-type=\"page\">\n\t\t\t\t\t\t<section class=\"elementor-section elementor-top-section elementor-element elementor-element-733bb86 elementor-section-boxed elementor-section-height-default elementor-section-height-default\" data-id=\"733bb86\" data-element_type=\"section\">\n\t\t\t\t\t\t<div class=\"elementor-container elementor-column-gap-default\">\n\t\t\t\t\t<div class=\"elementor-column elementor-col-100 elementor-top-column elementor-element elementor-element-5f66761\" data-id=\"5f66761\" data-element_type=\"column\">\n\t\t\t<div class=\"elementor-widget-wrap elementor-element-populated\">\n\t\t\t\t\t\t<div class=\"elementor-element elementor-element-a8bd6e4 elementor-widget elementor-widget-spacer\" data-id=\"a8bd6e4\" data-element_type=\"widget\" data-widget_type=\"spacer.default\">\n\t\t\t\t<div class=\"elementor-widget-container\">\n\t\t\t\t\t<div class=\"elementor-spacer\">\n\t\t\t<div class=\"elementor-spacer-inner\"><\/div>\n\t\t<\/div>\n\t\t\t\t<\/div>\n\t\t\t\t<\/div>\n\t\t\t\t\t<\/div>\n\t\t<\/div>\n\t\t\t\t\t<\/div>\n\t\t<\/section>\n\t\t\t\t<section class=\"elementor-section elementor-top-section elementor-element elementor-element-1c02d56 elementor-section-boxed elementor-section-height-default elementor-section-height-default\" data-id=\"1c02d56\" data-element_type=\"section\">\n\t\t\t\t\t\t<div class=\"elementor-container elementor-column-gap-default\">\n\t\t\t\t\t<div class=\"elementor-column elementor-col-100 elementor-top-column elementor-element elementor-element-5006656\" data-id=\"5006656\" data-element_type=\"column\">\n\t\t\t<div class=\"elementor-widget-wrap elementor-element-populated\">\n\t\t\t\t\t\t<div class=\"elementor-element elementor-element-32c3379 elementor-widget elementor-widget-heading\" data-id=\"32c3379\" data-element_type=\"widget\" data-widget_type=\"heading.default\">\n\t\t\t\t<div class=\"elementor-widget-container\">\n\t\t\t<h1 class=\"elementor-heading-title elementor-size-default\">Podr\u0119cznik As\u00f3w Internetu dla klas 4-8<\/h1>\t\t<\/div>\n\t\t\t\t<\/div>\n\t\t\t\t\t<\/div>\n\t\t<\/div>\n\t\t\t\t\t<\/div>\n\t\t<\/section>\n\t\t\t\t<section class=\"elementor-section elementor-top-section elementor-element elementor-element-98f7302 elementor-section-boxed elementor-section-height-default elementor-section-height-default\" data-id=\"98f7302\" data-element_type=\"section\">\n\t\t\t\t\t\t<div class=\"elementor-container elementor-column-gap-default\">\n\t\t\t\t\t<div class=\"elementor-column elementor-col-100 elementor-top-column elementor-element elementor-element-18ee2ce\" data-id=\"18ee2ce\" data-element_type=\"column\">\n\t\t\t<div class=\"elementor-widget-wrap elementor-element-populated\">\n\t\t\t\t\t\t<div class=\"elementor-element elementor-element-e90d3d4 elementor-widget elementor-widget-spacer\" data-id=\"e90d3d4\" data-element_type=\"widget\" data-widget_type=\"spacer.default\">\n\t\t\t\t<div class=\"elementor-widget-container\">\n\t\t\t\t\t<div class=\"elementor-spacer\">\n\t\t\t<div class=\"elementor-spacer-inner\"><\/div>\n\t\t<\/div>\n\t\t\t\t<\/div>\n\t\t\t\t<\/div>\n\t\t\t\t\t<\/div>\n\t\t<\/div>\n\t\t\t\t\t<\/div>\n\t\t<\/section>\n\t\t\t\t<section class=\"elementor-section elementor-inner-section elementor-element elementor-element-515c9dd8 elementor-section-height-default elementor-section-boxed elementor-section-height-default\" data-id=\"515c9dd8\" data-element_type=\"section\">\n\t\t\t\t\t\t<div class=\"elementor-container elementor-column-gap-default\">\n\t\t\t\t\t<div class=\"elementor-column elementor-col-50 elementor-top-column elementor-element elementor-element-1883b584\" data-id=\"1883b584\" data-element_type=\"column\">\n\t\t\t<div class=\"elementor-widget-wrap elementor-element-populated\">\n\t\t\t\t\t\t<div class=\"elementor-element elementor-element-7ded347c elementor-absolute elementor-widget elementor-widget-image\" data-id=\"7ded347c\" data-element_type=\"widget\" data-settings=\"{&quot;_position&quot;:&quot;absolute&quot;}\" data-widget_type=\"image.default\">\n\t\t\t\t<div class=\"elementor-widget-container\">\n\t\t\t\t\t\t\t\t\t\t\t\t\t\t<a href=\"https:\/\/www.szkolazklasa.org.pl\/?smd_process_download=1&#038;download_id=13055\" target=\"_blank\">\n\t\t\t\t\t\t\t<img fetchpriority=\"high\" decoding=\"async\" width=\"770\" height=\"572\" src=\"https:\/\/bia4all.eu\/pl\/wp-content\/uploads\/sites\/5\/2024\/09\/BIA-PL-material-curriculum-9-12-1024x761.jpg\" class=\"elementor-animation-grow attachment-large size-large wp-image-977\" alt=\"Podr\u0119cznik As\u00f3w Internetu dla klas 4-8\" srcset=\"https:\/\/bia4all.eu\/pl\/wp-content\/uploads\/sites\/5\/2024\/09\/BIA-PL-material-curriculum-9-12-1024x761.jpg 1024w, https:\/\/bia4all.eu\/pl\/wp-content\/uploads\/sites\/5\/2024\/09\/BIA-PL-material-curriculum-9-12-300x223.jpg 300w, https:\/\/bia4all.eu\/pl\/wp-content\/uploads\/sites\/5\/2024\/09\/BIA-PL-material-curriculum-9-12-768x571.jpg 768w, https:\/\/bia4all.eu\/pl\/wp-content\/uploads\/sites\/5\/2024\/09\/BIA-PL-material-curriculum-9-12.jpg 1164w\" sizes=\"(max-width: 770px) 100vw, 770px\" \/>\t\t\t\t\t\t\t\t<\/a>\n\t\t\t\t\t\t\t\t\t\t\t\t\t<\/div>\n\t\t\t\t<\/div>\n\t\t\t\t\t<\/div>\n\t\t<\/div>\n\t\t\t\t<div class=\"elementor-column elementor-col-50 elementor-top-column elementor-element elementor-element-56bc5ad2\" data-id=\"56bc5ad2\" data-element_type=\"column\">\n\t\t\t<div class=\"elementor-widget-wrap elementor-element-populated\">\n\t\t\t\t\t\t<div class=\"elementor-element elementor-element-158d6599 elementor-widget elementor-widget-text-editor\" data-id=\"158d6599\" data-element_type=\"widget\" data-widget_type=\"text-editor.default\">\n\t\t\t\t<div class=\"elementor-widget-container\">\n\t\t\t\t\t\t\t<p><span style=\"color: #333333; font-family: 'Plus Jakarta Sans', sans-serif;\">Witaj w \u015bwiecie As\u00f3w Internetu. Ten podr\u0119cznik i do\u0142\u0105czone do niego materia\u0142y maj\u0105 na celu wsparcie nauczycielek i nauczycieli w prowadzeniu zaj\u0119\u0107 na temat bezpiecznego i odpowiedzialnego korzystania z Internetu. Scenariusze lekcji zosta\u0142y przygotowane z my\u015bl\u0105 o klasach 4-8, ale b\u0119d\u0105 warto\u015bciowe r\u00f3wnie\u017c dla os\u00f3b pracuj\u0105cych z m\u0142odszymi lub starszymi dzie\u0107mi. Jest to aktualizacja wcze\u015bniejszej wersji podr\u0119cznika (z 2018 roku).<\/span><\/p><div class=\"row\"><div class=\"col-12\"><div class=\"material-content\"><p><i><span style=\"font-weight: 400;\">Publikacja powsta\u0142a w ramach programu Asy Internetu, kt\u00f3ry prowadzony jest przez Fundacj\u0119 Szko\u0142a z Klas\u0105 przy wsparciu Google.org.<\/span><\/i><\/p><\/div><\/div><\/div>\t\t\t\t\t\t<\/div>\n\t\t\t\t<\/div>\n\t\t\t\t<div class=\"elementor-element elementor-element-758dffec elementor-widget elementor-widget-button\" data-id=\"758dffec\" data-element_type=\"widget\" data-widget_type=\"button.default\">\n\t\t\t\t<div class=\"elementor-widget-container\">\n\t\t\t\t\t<div class=\"elementor-button-wrapper\">\n\t\t\t<a class=\"elementor-button elementor-button-link elementor-size-md\" href=\"https:\/\/www.szkolazklasa.org.pl\/?smd_process_download=1&#038;download_id=13055\" target=\"_blank\">\n\t\t\t\t\t\t<span class=\"elementor-button-content-wrapper\">\n\t\t\t\t\t\t\t\t\t<span class=\"elementor-button-text\">POBIERZ<\/span>\n\t\t\t\t\t<\/span>\n\t\t\t\t\t<\/a>\n\t\t<\/div>\n\t\t\t\t<\/div>\n\t\t\t\t<\/div>\n\t\t\t\t\t<\/div>\n\t\t<\/div>\n\t\t\t\t\t<\/div>\n\t\t<\/section>\n\t\t\t\t<section class=\"elementor-section elementor-top-section elementor-element elementor-element-54e71d6 elementor-section-boxed elementor-section-height-default elementor-section-height-default\" data-id=\"54e71d6\" data-element_type=\"section\">\n\t\t\t\t\t\t<div class=\"elementor-container elementor-column-gap-default\">\n\t\t\t\t\t<div class=\"elementor-column elementor-col-100 elementor-top-column elementor-element elementor-element-f2ce0a8\" data-id=\"f2ce0a8\" data-element_type=\"column\">\n\t\t\t<div class=\"elementor-widget-wrap elementor-element-populated\">\n\t\t\t\t\t\t<div class=\"elementor-element elementor-element-417a349 elementor-widget elementor-widget-spacer\" data-id=\"417a349\" data-element_type=\"widget\" data-widget_type=\"spacer.default\">\n\t\t\t\t<div class=\"elementor-widget-container\">\n\t\t\t\t\t<div class=\"elementor-spacer\">\n\t\t\t<div class=\"elementor-spacer-inner\"><\/div>\n\t\t<\/div>\n\t\t\t\t<\/div>\n\t\t\t\t<\/div>\n\t\t\t\t<div class=\"elementor-element elementor-element-3beb1ba elementor-widget elementor-widget-text-editor\" data-id=\"3beb1ba\" data-element_type=\"widget\" data-widget_type=\"text-editor.default\">\n\t\t\t\t<div class=\"elementor-widget-container\">\n\t\t\t\t\t\t\t<p>Wi\u0119cej informacji na stronie: <strong><a href=\"https:\/\/www.szkolazklasa.org.pl\/materialy\/podrecznik-asow-internetu-dla-klas-4-8-w-jezyku-polskim\/\" target=\"_blank\" rel=\"noopener\">Podr\u0119cznik As\u00f3w Internetu dla klas 4-8 w j\u0119zyku polskim<\/a><\/strong>.<\/p>\t\t\t\t\t\t<\/div>\n\t\t\t\t<\/div>\n\t\t\t\t\t<\/div>\n\t\t<\/div>\n\t\t\t\t\t<\/div>\n\t\t<\/section>\n\t\t\t\t<\/div>\n\t\t","protected":false},"excerpt":{"rendered":"<p>Podr\u0119cznik As\u00f3w Internetu dla klas 4-8 Witaj w \u015bwiecie As\u00f3w Internetu. Ten podr\u0119cznik i do\u0142\u0105czone do niego materia\u0142y maj\u0105 na celu wsparcie nauczycielek i nauczycieli w prowadzeniu zaj\u0119\u0107 na temat bezpiecznego i odpowiedzialnego korzystania z Internetu. Scenariusze lekcji zosta\u0142y przygotowane z my\u015bl\u0105 o klasach 4-8, ale b\u0119d\u0105 warto\u015bciowe r\u00f3wnie\u017c dla os\u00f3b pracuj\u0105cych z m\u0142odszymi lub&hellip; <a href=\"https:\/\/bia4all.eu\/pl\/podrecznik-dla-klas-4-8\/\">Continue reading&#8230;<\/a><\/p>\n","protected":false},"author":4,"featured_media":946,"parent":0,"menu_order":0,"comment_status":"closed","ping_status":"closed","template":"templates\/elementor-tpl.php","meta":{"inline_featured_image":false,"footnotes":""},"class_list":["post-974","page","type-page","status-publish","has-post-thumbnail","hentry"],"acf":[],"yoast_head":"<!-- This site is optimized with the Yoast SEO plugin v23.0 - https:\/\/yoast.com\/wordpress\/plugins\/seo\/ -->\n<title>Podr\u0119cznik As\u00f3w Internetu dla klas 4-8 | Be Internet Awesome For All PL<\/title>\n<meta name=\"description\" content=\"Sprawd\u017a podr\u0119cznik dla klas 4-8 programu Asy Internetu, kt\u00f3ry wspiera nauczycieli w prowadzeniu lekcji o bezpiecznym korzystaniu z internetu.\" \/>\n<meta name=\"robots\" content=\"index, follow, max-snippet:-1, max-image-preview:large, max-video-preview:-1\" \/>\n<link rel=\"canonical\" href=\"https:\/\/bia4all.eu\/pl\/podrecznik-dla-klas-4-8\/\" \/>\n<meta property=\"og:locale\" content=\"pl_PL\" \/>\n<meta property=\"og:type\" content=\"article\" \/>\n<meta property=\"og:title\" content=\"Be Internet Awesome For All - Podr\u0119cznik As\u00f3w Internetu dla klas 4-8\" \/>\n<meta property=\"og:description\" content=\"Podr\u0119cznik As\u00f3w Internetu dla klas 4-8 wspiera nauczycieli w prowadzeniu lekcji o bezpiecznym korzystaniu z Internetu.\" \/>\n<meta property=\"og:url\" content=\"https:\/\/bia4all.eu\/pl\/podrecznik-dla-klas-4-8\/\" \/>\n<meta property=\"og:site_name\" content=\"PL\" \/>\n<meta property=\"article:modified_time\" content=\"2026-01-28T15:06:14+00:00\" \/>\n<meta property=\"og:image\" content=\"https:\/\/bia4all.eu\/pl\/wp-content\/uploads\/sites\/5\/2024\/09\/BIA-PL-yoast-curriculum-9-12.png\" \/>\n\t<meta property=\"og:image:width\" content=\"1200\" \/>\n\t<meta property=\"og:image:height\" content=\"628\" \/>\n\t<meta property=\"og:image:type\" content=\"image\/png\" \/>\n<meta name=\"twitter:card\" content=\"summary_large_image\" \/>\n<meta name=\"twitter:title\" content=\"Be Internet Awesome For All - Podr\u0119cznik As\u00f3w Internetu dla klas 4-8\" \/>\n<meta name=\"twitter:description\" content=\"Podr\u0119cznik As\u00f3w Internetu dla klas 4-8 wspiera nauczycieli w prowadzeniu lekcji o bezpiecznym korzystaniu z Internetu.\" \/>\n<meta name=\"twitter:image\" content=\"https:\/\/bia4all.eu\/pl\/wp-content\/uploads\/sites\/5\/2024\/09\/BIA-PL-yoast-curriculum-9-12.png\" \/>\n<meta name=\"twitter:label1\" content=\"Szacowany czas czytania\" \/>\n\t<meta name=\"twitter:data1\" content=\"1 minuta\" \/>\n<script type=\"application\/ld+json\" class=\"yoast-schema-graph\">{\"@context\":\"https:\/\/schema.org\",\"@graph\":[{\"@type\":\"WebPage\",\"@id\":\"https:\/\/bia4all.eu\/pl\/podrecznik-dla-klas-4-8\/\",\"url\":\"https:\/\/bia4all.eu\/pl\/podrecznik-dla-klas-4-8\/\",\"name\":\"Podr\u0119cznik As\u00f3w Internetu dla klas 4-8 - PL\",\"isPartOf\":{\"@id\":\"https:\/\/bia4all.eu\/pl\/#website\"},\"primaryImageOfPage\":{\"@id\":\"https:\/\/bia4all.eu\/pl\/podrecznik-dla-klas-4-8\/#primaryimage\"},\"image\":{\"@id\":\"https:\/\/bia4all.eu\/pl\/podrecznik-dla-klas-4-8\/#primaryimage\"},\"thumbnailUrl\":\"https:\/\/bia4all.eu\/pl\/wp-content\/uploads\/sites\/5\/2024\/09\/BIA-PL-main-curriculum-9-12.jpg\",\"datePublished\":\"2024-09-17T11:16:52+00:00\",\"dateModified\":\"2026-01-28T15:06:14+00:00\",\"description\":\"Sprawd\u017a podr\u0119cznik dla klas 4-8 programu Asy Internetu, kt\u00f3ry wspiera nauczycieli w prowadzeniu lekcji o bezpiecznym korzystaniu z internetu.\",\"breadcrumb\":{\"@id\":\"https:\/\/bia4all.eu\/pl\/podrecznik-dla-klas-4-8\/#breadcrumb\"},\"inLanguage\":\"pl-PL\",\"potentialAction\":[{\"@type\":\"ReadAction\",\"target\":[\"https:\/\/bia4all.eu\/pl\/podrecznik-dla-klas-4-8\/\"]}]},{\"@type\":\"ImageObject\",\"inLanguage\":\"pl-PL\",\"@id\":\"https:\/\/bia4all.eu\/pl\/podrecznik-dla-klas-4-8\/#primaryimage\",\"url\":\"https:\/\/bia4all.eu\/pl\/wp-content\/uploads\/sites\/5\/2024\/09\/BIA-PL-main-curriculum-9-12.jpg\",\"contentUrl\":\"https:\/\/bia4all.eu\/pl\/wp-content\/uploads\/sites\/5\/2024\/09\/BIA-PL-main-curriculum-9-12.jpg\",\"width\":600,\"height\":600,\"caption\":\"Podr\u0119cznik As\u00f3w Internetu dla klas 4-8\"},{\"@type\":\"BreadcrumbList\",\"@id\":\"https:\/\/bia4all.eu\/pl\/podrecznik-dla-klas-4-8\/#breadcrumb\",\"itemListElement\":[{\"@type\":\"ListItem\",\"position\":1,\"name\":\"Strona g\u0142\u00f3wna\",\"item\":\"https:\/\/bia4all.eu\/pl\/\"},{\"@type\":\"ListItem\",\"position\":2,\"name\":\"Podr\u0119cznik As\u00f3w Internetu dla klas 4-8\"}]},{\"@type\":\"WebSite\",\"@id\":\"https:\/\/bia4all.eu\/pl\/#website\",\"url\":\"https:\/\/bia4all.eu\/pl\/\",\"name\":\"PL\",\"description\":\"Be Internet Awesome For All PL\",\"potentialAction\":[{\"@type\":\"SearchAction\",\"target\":{\"@type\":\"EntryPoint\",\"urlTemplate\":\"https:\/\/bia4all.eu\/pl\/?s={search_term_string}\"},\"query-input\":\"required name=search_term_string\"}],\"inLanguage\":\"pl-PL\"}]}<\/script>\n<!-- \/ Yoast SEO plugin. -->","yoast_head_json":{"title":"Podr\u0119cznik As\u00f3w Internetu dla klas 4-8 | Be Internet Awesome For All PL","description":"Sprawd\u017a podr\u0119cznik dla klas 4-8 programu Asy Internetu, kt\u00f3ry wspiera nauczycieli w prowadzeniu lekcji o bezpiecznym korzystaniu z internetu.","robots":{"index":"index","follow":"follow","max-snippet":"max-snippet:-1","max-image-preview":"max-image-preview:large","max-video-preview":"max-video-preview:-1"},"canonical":"https:\/\/bia4all.eu\/pl\/podrecznik-dla-klas-4-8\/","og_locale":"pl_PL","og_type":"article","og_title":"Be Internet Awesome For All - Podr\u0119cznik As\u00f3w Internetu dla klas 4-8","og_description":"Podr\u0119cznik As\u00f3w Internetu dla klas 4-8 wspiera nauczycieli w prowadzeniu lekcji o bezpiecznym korzystaniu z Internetu.","og_url":"https:\/\/bia4all.eu\/pl\/podrecznik-dla-klas-4-8\/","og_site_name":"PL","article_modified_time":"2026-01-28T15:06:14+00:00","og_image":[{"width":1200,"height":628,"url":"https:\/\/bia4all.eu\/pl\/wp-content\/uploads\/sites\/5\/2024\/09\/BIA-PL-yoast-curriculum-9-12.png","type":"image\/png"}],"twitter_card":"summary_large_image","twitter_title":"Be Internet Awesome For All - Podr\u0119cznik As\u00f3w Internetu dla klas 4-8","twitter_description":"Podr\u0119cznik As\u00f3w Internetu dla klas 4-8 wspiera nauczycieli w prowadzeniu lekcji o bezpiecznym korzystaniu z Internetu.","twitter_image":"https:\/\/bia4all.eu\/pl\/wp-content\/uploads\/sites\/5\/2024\/09\/BIA-PL-yoast-curriculum-9-12.png","twitter_misc":{"Szacowany czas czytania":"1 minuta"},"schema":{"@context":"https:\/\/schema.org","@graph":[{"@type":"WebPage","@id":"https:\/\/bia4all.eu\/pl\/podrecznik-dla-klas-4-8\/","url":"https:\/\/bia4all.eu\/pl\/podrecznik-dla-klas-4-8\/","name":"Podr\u0119cznik As\u00f3w Internetu dla klas 4-8 - PL","isPartOf":{"@id":"https:\/\/bia4all.eu\/pl\/#website"},"primaryImageOfPage":{"@id":"https:\/\/bia4all.eu\/pl\/podrecznik-dla-klas-4-8\/#primaryimage"},"image":{"@id":"https:\/\/bia4all.eu\/pl\/podrecznik-dla-klas-4-8\/#primaryimage"},"thumbnailUrl":"https:\/\/bia4all.eu\/pl\/wp-content\/uploads\/sites\/5\/2024\/09\/BIA-PL-main-curriculum-9-12.jpg","datePublished":"2024-09-17T11:16:52+00:00","dateModified":"2026-01-28T15:06:14+00:00","description":"Sprawd\u017a podr\u0119cznik dla klas 4-8 programu Asy Internetu, kt\u00f3ry wspiera nauczycieli w prowadzeniu lekcji o bezpiecznym korzystaniu z internetu.","breadcrumb":{"@id":"https:\/\/bia4all.eu\/pl\/podrecznik-dla-klas-4-8\/#breadcrumb"},"inLanguage":"pl-PL","potentialAction":[{"@type":"ReadAction","target":["https:\/\/bia4all.eu\/pl\/podrecznik-dla-klas-4-8\/"]}]},{"@type":"ImageObject","inLanguage":"pl-PL","@id":"https:\/\/bia4all.eu\/pl\/podrecznik-dla-klas-4-8\/#primaryimage","url":"https:\/\/bia4all.eu\/pl\/wp-content\/uploads\/sites\/5\/2024\/09\/BIA-PL-main-curriculum-9-12.jpg","contentUrl":"https:\/\/bia4all.eu\/pl\/wp-content\/uploads\/sites\/5\/2024\/09\/BIA-PL-main-curriculum-9-12.jpg","width":600,"height":600,"caption":"Podr\u0119cznik As\u00f3w Internetu dla klas 4-8"},{"@type":"BreadcrumbList","@id":"https:\/\/bia4all.eu\/pl\/podrecznik-dla-klas-4-8\/#breadcrumb","itemListElement":[{"@type":"ListItem","position":1,"name":"Strona g\u0142\u00f3wna","item":"https:\/\/bia4all.eu\/pl\/"},{"@type":"ListItem","position":2,"name":"Podr\u0119cznik As\u00f3w Internetu dla klas 4-8"}]},{"@type":"WebSite","@id":"https:\/\/bia4all.eu\/pl\/#website","url":"https:\/\/bia4all.eu\/pl\/","name":"PL","description":"Be Internet Awesome For All PL","potentialAction":[{"@type":"SearchAction","target":{"@type":"EntryPoint","urlTemplate":"https:\/\/bia4all.eu\/pl\/?s={search_term_string}"},"query-input":"required name=search_term_string"}],"inLanguage":"pl-PL"}]}},"_links":{"self":[{"href":"https:\/\/bia4all.eu\/pl\/wp-json\/wp\/v2\/pages\/974"}],"collection":[{"href":"https:\/\/bia4all.eu\/pl\/wp-json\/wp\/v2\/pages"}],"about":[{"href":"https:\/\/bia4all.eu\/pl\/wp-json\/wp\/v2\/types\/page"}],"author":[{"embeddable":true,"href":"https:\/\/bia4all.eu\/pl\/wp-json\/wp\/v2\/users\/4"}],"replies":[{"embeddable":true,"href":"https:\/\/bia4all.eu\/pl\/wp-json\/wp\/v2\/comments?post=974"}],"version-history":[{"count":12,"href":"https:\/\/bia4all.eu\/pl\/wp-json\/wp\/v2\/pages\/974\/revisions"}],"predecessor-version":[{"id":1470,"href":"https:\/\/bia4all.eu\/pl\/wp-json\/wp\/v2\/pages\/974\/revisions\/1470"}],"wp:featuredmedia":[{"embeddable":true,"href":"https:\/\/bia4all.eu\/pl\/wp-json\/wp\/v2\/media\/946"}],"wp:attachment":[{"href":"https:\/\/bia4all.eu\/pl\/wp-json\/wp\/v2\/media?parent=974"}],"curies":[{"name":"wp","href":"https:\/\/api.w.org\/{rel}","templated":true}]}}