{"id":999,"date":"2024-09-17T14:49:08","date_gmt":"2024-09-17T12:49:08","guid":{"rendered":"https:\/\/bia4all.eu\/pl\/?page_id=999"},"modified":"2026-01-28T16:19:59","modified_gmt":"2026-01-28T15:19:59","slug":"kontakt","status":"publish","type":"page","link":"https:\/\/bia4all.eu\/pl\/kontakt\/","title":{"rendered":"Kontakt"},"content":{"rendered":"\t\t<div data-elementor-type=\"wp-page\" data-elementor-id=\"999\" class=\"elementor elementor-999\" data-elementor-post-type=\"page\">\n\t\t\t\t\t\t<section class=\"elementor-section elementor-top-section elementor-element elementor-element-1cd30f6 elementor-section-boxed elementor-section-height-default elementor-section-height-default\" data-id=\"1cd30f6\" data-element_type=\"section\">\n\t\t\t\t\t\t<div class=\"elementor-container elementor-column-gap-default\">\n\t\t\t\t\t<div class=\"elementor-column elementor-col-100 elementor-top-column elementor-element elementor-element-2c5d61f\" data-id=\"2c5d61f\" data-element_type=\"column\">\n\t\t\t<div class=\"elementor-widget-wrap elementor-element-populated\">\n\t\t\t\t\t\t<div class=\"elementor-element elementor-element-7b84c6a elementor-widget elementor-widget-spacer\" data-id=\"7b84c6a\" data-element_type=\"widget\" data-widget_type=\"spacer.default\">\n\t\t\t\t<div class=\"elementor-widget-container\">\n\t\t\t\t\t<div class=\"elementor-spacer\">\n\t\t\t<div class=\"elementor-spacer-inner\"><\/div>\n\t\t<\/div>\n\t\t\t\t<\/div>\n\t\t\t\t<\/div>\n\t\t\t\t\t<\/div>\n\t\t<\/div>\n\t\t\t\t\t<\/div>\n\t\t<\/section>\n\t\t\t\t<section class=\"elementor-section elementor-top-section elementor-element elementor-element-e761eef elementor-section-boxed elementor-section-height-default elementor-section-height-default\" data-id=\"e761eef\" data-element_type=\"section\">\n\t\t\t\t\t\t<div class=\"elementor-container elementor-column-gap-default\">\n\t\t\t\t\t<div class=\"elementor-column elementor-col-100 elementor-top-column elementor-element elementor-element-aaf31a4\" data-id=\"aaf31a4\" data-element_type=\"column\">\n\t\t\t<div class=\"elementor-widget-wrap elementor-element-populated\">\n\t\t\t\t\t\t<div class=\"elementor-element elementor-element-2ecaf9e elementor-widget elementor-widget-heading\" data-id=\"2ecaf9e\" data-element_type=\"widget\" data-widget_type=\"heading.default\">\n\t\t\t\t<div class=\"elementor-widget-container\">\n\t\t\t<h1 class=\"elementor-heading-title elementor-size-default\">Kontakt<\/h1>\t\t<\/div>\n\t\t\t\t<\/div>\n\t\t\t\t\t<\/div>\n\t\t<\/div>\n\t\t\t\t\t<\/div>\n\t\t<\/section>\n\t\t\t\t<section class=\"elementor-section elementor-top-section elementor-element elementor-element-44a5941 elementor-section-boxed elementor-section-height-default elementor-section-height-default\" data-id=\"44a5941\" data-element_type=\"section\">\n\t\t\t\t\t\t<div class=\"elementor-container elementor-column-gap-default\">\n\t\t\t\t\t<div class=\"elementor-column elementor-col-100 elementor-top-column elementor-element elementor-element-778d918\" data-id=\"778d918\" data-element_type=\"column\">\n\t\t\t<div class=\"elementor-widget-wrap elementor-element-populated\">\n\t\t\t\t\t\t<div class=\"elementor-element elementor-element-f1d2645 elementor-widget elementor-widget-spacer\" data-id=\"f1d2645\" data-element_type=\"widget\" data-widget_type=\"spacer.default\">\n\t\t\t\t<div class=\"elementor-widget-container\">\n\t\t\t\t\t<div class=\"elementor-spacer\">\n\t\t\t<div class=\"elementor-spacer-inner\"><\/div>\n\t\t<\/div>\n\t\t\t\t<\/div>\n\t\t\t\t<\/div>\n\t\t\t\t\t<\/div>\n\t\t<\/div>\n\t\t\t\t\t<\/div>\n\t\t<\/section>\n\t\t\t\t<section class=\"elementor-section elementor-inner-section elementor-element elementor-element-5a64ef46 elementor-section-height-default elementor-section-boxed elementor-section-height-default\" data-id=\"5a64ef46\" data-element_type=\"section\" data-settings=\"{&quot;background_background&quot;:&quot;classic&quot;}\">\n\t\t\t\t\t\t<div class=\"elementor-container elementor-column-gap-default\">\n\t\t\t\t\t<div class=\"elementor-column elementor-col-100 elementor-top-column elementor-element elementor-element-6c2db565\" data-id=\"6c2db565\" data-element_type=\"column\" data-settings=\"{&quot;background_background&quot;:&quot;classic&quot;}\">\n\t\t\t<div class=\"elementor-widget-wrap elementor-element-populated\">\n\t\t\t\t\t\t<div class=\"elementor-element elementor-element-512f8e2c elementor-widget elementor-widget-spacer\" data-id=\"512f8e2c\" data-element_type=\"widget\" data-widget_type=\"spacer.default\">\n\t\t\t\t<div class=\"elementor-widget-container\">\n\t\t\t\t\t<div class=\"elementor-spacer\">\n\t\t\t<div class=\"elementor-spacer-inner\"><\/div>\n\t\t<\/div>\n\t\t\t\t<\/div>\n\t\t\t\t<\/div>\n\t\t\t\t<section class=\"elementor-section elementor-inner-section elementor-element elementor-element-4815940 elementor-section-boxed elementor-section-height-default elementor-section-height-default\" data-id=\"4815940\" data-element_type=\"section\">\n\t\t\t\t\t\t<div class=\"elementor-container elementor-column-gap-default\">\n\t\t\t\t\t<div class=\"elementor-column elementor-col-50 elementor-inner-column elementor-element elementor-element-3c68531\" data-id=\"3c68531\" data-element_type=\"column\">\n\t\t\t<div class=\"elementor-widget-wrap\">\n\t\t\t\t\t\t\t<\/div>\n\t\t<\/div>\n\t\t\t\t<div class=\"elementor-column elementor-col-50 elementor-inner-column elementor-element elementor-element-2907139\" data-id=\"2907139\" data-element_type=\"column\">\n\t\t\t<div class=\"elementor-widget-wrap elementor-element-populated\">\n\t\t\t\t\t\t<div class=\"elementor-element elementor-element-5e4dc67c elementor-widget elementor-widget-heading\" data-id=\"5e4dc67c\" data-element_type=\"widget\" data-widget_type=\"heading.default\">\n\t\t\t\t<div class=\"elementor-widget-container\">\n\t\t\t<h2 class=\"elementor-heading-title elementor-size-default\">Skontaktuj si\u0119 z nami<\/h2>\t\t<\/div>\n\t\t\t\t<\/div>\n\t\t\t\t<div class=\"elementor-element elementor-element-714f4dec elementor-widget elementor-widget-heading\" data-id=\"714f4dec\" data-element_type=\"widget\" data-widget_type=\"heading.default\">\n\t\t\t\t<div class=\"elementor-widget-container\">\n\t\t\t<p class=\"elementor-heading-title elementor-size-default\">Chcesz dowiedzie\u0107 si\u0119 wi\u0119cej o Asach internetu<br>i o mi\u0119dzynarodowym programie Be Internet Awesome?<br><br>\nNapisz do nas!<\/p>\t\t<\/div>\n\t\t\t\t<\/div>\n\t\t\t\t\t<\/div>\n\t\t<\/div>\n\t\t\t\t\t<\/div>\n\t\t<\/section>\n\t\t\t\t<div class=\"elementor-element elementor-element-32c13122 elementor-widget elementor-widget-spacer\" data-id=\"32c13122\" data-element_type=\"widget\" data-widget_type=\"spacer.default\">\n\t\t\t\t<div class=\"elementor-widget-container\">\n\t\t\t\t\t<div class=\"elementor-spacer\">\n\t\t\t<div class=\"elementor-spacer-inner\"><\/div>\n\t\t<\/div>\n\t\t\t\t<\/div>\n\t\t\t\t<\/div>\n\t\t\t\t\t<\/div>\n\t\t<\/div>\n\t\t\t\t\t<\/div>\n\t\t<\/section>\n\t\t\t\t<section class=\"elementor-section elementor-top-section elementor-element elementor-element-69517c5 elementor-section-boxed elementor-section-height-default elementor-section-height-default\" data-id=\"69517c5\" data-element_type=\"section\">\n\t\t\t\t\t\t<div class=\"elementor-container elementor-column-gap-default\">\n\t\t\t\t\t<div class=\"elementor-column elementor-col-100 elementor-top-column elementor-element elementor-element-38381a5\" data-id=\"38381a5\" data-element_type=\"column\">\n\t\t\t<div class=\"elementor-widget-wrap elementor-element-populated\">\n\t\t\t\t\t\t<div class=\"elementor-element elementor-element-2246e23 elementor-widget elementor-widget-spacer\" data-id=\"2246e23\" data-element_type=\"widget\" data-widget_type=\"spacer.default\">\n\t\t\t\t<div class=\"elementor-widget-container\">\n\t\t\t\t\t<div class=\"elementor-spacer\">\n\t\t\t<div class=\"elementor-spacer-inner\"><\/div>\n\t\t<\/div>\n\t\t\t\t<\/div>\n\t\t\t\t<\/div>\n\t\t\t\t<div class=\"elementor-element elementor-element-86ee28f elementor-widget elementor-widget-heading\" data-id=\"86ee28f\" data-element_type=\"widget\" data-widget_type=\"heading.default\">\n\t\t\t\t<div class=\"elementor-widget-container\">\n\t\t\t<h2 class=\"elementor-heading-title elementor-size-default\">Koordynacja mi\u0119dzynarodowa<\/h2>\t\t<\/div>\n\t\t\t\t<\/div>\n\t\t\t\t<div class=\"elementor-element elementor-element-5941035 elementor-widget elementor-widget-heading\" data-id=\"5941035\" data-element_type=\"widget\" data-widget_type=\"heading.default\">\n\t\t\t\t<div class=\"elementor-widget-container\">\n\t\t\t<h3 class=\"elementor-heading-title elementor-size-default\">Fundacja Szko\u0142a z Klas\u0105<\/h3>\t\t<\/div>\n\t\t\t\t<\/div>\n\t\t\t\t<div class=\"elementor-element elementor-element-bb4b6cd elementor-widget elementor-widget-text-editor\" data-id=\"bb4b6cd\" data-element_type=\"widget\" data-widget_type=\"text-editor.default\">\n\t\t\t\t<div class=\"elementor-widget-container\">\n\t\t\t\t\t\t\t<p><strong>kontakt<\/strong>: bia@szkolazklasa.org.pl, paulina.oltusek@szkolazklasa.org.pl<br><strong>strona<\/strong>: <a href=\"https:\/\/szkolazklasa.org.pl\/\" target=\"_blank\" rel=\"noopener\">Fundacja Szko\u0142a z Klas\u0105<\/a><\/p>\t\t\t\t\t\t<\/div>\n\t\t\t\t<\/div>\n\t\t\t\t\t<\/div>\n\t\t<\/div>\n\t\t\t\t\t<\/div>\n\t\t<\/section>\n\t\t\t\t<section class=\"elementor-section elementor-top-section elementor-element elementor-element-d102c01 elementor-section-boxed elementor-section-height-default elementor-section-height-default\" data-id=\"d102c01\" data-element_type=\"section\">\n\t\t\t\t\t\t<div class=\"elementor-container elementor-column-gap-default\">\n\t\t\t\t\t<div class=\"elementor-column elementor-col-100 elementor-top-column elementor-element elementor-element-f73a008\" data-id=\"f73a008\" data-element_type=\"column\">\n\t\t\t<div class=\"elementor-widget-wrap elementor-element-populated\">\n\t\t\t\t\t\t<div class=\"elementor-element elementor-element-71c8a4a elementor-widget elementor-widget-spacer\" data-id=\"71c8a4a\" data-element_type=\"widget\" data-widget_type=\"spacer.default\">\n\t\t\t\t<div class=\"elementor-widget-container\">\n\t\t\t\t\t<div class=\"elementor-spacer\">\n\t\t\t<div class=\"elementor-spacer-inner\"><\/div>\n\t\t<\/div>\n\t\t\t\t<\/div>\n\t\t\t\t<\/div>\n\t\t\t\t<div class=\"elementor-element elementor-element-a9807a5 elementor-widget elementor-widget-heading\" data-id=\"a9807a5\" data-element_type=\"widget\" data-widget_type=\"heading.default\">\n\t\t\t\t<div class=\"elementor-widget-container\">\n\t\t\t<h2 class=\"elementor-heading-title elementor-size-default\">Lokalne organizacje<\/h2>\t\t<\/div>\n\t\t\t\t<\/div>\n\t\t\t\t<div class=\"elementor-element elementor-element-e305a87 elementor-widget elementor-widget-text-editor\" data-id=\"e305a87\" data-element_type=\"widget\" data-widget_type=\"text-editor.default\">\n\t\t\t\t<div class=\"elementor-widget-container\">\n\t\t\t\t\t\t\t<p>Wi\u0119cej informacji o naszych partnerach znajdziesz w sekcji <a href=\"https:\/\/bia4all.eu\/pl\/partnerzy\/\" rel=\"noopener\">Partnerzy<\/a>.<\/p>\t\t\t\t\t\t<\/div>\n\t\t\t\t<\/div>\n\t\t\t\t<div class=\"elementor-element elementor-element-a4124be elementor-widget elementor-widget-button\" data-id=\"a4124be\" data-element_type=\"widget\" data-widget_type=\"button.default\">\n\t\t\t\t<div class=\"elementor-widget-container\">\n\t\t\t\t\t<div class=\"elementor-button-wrapper\">\n\t\t\t<a class=\"elementor-button elementor-button-link elementor-size-sm elementor-animation-grow\" href=\"https:\/\/bia4all.eu\/pl\/partnerzy\/\">\n\t\t\t\t\t\t<span class=\"elementor-button-content-wrapper\">\n\t\t\t\t\t\t\t\t\t<span class=\"elementor-button-text\">SPRAWD\u0179 DANE KONTAKTOWE<br>LOKALNYCH KOORDYNATOR\u00d3W<\/span>\n\t\t\t\t\t<\/span>\n\t\t\t\t\t<\/a>\n\t\t<\/div>\n\t\t\t\t<\/div>\n\t\t\t\t<\/div>\n\t\t\t\t\t<\/div>\n\t\t<\/div>\n\t\t\t\t\t<\/div>\n\t\t<\/section>\n\t\t\t\t<\/div>\n\t\t","protected":false},"excerpt":{"rendered":"<p>Kontakt Skontaktuj si\u0119 z nami Chcesz dowiedzie\u0107 si\u0119 wi\u0119cej o Asach internetui o mi\u0119dzynarodowym programie Be Internet Awesome? Napisz do nas! Koordynacja mi\u0119dzynarodowa Fundacja Szko\u0142a z Klas\u0105 kontakt: bia@szkolazklasa.org.pl, paulina.oltusek@szkolazklasa.org.plstrona: Fundacja Szko\u0142a z Klas\u0105 Lokalne organizacje Wi\u0119cej informacji o naszych partnerach znajdziesz w sekcji Partnerzy. SPRAWD\u0179 DANE KONTAKTOWELOKALNYCH KOORDYNATOR\u00d3W<\/p>\n","protected":false},"author":4,"featured_media":1001,"parent":0,"menu_order":0,"comment_status":"closed","ping_status":"closed","template":"templates\/elementor-tpl.php","meta":{"inline_featured_image":false,"footnotes":""},"class_list":["post-999","page","type-page","status-publish","has-post-thumbnail","hentry"],"acf":[],"yoast_head":"<!-- This site is optimized with the Yoast SEO plugin v23.0 - https:\/\/yoast.com\/wordpress\/plugins\/seo\/ -->\n<title>Kontakt | Be Internet Awesome For All PL<\/title>\n<meta name=\"description\" content=\"Chcesz dowiedzie\u0107 si\u0119 wi\u0119cej o Asach Internetu i o Be Internet Awesome? Skontaktuj si\u0119 z nami lub z naszymi mi\u0119dzynarodowymi partnerami.\" \/>\n<meta name=\"robots\" content=\"index, follow, max-snippet:-1, max-image-preview:large, max-video-preview:-1\" \/>\n<link rel=\"canonical\" href=\"https:\/\/bia4all.eu\/pl\/kontakt\/\" \/>\n<meta property=\"og:locale\" content=\"pl_PL\" \/>\n<meta property=\"og:type\" content=\"article\" \/>\n<meta property=\"og:title\" content=\"Be Internet Awesome For All - Kontakt\" \/>\n<meta property=\"og:description\" content=\"Chcesz dowiedzie\u0107 si\u0119 wi\u0119cej o Asach Internetu i o Be Internet Awesome? Skontaktuj si\u0119 z nami lub z naszymi mi\u0119dzynarodowymi partnerami.\" \/>\n<meta property=\"og:url\" content=\"https:\/\/bia4all.eu\/pl\/kontakt\/\" \/>\n<meta property=\"og:site_name\" content=\"PL\" \/>\n<meta property=\"article:modified_time\" content=\"2026-01-28T15:19:59+00:00\" \/>\n<meta property=\"og:image\" content=\"https:\/\/bia4all.eu\/pl\/wp-content\/uploads\/sites\/5\/2024\/09\/BIA-PL-yoast-contact.jpg\" \/>\n\t<meta property=\"og:image:width\" content=\"1200\" \/>\n\t<meta property=\"og:image:height\" content=\"628\" \/>\n\t<meta property=\"og:image:type\" content=\"image\/jpeg\" \/>\n<meta name=\"twitter:card\" content=\"summary_large_image\" \/>\n<meta name=\"twitter:title\" content=\"Be Internet Awesome For All - Kontakt\" \/>\n<meta name=\"twitter:description\" content=\"Chcesz dowiedzie\u0107 si\u0119 wi\u0119cej o Asach Internetu i o Be Internet Awesome? Skontaktuj si\u0119 z nami lub z naszymi mi\u0119dzynarodowymi partnerami.\" \/>\n<meta name=\"twitter:image\" content=\"https:\/\/bia4all.eu\/pl\/wp-content\/uploads\/sites\/5\/2024\/09\/BIA-PL-yoast-contact.jpg\" \/>\n<meta name=\"twitter:label1\" content=\"Szacowany czas czytania\" \/>\n\t<meta name=\"twitter:data1\" content=\"1 minuta\" \/>\n<script type=\"application\/ld+json\" class=\"yoast-schema-graph\">{\"@context\":\"https:\/\/schema.org\",\"@graph\":[{\"@type\":\"WebPage\",\"@id\":\"https:\/\/bia4all.eu\/pl\/kontakt\/\",\"url\":\"https:\/\/bia4all.eu\/pl\/kontakt\/\",\"name\":\"Kontakt - PL\",\"isPartOf\":{\"@id\":\"https:\/\/bia4all.eu\/pl\/#website\"},\"primaryImageOfPage\":{\"@id\":\"https:\/\/bia4all.eu\/pl\/kontakt\/#primaryimage\"},\"image\":{\"@id\":\"https:\/\/bia4all.eu\/pl\/kontakt\/#primaryimage\"},\"thumbnailUrl\":\"https:\/\/bia4all.eu\/pl\/wp-content\/uploads\/sites\/5\/2024\/09\/BIA-PL-main-contact.jpg\",\"datePublished\":\"2024-09-17T12:49:08+00:00\",\"dateModified\":\"2026-01-28T15:19:59+00:00\",\"description\":\"Chcesz dowiedzie\u0107 si\u0119 wi\u0119cej o Asach Internetu i o Be Internet Awesome? Skontaktuj si\u0119 z nami lub z naszymi mi\u0119dzynarodowymi partnerami.\",\"breadcrumb\":{\"@id\":\"https:\/\/bia4all.eu\/pl\/kontakt\/#breadcrumb\"},\"inLanguage\":\"pl-PL\",\"potentialAction\":[{\"@type\":\"ReadAction\",\"target\":[\"https:\/\/bia4all.eu\/pl\/kontakt\/\"]}]},{\"@type\":\"ImageObject\",\"inLanguage\":\"pl-PL\",\"@id\":\"https:\/\/bia4all.eu\/pl\/kontakt\/#primaryimage\",\"url\":\"https:\/\/bia4all.eu\/pl\/wp-content\/uploads\/sites\/5\/2024\/09\/BIA-PL-main-contact.jpg\",\"contentUrl\":\"https:\/\/bia4all.eu\/pl\/wp-content\/uploads\/sites\/5\/2024\/09\/BIA-PL-main-contact.jpg\",\"width\":600,\"height\":600,\"caption\":\"Kontakt\"},{\"@type\":\"BreadcrumbList\",\"@id\":\"https:\/\/bia4all.eu\/pl\/kontakt\/#breadcrumb\",\"itemListElement\":[{\"@type\":\"ListItem\",\"position\":1,\"name\":\"Strona g\u0142\u00f3wna\",\"item\":\"https:\/\/bia4all.eu\/pl\/\"},{\"@type\":\"ListItem\",\"position\":2,\"name\":\"Kontakt\"}]},{\"@type\":\"WebSite\",\"@id\":\"https:\/\/bia4all.eu\/pl\/#website\",\"url\":\"https:\/\/bia4all.eu\/pl\/\",\"name\":\"PL\",\"description\":\"Be Internet Awesome For All PL\",\"potentialAction\":[{\"@type\":\"SearchAction\",\"target\":{\"@type\":\"EntryPoint\",\"urlTemplate\":\"https:\/\/bia4all.eu\/pl\/?s={search_term_string}\"},\"query-input\":\"required name=search_term_string\"}],\"inLanguage\":\"pl-PL\"}]}<\/script>\n<!-- \/ Yoast SEO plugin. -->","yoast_head_json":{"title":"Kontakt | Be Internet Awesome For All PL","description":"Chcesz dowiedzie\u0107 si\u0119 wi\u0119cej o Asach Internetu i o Be Internet Awesome? Skontaktuj si\u0119 z nami lub z naszymi mi\u0119dzynarodowymi partnerami.","robots":{"index":"index","follow":"follow","max-snippet":"max-snippet:-1","max-image-preview":"max-image-preview:large","max-video-preview":"max-video-preview:-1"},"canonical":"https:\/\/bia4all.eu\/pl\/kontakt\/","og_locale":"pl_PL","og_type":"article","og_title":"Be Internet Awesome For All - Kontakt","og_description":"Chcesz dowiedzie\u0107 si\u0119 wi\u0119cej o Asach Internetu i o Be Internet Awesome? Skontaktuj si\u0119 z nami lub z naszymi mi\u0119dzynarodowymi partnerami.","og_url":"https:\/\/bia4all.eu\/pl\/kontakt\/","og_site_name":"PL","article_modified_time":"2026-01-28T15:19:59+00:00","og_image":[{"width":1200,"height":628,"url":"https:\/\/bia4all.eu\/pl\/wp-content\/uploads\/sites\/5\/2024\/09\/BIA-PL-yoast-contact.jpg","type":"image\/jpeg"}],"twitter_card":"summary_large_image","twitter_title":"Be Internet Awesome For All - Kontakt","twitter_description":"Chcesz dowiedzie\u0107 si\u0119 wi\u0119cej o Asach Internetu i o Be Internet Awesome? Skontaktuj si\u0119 z nami lub z naszymi mi\u0119dzynarodowymi partnerami.","twitter_image":"https:\/\/bia4all.eu\/pl\/wp-content\/uploads\/sites\/5\/2024\/09\/BIA-PL-yoast-contact.jpg","twitter_misc":{"Szacowany czas czytania":"1 minuta"},"schema":{"@context":"https:\/\/schema.org","@graph":[{"@type":"WebPage","@id":"https:\/\/bia4all.eu\/pl\/kontakt\/","url":"https:\/\/bia4all.eu\/pl\/kontakt\/","name":"Kontakt - PL","isPartOf":{"@id":"https:\/\/bia4all.eu\/pl\/#website"},"primaryImageOfPage":{"@id":"https:\/\/bia4all.eu\/pl\/kontakt\/#primaryimage"},"image":{"@id":"https:\/\/bia4all.eu\/pl\/kontakt\/#primaryimage"},"thumbnailUrl":"https:\/\/bia4all.eu\/pl\/wp-content\/uploads\/sites\/5\/2024\/09\/BIA-PL-main-contact.jpg","datePublished":"2024-09-17T12:49:08+00:00","dateModified":"2026-01-28T15:19:59+00:00","description":"Chcesz dowiedzie\u0107 si\u0119 wi\u0119cej o Asach Internetu i o Be Internet Awesome? Skontaktuj si\u0119 z nami lub z naszymi mi\u0119dzynarodowymi partnerami.","breadcrumb":{"@id":"https:\/\/bia4all.eu\/pl\/kontakt\/#breadcrumb"},"inLanguage":"pl-PL","potentialAction":[{"@type":"ReadAction","target":["https:\/\/bia4all.eu\/pl\/kontakt\/"]}]},{"@type":"ImageObject","inLanguage":"pl-PL","@id":"https:\/\/bia4all.eu\/pl\/kontakt\/#primaryimage","url":"https:\/\/bia4all.eu\/pl\/wp-content\/uploads\/sites\/5\/2024\/09\/BIA-PL-main-contact.jpg","contentUrl":"https:\/\/bia4all.eu\/pl\/wp-content\/uploads\/sites\/5\/2024\/09\/BIA-PL-main-contact.jpg","width":600,"height":600,"caption":"Kontakt"},{"@type":"BreadcrumbList","@id":"https:\/\/bia4all.eu\/pl\/kontakt\/#breadcrumb","itemListElement":[{"@type":"ListItem","position":1,"name":"Strona g\u0142\u00f3wna","item":"https:\/\/bia4all.eu\/pl\/"},{"@type":"ListItem","position":2,"name":"Kontakt"}]},{"@type":"WebSite","@id":"https:\/\/bia4all.eu\/pl\/#website","url":"https:\/\/bia4all.eu\/pl\/","name":"PL","description":"Be Internet Awesome For All PL","potentialAction":[{"@type":"SearchAction","target":{"@type":"EntryPoint","urlTemplate":"https:\/\/bia4all.eu\/pl\/?s={search_term_string}"},"query-input":"required name=search_term_string"}],"inLanguage":"pl-PL"}]}},"_links":{"self":[{"href":"https:\/\/bia4all.eu\/pl\/wp-json\/wp\/v2\/pages\/999"}],"collection":[{"href":"https:\/\/bia4all.eu\/pl\/wp-json\/wp\/v2\/pages"}],"about":[{"href":"https:\/\/bia4all.eu\/pl\/wp-json\/wp\/v2\/types\/page"}],"author":[{"embeddable":true,"href":"https:\/\/bia4all.eu\/pl\/wp-json\/wp\/v2\/users\/4"}],"replies":[{"embeddable":true,"href":"https:\/\/bia4all.eu\/pl\/wp-json\/wp\/v2\/comments?post=999"}],"version-history":[{"count":38,"href":"https:\/\/bia4all.eu\/pl\/wp-json\/wp\/v2\/pages\/999\/revisions"}],"predecessor-version":[{"id":1482,"href":"https:\/\/bia4all.eu\/pl\/wp-json\/wp\/v2\/pages\/999\/revisions\/1482"}],"wp:featuredmedia":[{"embeddable":true,"href":"https:\/\/bia4all.eu\/pl\/wp-json\/wp\/v2\/media\/1001"}],"wp:attachment":[{"href":"https:\/\/bia4all.eu\/pl\/wp-json\/wp\/v2\/media?parent=999"}],"curies":[{"name":"wp","href":"https:\/\/api.w.org\/{rel}","templated":true}]}}