{"id":59,"date":"2023-05-24T09:43:19","date_gmt":"2023-05-24T07:43:19","guid":{"rendered":"https:\/\/bia4all.eu\/sk\/?page_id=59"},"modified":"2026-02-04T15:51:49","modified_gmt":"2026-02-04T14:51:49","slug":"o-nas","status":"publish","type":"page","link":"https:\/\/bia4all.eu\/sk\/o-nas\/","title":{"rendered":"O n\u00e1s"},"content":{"rendered":"\t\t<div data-elementor-type=\"wp-page\" data-elementor-id=\"59\" class=\"elementor elementor-59\" data-elementor-post-type=\"page\">\n\t\t\t\t\t\t<section class=\"elementor-section elementor-top-section elementor-element elementor-element-537b04c elementor-section-boxed elementor-section-height-default elementor-section-height-default\" data-id=\"537b04c\" data-element_type=\"section\">\n\t\t\t\t\t\t<div class=\"elementor-container elementor-column-gap-default\">\n\t\t\t\t\t<div class=\"elementor-column elementor-col-100 elementor-top-column elementor-element elementor-element-2e60ec0\" data-id=\"2e60ec0\" data-element_type=\"column\">\n\t\t\t<div class=\"elementor-widget-wrap elementor-element-populated\">\n\t\t\t\t\t\t<div class=\"elementor-element elementor-element-f14a240 elementor-widget elementor-widget-heading\" data-id=\"f14a240\" data-element_type=\"widget\" data-widget_type=\"heading.default\">\n\t\t\t\t<div class=\"elementor-widget-container\">\n\t\t\t<h1 class=\"elementor-heading-title elementor-size-default\">O n\u00e1s<\/h1>\t\t<\/div>\n\t\t\t\t<\/div>\n\t\t\t\t\t<\/div>\n\t\t<\/div>\n\t\t\t\t\t<\/div>\n\t\t<\/section>\n\t\t\t\t<section class=\"elementor-section elementor-top-section elementor-element elementor-element-2a7192b elementor-section-boxed elementor-section-height-default elementor-section-height-default\" data-id=\"2a7192b\" data-element_type=\"section\">\n\t\t\t\t\t\t<div class=\"elementor-container elementor-column-gap-default\">\n\t\t\t\t\t<div class=\"elementor-column elementor-col-100 elementor-top-column elementor-element elementor-element-0de8754\" data-id=\"0de8754\" data-element_type=\"column\">\n\t\t\t<div class=\"elementor-widget-wrap elementor-element-populated\">\n\t\t\t\t\t\t<div class=\"elementor-element elementor-element-9d3d4ce elementor-widget elementor-widget-spacer\" data-id=\"9d3d4ce\" data-element_type=\"widget\" data-widget_type=\"spacer.default\">\n\t\t\t\t<div class=\"elementor-widget-container\">\n\t\t\t\t\t<div class=\"elementor-spacer\">\n\t\t\t<div class=\"elementor-spacer-inner\"><\/div>\n\t\t<\/div>\n\t\t\t\t<\/div>\n\t\t\t\t<\/div>\n\t\t\t\t\t<\/div>\n\t\t<\/div>\n\t\t\t\t\t<\/div>\n\t\t<\/section>\n\t\t\t\t<section class=\"elementor-section elementor-top-section elementor-element elementor-element-3e55c9d elementor-section-boxed elementor-section-height-default elementor-section-height-default\" data-id=\"3e55c9d\" data-element_type=\"section\">\n\t\t\t\t\t\t<div class=\"elementor-container elementor-column-gap-default\">\n\t\t\t\t\t<div class=\"elementor-column elementor-col-50 elementor-top-column elementor-element elementor-element-1812d62\" data-id=\"1812d62\" data-element_type=\"column\">\n\t\t\t<div class=\"elementor-widget-wrap elementor-element-populated\">\n\t\t\t\t\t\t<div class=\"elementor-element elementor-element-b5e5cae elementor-widget elementor-widget-text-editor\" data-id=\"b5e5cae\" data-element_type=\"widget\" data-widget_type=\"text-editor.default\">\n\t\t\t\t<div class=\"elementor-widget-container\">\n\t\t\t\t\t\t\t<p><b>Nad\u00e1cia Szko\u0142a z Klas\u0105 (\u0160kola s triedou) je mimovl\u00e1dna organiz\u00e1cia, ktor\u00e1 sa venuje vzdel\u00e1vaniu.<\/b><span style=\"font-weight: 400;\"> Vznikla v roku 2015 na z\u00e1klade sk\u00fasenost\u00ed programu Szko\u0142a z Klas\u0105 &#8211; jedn\u00e9ho z najv\u00e4\u010d\u0161\u00edch a najzn\u00e1mej\u0161\u00edch celopo\u013esk\u00fdch programov, ktor\u00fd funguje od roku 2002.<\/span><\/p><p><span style=\"font-weight: 400;\">Ver\u00edme, \u017ee svet zajtraj\u0161ka z\u00e1vis\u00ed na vzdel\u00e1van\u00ed dne\u0161ka. Preto <\/span>podporujeme \u0161koly, aby sa zmenili a pom\u00e1hame <span style=\"font-weight: 400;\">im sta\u0165 sa inovat\u00edvnym, otvoren\u00fdm prostred\u00edm, ktor\u00e9 sa anga\u017euje v rie\u0161en\u00ed spolo\u010densk\u00fdch probl\u00e9mov, kde prevl\u00e1daj\u00fa vz\u0165ahy zalo\u017een\u00e9 na vz\u00e1jomnom re\u0161pekte a d\u00f4vere a kde sa mlad\u00ed \u013eudia m\u00f4\u017eu sta\u0165 akt\u00edvnymi, informovan\u00fdmi a zodpovedn\u00fdmi ob\u010danmi.<\/span><\/p><p><b>Realizujeme vzdel\u00e1vacie programy <\/b><span style=\"font-weight: 400;\">pre \u0161koly a \u0161kolsk\u00e9 zariadenia v Po\u013esku a v zahrani\u010d\u00ed, pre riadite\u013eov a riadite\u013eky, u\u010dite\u013eov a u\u010dite\u013eky, ktor\u00fdm pom\u00e1hame prekro\u010di\u0165 zau\u017e\u00edvan\u00e9 vzorce vo vyu\u010dovan\u00ed a vo vz\u0165ahoch v \u0161kole. <\/span><\/p>\t\t\t\t\t\t<\/div>\n\t\t\t\t<\/div>\n\t\t\t\t\t<\/div>\n\t\t<\/div>\n\t\t\t\t<div class=\"elementor-column elementor-col-50 elementor-top-column elementor-element elementor-element-2878fc9\" data-id=\"2878fc9\" data-element_type=\"column\">\n\t\t\t<div class=\"elementor-widget-wrap elementor-element-populated\">\n\t\t\t\t\t\t<div class=\"elementor-element elementor-element-e4d8034 elementor-widget elementor-widget-image\" data-id=\"e4d8034\" data-element_type=\"widget\" data-widget_type=\"image.default\">\n\t\t\t\t<div class=\"elementor-widget-container\">\n\t\t\t\t\t\t\t\t\t\t\t\t\t<img fetchpriority=\"high\" decoding=\"async\" width=\"770\" height=\"513\" src=\"https:\/\/bia4all.eu\/sk\/wp-content\/uploads\/sites\/7\/2023\/06\/FSZK_300622_Jablonna_173_web_fotPatMic-1024x682.jpg\" class=\"attachment-large size-large wp-image-415\" alt=\"Zdj\u0119cie przedstawiaj\u0105ce zesp\u00f3\u0142 Fundacji Szko\u0142a z Klas\u0105. fot. Pat Mic\" srcset=\"https:\/\/bia4all.eu\/sk\/wp-content\/uploads\/sites\/7\/2023\/06\/FSZK_300622_Jablonna_173_web_fotPatMic-1024x682.jpg 1024w, https:\/\/bia4all.eu\/sk\/wp-content\/uploads\/sites\/7\/2023\/06\/FSZK_300622_Jablonna_173_web_fotPatMic-300x200.jpg 300w, https:\/\/bia4all.eu\/sk\/wp-content\/uploads\/sites\/7\/2023\/06\/FSZK_300622_Jablonna_173_web_fotPatMic-768x511.jpg 768w, https:\/\/bia4all.eu\/sk\/wp-content\/uploads\/sites\/7\/2023\/06\/FSZK_300622_Jablonna_173_web_fotPatMic-1170x779.jpg 1170w, https:\/\/bia4all.eu\/sk\/wp-content\/uploads\/sites\/7\/2023\/06\/FSZK_300622_Jablonna_173_web_fotPatMic.jpg 1434w\" sizes=\"(max-width: 770px) 100vw, 770px\" \/>\t\t\t\t\t\t\t\t\t\t\t\t\t<\/div>\n\t\t\t\t<\/div>\n\t\t\t\t\t<\/div>\n\t\t<\/div>\n\t\t\t\t\t<\/div>\n\t\t<\/section>\n\t\t\t\t<section class=\"elementor-section elementor-top-section elementor-element elementor-element-1f6e53a elementor-section-boxed elementor-section-height-default elementor-section-height-default\" data-id=\"1f6e53a\" data-element_type=\"section\">\n\t\t\t\t\t\t<div class=\"elementor-container elementor-column-gap-default\">\n\t\t\t\t\t<div class=\"elementor-column elementor-col-100 elementor-top-column elementor-element elementor-element-c18ad1f\" data-id=\"c18ad1f\" data-element_type=\"column\">\n\t\t\t<div class=\"elementor-widget-wrap elementor-element-populated\">\n\t\t\t\t\t\t<div class=\"elementor-element elementor-element-4372d7b elementor-widget elementor-widget-text-editor\" data-id=\"4372d7b\" data-element_type=\"widget\" data-widget_type=\"text-editor.default\">\n\t\t\t\t<div class=\"elementor-widget-container\">\n\t\t\t\t\t\t\t<p><b>Podporujeme u\u010dite\u013eov a riadite\u013eov v ich profesijnom rozvoji <\/b><span style=\"font-weight: 400;\">t\u00fdm, \u017ee vyv\u00edjame a zav\u00e1dzame inovat\u00edvne met\u00f3dy pr\u00e1ce, \u010dasto zalo\u017een\u00e9 na sk\u00fasenostiach z podnikania a osved\u010den\u00fdch postupoch z Po\u013eska a zo sveta, vr\u00e1tane dizajnov\u00e9ho myslenia, agiln\u00fdch a scrum prvkov, vzdel\u00e1vac\u00edch projektov, b\u00e1date\u013esk\u00e9ho u\u010denia (<\/span><i><span style=\"font-weight: 400;\">inquiry based learning<\/span><\/i><span style=\"font-weight: 400;\">) alebo obr\u00e1tenej hodiny (<\/span><i><span style=\"font-weight: 400;\">flipped lesson<\/span><\/i><span style=\"font-weight: 400;\">). To umo\u017e\u0148uje \u0161kol\u00e1m podporova\u0165 mlad\u00fdch \u013eud\u00ed pri realiz\u00e1cii inovat\u00edvnych projektov s cie\u013eom budova\u0165 pocit posilnenia ich postavenia. <\/span><\/p>\t\t\t\t\t\t<\/div>\n\t\t\t\t<\/div>\n\t\t\t\t\t<\/div>\n\t\t<\/div>\n\t\t\t\t\t<\/div>\n\t\t<\/section>\n\t\t\t\t<section class=\"elementor-section elementor-top-section elementor-element elementor-element-ca2fc20 elementor-section-boxed elementor-section-height-default elementor-section-height-default\" data-id=\"ca2fc20\" data-element_type=\"section\">\n\t\t\t\t\t\t<div class=\"elementor-container elementor-column-gap-default\">\n\t\t\t\t\t<div class=\"elementor-column elementor-col-50 elementor-top-column elementor-element elementor-element-a97764b\" data-id=\"a97764b\" data-element_type=\"column\">\n\t\t\t<div class=\"elementor-widget-wrap elementor-element-populated\">\n\t\t\t\t\t\t<div class=\"elementor-element elementor-element-b2cfeee elementor-widget__width-initial elementor-widget elementor-widget-image\" data-id=\"b2cfeee\" data-element_type=\"widget\" data-widget_type=\"image.default\">\n\t\t\t\t<div class=\"elementor-widget-container\">\n\t\t\t\t\t\t\t\t\t\t\t\t\t<img decoding=\"async\" width=\"512\" height=\"512\" src=\"https:\/\/bia4all.eu\/sk\/wp-content\/uploads\/sites\/7\/2023\/06\/unnamed.gif\" class=\"attachment-large size-large wp-image-509\" alt=\"Gif- machaj\u0105ca posta\u0107 As Internetu.\" \/>\t\t\t\t\t\t\t\t\t\t\t\t\t<\/div>\n\t\t\t\t<\/div>\n\t\t\t\t\t<\/div>\n\t\t<\/div>\n\t\t\t\t<div class=\"elementor-column elementor-col-50 elementor-top-column elementor-element elementor-element-5770a31\" data-id=\"5770a31\" data-element_type=\"column\">\n\t\t\t<div class=\"elementor-widget-wrap elementor-element-populated\">\n\t\t\t\t\t\t<div class=\"elementor-element elementor-element-1cfcfd6 elementor-widget elementor-widget-heading\" data-id=\"1cfcfd6\" data-element_type=\"widget\" data-widget_type=\"heading.default\">\n\t\t\t\t<div class=\"elementor-widget-container\">\n\t\t\t<h2 class=\"elementor-heading-title elementor-size-default\">Na\u0161a \u00faloha v projekte Asy Internetu (Internetov\u00e9 es\u00e1)<\/h2>\t\t<\/div>\n\t\t\t\t<\/div>\n\t\t\t\t<div class=\"elementor-element elementor-element-a908bee elementor-widget elementor-widget-text-editor\" data-id=\"a908bee\" data-element_type=\"widget\" data-widget_type=\"text-editor.default\">\n\t\t\t\t<div class=\"elementor-widget-container\">\n\t\t\t\t\t\t\t<p><span style=\"font-weight: 400;\">Nad\u00e1cia Szko\u0142a z Klas\u0105 realizuje program Be Internet Awesome (Asy Internetu) v Po\u013esku od roku 2019. Od roku 2021 podporujeme aj organiz\u00e1cie v jeden\u00e1stich krajin\u00e1ch strednej a v\u00fdchodnej Eur\u00f3py: \u010cesk\u00e1 republika, Chorv\u00e1tsko, Gr\u00e9cko, Loty\u0161sko, Litva, Ma\u010farsko, Moldavsko, Po\u013esko, Rumunsko, Slovensko a Ukrajina. Na dennej b\u00e1ze sp\u00e1jame \u00fasilie partnersk\u00fdch organiz\u00e1ci\u00ed s cie\u013eom vybudova\u0165 anga\u017eovan\u00fa komunitu mimovl\u00e1dnych organiz\u00e1ci\u00ed, tr\u00e9nerov a tr\u00e9neriek, \u017eiakov a \u017eia\u010dok, zvidite\u013eni\u0165 program a realizova\u0165 v\u00fdskum dlhodob\u00e9ho vplyvu programu so zameran\u00edm na deti s individu\u00e1lnymi vzdel\u00e1vac\u00edmi potrebami.<\/span><\/p>\t\t\t\t\t\t<\/div>\n\t\t\t\t<\/div>\n\t\t\t\t\t<\/div>\n\t\t<\/div>\n\t\t\t\t\t<\/div>\n\t\t<\/section>\n\t\t\t\t<\/div>\n\t\t","protected":false},"excerpt":{"rendered":"<p>O n\u00e1s Nad\u00e1cia Szko\u0142a z Klas\u0105 (\u0160kola s triedou) je mimovl\u00e1dna organiz\u00e1cia, ktor\u00e1 sa venuje vzdel\u00e1vaniu. Vznikla v roku 2015 na z\u00e1klade sk\u00fasenost\u00ed programu Szko\u0142a z Klas\u0105 &#8211; jedn\u00e9ho z najv\u00e4\u010d\u0161\u00edch a najzn\u00e1mej\u0161\u00edch celopo\u013esk\u00fdch programov, ktor\u00fd funguje od roku 2002. Ver\u00edme, \u017ee svet zajtraj\u0161ka z\u00e1vis\u00ed na vzdel\u00e1van\u00ed dne\u0161ka. Preto podporujeme \u0161koly, aby sa zmenili a&hellip; <a href=\"https:\/\/bia4all.eu\/sk\/o-nas\/\">Continue reading&#8230;<\/a><\/p>\n","protected":false},"author":2,"featured_media":756,"parent":0,"menu_order":0,"comment_status":"closed","ping_status":"closed","template":"templates\/elementor-tpl.php","meta":{"inline_featured_image":false,"footnotes":""},"class_list":["post-59","page","type-page","status-publish","has-post-thumbnail","hentry"],"acf":[],"yoast_head":"<!-- This site is optimized with the Yoast SEO plugin v23.0 - https:\/\/yoast.com\/wordpress\/plugins\/seo\/ -->\n<title>O n\u00e1s | Be Internet Awesome For All SK<\/title>\n<meta name=\"description\" content=\"Zistite o n\u00e1s viac. Zaviazali sme sa vytvori\u0165 spravodlivej\u0161iu a udr\u017eate\u013enej\u0161iu spolo\u010dnos\u0165 prostredn\u00edctvom podpory rodovej rovnosti a integr\u00e1cie migrantov.\" \/>\n<meta name=\"robots\" content=\"index, follow, max-snippet:-1, max-image-preview:large, max-video-preview:-1\" \/>\n<link rel=\"canonical\" href=\"https:\/\/bia4all.eu\/sk\/o-nas\/\" \/>\n<meta property=\"og:locale\" content=\"pl_PL\" \/>\n<meta property=\"og:type\" content=\"article\" \/>\n<meta property=\"og:title\" content=\"BIA4ALL - O nas\" \/>\n<meta property=\"og:description\" content=\"Zistite o n\u00e1s viac. Zaviazali sme sa vytvori\u0165 spravodlivej\u0161iu a udr\u017eate\u013enej\u0161iu spolo\u010dnos\u0165 prostredn\u00edctvom podpory rodovej rovnosti a integr\u00e1cie migrantov.\" \/>\n<meta property=\"og:url\" content=\"https:\/\/bia4all.eu\/sk\/o-nas\/\" \/>\n<meta property=\"og:site_name\" content=\"SK\" \/>\n<meta property=\"article:modified_time\" content=\"2026-02-04T14:51:49+00:00\" \/>\n<meta property=\"og:image\" content=\"https:\/\/bia4all.eu\/sk\/wp-content\/uploads\/sites\/7\/2023\/11\/Home-ENG-6.png\" \/>\n\t<meta property=\"og:image:width\" content=\"1200\" \/>\n\t<meta property=\"og:image:height\" content=\"628\" \/>\n\t<meta property=\"og:image:type\" content=\"image\/png\" \/>\n<meta name=\"twitter:card\" content=\"summary_large_image\" \/>\n<meta name=\"twitter:title\" content=\"BIA4ALL - O nas\" \/>\n<meta name=\"twitter:description\" content=\"Zistite o n\u00e1s viac. Zaviazali sme sa vytvori\u0165 spravodlivej\u0161iu a udr\u017eate\u013enej\u0161iu spolo\u010dnos\u0165 prostredn\u00edctvom podpory rodovej rovnosti a integr\u00e1cie migrantov.\" \/>\n<meta name=\"twitter:image\" content=\"https:\/\/bia4all.eu\/sk\/wp-content\/uploads\/sites\/7\/2023\/11\/Home-ENG-6.png\" \/>\n<meta name=\"twitter:label1\" content=\"Szacowany czas czytania\" \/>\n\t<meta name=\"twitter:data1\" content=\"3 minuty\" \/>\n<script type=\"application\/ld+json\" class=\"yoast-schema-graph\">{\"@context\":\"https:\/\/schema.org\",\"@graph\":[{\"@type\":\"WebPage\",\"@id\":\"https:\/\/bia4all.eu\/sk\/o-nas\/\",\"url\":\"https:\/\/bia4all.eu\/sk\/o-nas\/\",\"name\":\"O n\u00e1s - SK\",\"isPartOf\":{\"@id\":\"https:\/\/bia4all.eu\/sk\/#website\"},\"primaryImageOfPage\":{\"@id\":\"https:\/\/bia4all.eu\/sk\/o-nas\/#primaryimage\"},\"image\":{\"@id\":\"https:\/\/bia4all.eu\/sk\/o-nas\/#primaryimage\"},\"thumbnailUrl\":\"https:\/\/bia4all.eu\/sk\/wp-content\/uploads\/sites\/7\/2023\/11\/Home-eng-small-7.png\",\"datePublished\":\"2023-05-24T07:43:19+00:00\",\"dateModified\":\"2026-02-04T14:51:49+00:00\",\"description\":\"Zistite o n\u00e1s viac. Zaviazali sme sa vytvori\u0165 spravodlivej\u0161iu a udr\u017eate\u013enej\u0161iu spolo\u010dnos\u0165 prostredn\u00edctvom podpory rodovej rovnosti a integr\u00e1cie migrantov.\",\"breadcrumb\":{\"@id\":\"https:\/\/bia4all.eu\/sk\/o-nas\/#breadcrumb\"},\"inLanguage\":\"pl-PL\",\"potentialAction\":[{\"@type\":\"ReadAction\",\"target\":[\"https:\/\/bia4all.eu\/sk\/o-nas\/\"]}]},{\"@type\":\"ImageObject\",\"inLanguage\":\"pl-PL\",\"@id\":\"https:\/\/bia4all.eu\/sk\/o-nas\/#primaryimage\",\"url\":\"https:\/\/bia4all.eu\/sk\/wp-content\/uploads\/sites\/7\/2023\/11\/Home-eng-small-7.png\",\"contentUrl\":\"https:\/\/bia4all.eu\/sk\/wp-content\/uploads\/sites\/7\/2023\/11\/Home-eng-small-7.png\",\"width\":600,\"height\":600,\"caption\":\"BIA4ALL - O nas\"},{\"@type\":\"BreadcrumbList\",\"@id\":\"https:\/\/bia4all.eu\/sk\/o-nas\/#breadcrumb\",\"itemListElement\":[{\"@type\":\"ListItem\",\"position\":1,\"name\":\"Strona g\u0142\u00f3wna\",\"item\":\"https:\/\/bia4all.eu\/sk\/\"},{\"@type\":\"ListItem\",\"position\":2,\"name\":\"O n\u00e1s\"}]},{\"@type\":\"WebSite\",\"@id\":\"https:\/\/bia4all.eu\/sk\/#website\",\"url\":\"https:\/\/bia4all.eu\/sk\/\",\"name\":\"SK\",\"description\":\"Be Internet Awesome For All SK\",\"potentialAction\":[{\"@type\":\"SearchAction\",\"target\":{\"@type\":\"EntryPoint\",\"urlTemplate\":\"https:\/\/bia4all.eu\/sk\/?s={search_term_string}\"},\"query-input\":\"required name=search_term_string\"}],\"inLanguage\":\"pl-PL\"}]}<\/script>\n<!-- \/ Yoast SEO plugin. -->","yoast_head_json":{"title":"O n\u00e1s | Be Internet Awesome For All SK","description":"Zistite o n\u00e1s viac. Zaviazali sme sa vytvori\u0165 spravodlivej\u0161iu a udr\u017eate\u013enej\u0161iu spolo\u010dnos\u0165 prostredn\u00edctvom podpory rodovej rovnosti a integr\u00e1cie migrantov.","robots":{"index":"index","follow":"follow","max-snippet":"max-snippet:-1","max-image-preview":"max-image-preview:large","max-video-preview":"max-video-preview:-1"},"canonical":"https:\/\/bia4all.eu\/sk\/o-nas\/","og_locale":"pl_PL","og_type":"article","og_title":"BIA4ALL - O nas","og_description":"Zistite o n\u00e1s viac. Zaviazali sme sa vytvori\u0165 spravodlivej\u0161iu a udr\u017eate\u013enej\u0161iu spolo\u010dnos\u0165 prostredn\u00edctvom podpory rodovej rovnosti a integr\u00e1cie migrantov.","og_url":"https:\/\/bia4all.eu\/sk\/o-nas\/","og_site_name":"SK","article_modified_time":"2026-02-04T14:51:49+00:00","og_image":[{"width":1200,"height":628,"url":"https:\/\/bia4all.eu\/sk\/wp-content\/uploads\/sites\/7\/2023\/11\/Home-ENG-6.png","type":"image\/png"}],"twitter_card":"summary_large_image","twitter_title":"BIA4ALL - O nas","twitter_description":"Zistite o n\u00e1s viac. Zaviazali sme sa vytvori\u0165 spravodlivej\u0161iu a udr\u017eate\u013enej\u0161iu spolo\u010dnos\u0165 prostredn\u00edctvom podpory rodovej rovnosti a integr\u00e1cie migrantov.","twitter_image":"https:\/\/bia4all.eu\/sk\/wp-content\/uploads\/sites\/7\/2023\/11\/Home-ENG-6.png","twitter_misc":{"Szacowany czas czytania":"3 minuty"},"schema":{"@context":"https:\/\/schema.org","@graph":[{"@type":"WebPage","@id":"https:\/\/bia4all.eu\/sk\/o-nas\/","url":"https:\/\/bia4all.eu\/sk\/o-nas\/","name":"O n\u00e1s - SK","isPartOf":{"@id":"https:\/\/bia4all.eu\/sk\/#website"},"primaryImageOfPage":{"@id":"https:\/\/bia4all.eu\/sk\/o-nas\/#primaryimage"},"image":{"@id":"https:\/\/bia4all.eu\/sk\/o-nas\/#primaryimage"},"thumbnailUrl":"https:\/\/bia4all.eu\/sk\/wp-content\/uploads\/sites\/7\/2023\/11\/Home-eng-small-7.png","datePublished":"2023-05-24T07:43:19+00:00","dateModified":"2026-02-04T14:51:49+00:00","description":"Zistite o n\u00e1s viac. Zaviazali sme sa vytvori\u0165 spravodlivej\u0161iu a udr\u017eate\u013enej\u0161iu spolo\u010dnos\u0165 prostredn\u00edctvom podpory rodovej rovnosti a integr\u00e1cie migrantov.","breadcrumb":{"@id":"https:\/\/bia4all.eu\/sk\/o-nas\/#breadcrumb"},"inLanguage":"pl-PL","potentialAction":[{"@type":"ReadAction","target":["https:\/\/bia4all.eu\/sk\/o-nas\/"]}]},{"@type":"ImageObject","inLanguage":"pl-PL","@id":"https:\/\/bia4all.eu\/sk\/o-nas\/#primaryimage","url":"https:\/\/bia4all.eu\/sk\/wp-content\/uploads\/sites\/7\/2023\/11\/Home-eng-small-7.png","contentUrl":"https:\/\/bia4all.eu\/sk\/wp-content\/uploads\/sites\/7\/2023\/11\/Home-eng-small-7.png","width":600,"height":600,"caption":"BIA4ALL - O nas"},{"@type":"BreadcrumbList","@id":"https:\/\/bia4all.eu\/sk\/o-nas\/#breadcrumb","itemListElement":[{"@type":"ListItem","position":1,"name":"Strona g\u0142\u00f3wna","item":"https:\/\/bia4all.eu\/sk\/"},{"@type":"ListItem","position":2,"name":"O n\u00e1s"}]},{"@type":"WebSite","@id":"https:\/\/bia4all.eu\/sk\/#website","url":"https:\/\/bia4all.eu\/sk\/","name":"SK","description":"Be Internet Awesome For All SK","potentialAction":[{"@type":"SearchAction","target":{"@type":"EntryPoint","urlTemplate":"https:\/\/bia4all.eu\/sk\/?s={search_term_string}"},"query-input":"required name=search_term_string"}],"inLanguage":"pl-PL"}]}},"_links":{"self":[{"href":"https:\/\/bia4all.eu\/sk\/wp-json\/wp\/v2\/pages\/59"}],"collection":[{"href":"https:\/\/bia4all.eu\/sk\/wp-json\/wp\/v2\/pages"}],"about":[{"href":"https:\/\/bia4all.eu\/sk\/wp-json\/wp\/v2\/types\/page"}],"author":[{"embeddable":true,"href":"https:\/\/bia4all.eu\/sk\/wp-json\/wp\/v2\/users\/2"}],"replies":[{"embeddable":true,"href":"https:\/\/bia4all.eu\/sk\/wp-json\/wp\/v2\/comments?post=59"}],"version-history":[{"count":58,"href":"https:\/\/bia4all.eu\/sk\/wp-json\/wp\/v2\/pages\/59\/revisions"}],"predecessor-version":[{"id":796,"href":"https:\/\/bia4all.eu\/sk\/wp-json\/wp\/v2\/pages\/59\/revisions\/796"}],"wp:featuredmedia":[{"embeddable":true,"href":"https:\/\/bia4all.eu\/sk\/wp-json\/wp\/v2\/media\/756"}],"wp:attachment":[{"href":"https:\/\/bia4all.eu\/sk\/wp-json\/wp\/v2\/media?parent=59"}],"curies":[{"name":"wp","href":"https:\/\/api.w.org\/{rel}","templated":true}]}}